{"id":2128,"date":"2017-12-17T06:31:19","date_gmt":"2017-12-17T06:31:19","guid":{"rendered":"https:\/\/www.pinkpetals.cz\/domoj\/"},"modified":"2020-10-13T21:41:04","modified_gmt":"2020-10-13T21:41:04","slug":"domoj","status":"publish","type":"page","link":"https:\/\/pinkpetals.cz\/ru\/","title":{"rendered":"\u0414\u043e\u043c\u043e\u0439"},"content":{"rendered":"<p><img decoding=\"async\" src=\"https:\/\/www.pinkpetals.cz\/wp-content\/uploads\/elementor\/thumbs\/pink-petals-shop-logo-nyto3n2zw6nzeobp5h1qa4xzajhn8wjww005kjcjcw.png\" title=\"pink-petals-shop-logo\" alt=\"pink-petals-shop-logo\" \/>\t\t\t\t\t\t\t\t\t\t\t<\/p>\n<h1>\u0414\u043e\u0441\u0442\u0430\u0432\u043a\u0430<br \/>\u0446\u0432\u0435\u0442\u043e\u0432<br \/>\u0432 \u041f\u0440\u0430\u0433\u0435<\/h1>\n<h4>\u043b\u044e\u0431\u043e\u0439 \u0431\u0443\u043a\u0435\u0442,<br \/> \u043f\u043e \u043b\u044e\u0431\u043e\u043c\u0443 \u0430\u0434\u0440\u0435\u0441\u0443<\/h4>\n<p>\t\t\t<a href=\"https:\/\/www.pinkpetals.cz\/ru\/magazin\/\" role=\"button\"><br \/>\n\t\t\t\t\t\t\u0412\u044b\u0431\u0440\u0430\u0442\u044c \u0446\u0432\u0435\u0442\u044b<br \/>\n\t\t\t\t\t<\/a><br \/>\n\t\t\t<a href=\"https:\/\/www.pinkpetals.cz\/ru\/kontakt\/\" target=\"_blank\" role=\"button\" rel=\"noopener noreferrer\"><br \/>\n\t\t\t\t\t\t\u041e \u043d\u0430\u0441<br \/>\n\t\t\t\t\t<\/a><\/p>\n<h2>\u041d\u0430\u0448\u0438 \u043f\u0440\u043e\u0434\u0443\u043a\u0442\u044b<\/h2>\n<h2>\u0410\u0432\u0442\u043e\u0440\u0441\u043a\u0438\u0435 \u0431\u0443\u043a\u0435\u0442\u044b<\/h2>\n<p>\t\t\t<a href=\"https:\/\/www.pinkpetals.cz\/ru\/product-category\/avtorskie-bukety\/\" role=\"button\"><br \/>\n\t\t\t\t\t\t\u041a\u0443\u043f\u0438\u0442\u044c<br \/>\n\t\t\t\t\t<\/a><\/p>\n<h2>\u0426\u0432\u0435\u0442\u044b \u0432 \u043a\u043e\u0440\u043e\u0431\u043a\u0430\u0445<\/h2>\n<p>\t\t\t<a href=\"https:\/\/www.pinkpetals.cz\/ru\/product-category\/cvety-v-shlyapnyh-korobkah\/\" role=\"button\"><br \/>\n\t\t\t\t\t\t\u041a\u0443\u043f\u0438\u0442\u044c<br \/>\n\t\t\t\t\t<\/a><\/p>\n<h2>\u0418\u0437 \u043e\u0434\u043d\u043e\u0433\u043e \u0432\u0438\u0434\u0430<\/h2>\n<p>\t\t\t<a href=\"https:\/\/www.pinkpetals.cz\/ru\/product-category\/odin-vid-cvetov\/\" role=\"button\"><br \/>\n\t\t\t\t\t\t\u041a\u0443\u043f\u0438\u0442\u044c<br \/>\n\t\t\t\t\t<\/a><\/p>\n<h2>\u0426\u0432\u0435\u0442\u043e\u0447\u043d\u044b\u0435 \u043a\u043e\u0440\u0437\u0438\u043d\u044b<\/h2>\n<p>\t\t\t<a href=\"https:\/\/www.pinkpetals.cz\/ru\/product-category\/cvetochnye-korziny\/\" role=\"button\"><br \/>\n\t\t\t\t\t\t\u041a\u0443\u043f\u0438\u0442\u044c<br \/>\n\t\t\t\t\t<\/a><\/p>\n<h2>\u041a\u043e\u043d\u0442\u0430\u043a\u0442\u044b<\/h2>\n<p>Pink Petals<\/p>\n<p><a href=\"tel:+420776770350\"><strong>+420776770350<\/strong>\u00a0<\/a> (\u0442\u0430\u043a\u0436\u0435 <strong><a href=\"https:\/\/wa.me\/420776770350\">WhatsApp<\/a><\/strong>)<\/p>\n<p><strong><a href=\"mailto:flowers@pinkpetals.cz\">flowers@pinkpetals.cz<\/a><\/strong><\/p>\n<p>Makedonsk\u00e1 599\/3, St\u0159\u00ed\u017ekov, 190 00 \u041f\u0440\u0430\u0433\u0430 9, \u0427\u0435\u0448\u0441\u043a\u0430\u044f \u0420\u0435\u0441\u043f\u0443\u0431\u043b\u0438\u043a\u0430<\/p>\n<p><strong><a href=\"https:\/\/www.pinkpetals.cz\/ru\/usloviya-obsluzhivaniya\/\">\u0423\u0441\u043b\u043e\u0432\u0438\u044f \u043e\u0431\u0441\u043b\u0443\u0436\u0438\u0432\u0430\u043d\u0438\u044f<\/a><\/strong><\/p>\n<p><strong><a href=\"\/?page_id=50174\">\u0417\u0430\u0449\u0438\u0442\u0430 \u043f\u0435\u0440\u0441\u043e\u043d\u0430\u043b\u044c\u043d\u044b\u0445 \u0434\u0430\u043d\u043d\u044b\u0445<\/a><\/strong><\/p>\n<p>\u041c\u044b \u0438\u0441\u043f\u043e\u043b\u044c\u0437\u0443\u0435\u043c \u0444\u0430\u0439\u043b\u044b \u00abcookies\u00bb \u0438 \u043f\u043e\u0445\u043e\u0436\u0438\u0435 \u0442\u0435\u0445\u043d\u043e\u043b\u043e\u0433\u0438\u0438 \u043d\u0430 \u043d\u0430\u0448\u0435\u043c \u0432\u0435\u0431-\u0441\u0430\u0439\u0442\u0435, \u0447\u0442\u043e\u0431\u044b \u0443\u043b\u0443\u0447\u0448\u0438\u0442\u044c \u0440\u0430\u0431\u043e\u0442\u0443 \u0438 \u043f\u043e\u0432\u044b\u0441\u0438\u0442\u044c \u044d\u0444\u0444\u0435\u043a\u0442\u0438\u0432\u043d\u043e\u0441\u0442\u044c \u0441\u0430\u0439\u0442\u0430. \u041f\u0440\u043e\u0434\u043e\u043b\u0436\u0430\u044f \u0438\u0441\u043f\u043e\u043b\u044c\u0437\u043e\u0432\u0430\u0442\u044c \u044d\u0442\u043e\u0442 \u0441\u0430\u0439\u0442, \u0412\u044b \u0441\u043e\u0433\u043b\u0430\u0448\u0430\u0435\u0442\u0435\u0441\u044c \u0441 \u0440\u0430\u0437\u043c\u0435\u0449\u0435\u043d\u0438\u0435\u043c cookie-\u0444\u0430\u0439\u043b\u043e\u0432 \u043d\u0430 \u0412\u0430\u0448\u0435\u043c \u043a\u043e\u043c\u043f\u044c\u044e\u0442\u0435\u0440\u0435.<\/p>\n","protected":false},"excerpt":{"rendered":"<p>\u0414\u043e\u0441\u0442\u0430\u0432\u043a\u0430\u0446\u0432\u0435\u0442\u043e\u0432\u0432 \u041f\u0440\u0430\u0433\u0435 \u043b\u044e\u0431\u043e\u0439 \u0431\u0443\u043a\u0435\u0442, \u043f\u043e \u043b\u044e\u0431\u043e\u043c\u0443 \u0430\u0434\u0440\u0435\u0441\u0443 \u0412\u044b\u0431\u0440\u0430\u0442\u044c \u0446\u0432\u0435\u0442\u044b \u041e \u043d\u0430\u0441 \u041d\u0430\u0448\u0438 \u043f\u0440\u043e\u0434\u0443\u043a\u0442\u044b \u0410\u0432\u0442\u043e\u0440\u0441\u043a\u0438\u0435 \u0431\u0443\u043a\u0435\u0442\u044b \u041a\u0443\u043f\u0438\u0442\u044c \u0426\u0432\u0435\u0442\u044b \u0432 \u043a\u043e\u0440\u043e\u0431\u043a\u0430\u0445 \u041a\u0443\u043f\u0438\u0442\u044c \u0418\u0437 \u043e\u0434\u043d\u043e\u0433\u043e \u0432\u0438\u0434\u0430 \u041a\u0443\u043f\u0438\u0442\u044c \u0426\u0432\u0435\u0442\u043e\u0447\u043d\u044b\u0435 \u043a\u043e\u0440\u0437\u0438\u043d\u044b \u041a\u0443\u043f\u0438\u0442\u044c \u041a\u043e\u043d\u0442\u0430\u043a\u0442\u044b Pink Petals +420776770350\u00a0 (\u0442\u0430\u043a\u0436\u0435 WhatsApp) flowers@pinkpetals.cz Makedonsk\u00e1 599\/3, St\u0159\u00ed\u017ekov, 190 00 \u041f\u0440\u0430\u0433\u0430 9, \u0427\u0435\u0448\u0441\u043a\u0430\u044f \u0420\u0435\u0441\u043f\u0443\u0431\u043b\u0438\u043a\u0430 \u0423\u0441\u043b\u043e\u0432\u0438\u044f \u043e\u0431\u0441\u043b\u0443\u0436\u0438\u0432\u0430\u043d\u0438\u044f \u0417\u0430\u0449\u0438\u0442\u0430 \u043f\u0435\u0440\u0441\u043e\u043d\u0430\u043b\u044c\u043d\u044b\u0445 \u0434\u0430\u043d\u043d\u044b\u0445 \u041c\u044b \u0438\u0441\u043f\u043e\u043b\u044c\u0437\u0443\u0435\u043c \u0444\u0430\u0439\u043b\u044b \u00abcookies\u00bb \u0438 \u043f\u043e\u0445\u043e\u0436\u0438\u0435 \u0442\u0435\u0445\u043d\u043e\u043b\u043e\u0433\u0438\u0438 [&hellip;]<\/p>\n","protected":false},"author":1,"featured_media":0,"parent":0,"menu_order":0,"comment_status":"closed","ping_status":"closed","template":"","meta":{"footnotes":""},"class_list":["post-2128","page","type-page","status-publish","hentry"],"yoast_head":"<!-- This site is optimized with the Yoast SEO plugin v25.2 - https:\/\/yoast.com\/wordpress\/plugins\/seo\/ -->\n<title>Pink Petals - Flower delivery in Prague, Czech Republic<\/title>\n<meta name=\"description\" content=\"\u0414\u043e\u0441\u0442\u0430\u0432\u043a\u0430 \u0446\u0432\u0435\u0442\u043e\u0432 \u0432 \u041f\u0440\u0430\u0433\u0435. \u0410\u0432\u0442\u043e\u0440\u0441\u043a\u0438\u0435 \u0431\u0443\u043a\u0435\u0442\u044b, \u0431\u0443\u043a\u0435\u0442\u044b \u0438\u0437 \u043e\u0434\u043d\u043e\u0433\u043e \u0432\u0438\u0434\u0430 \u0446\u0432\u0435\u0442\u043e\u0432, \u0446\u0432\u0435\u0442\u044b \u0432 \u0448\u043b\u044f\u043f\u043d\u044b\u0445 \u043a\u043e\u0440\u043e\u0431\u043a\u0430\u0445 \u0438 \u043a\u043e\u0440\u0437\u0438\u043d\u0430\u0445.\" \/>\n<meta name=\"robots\" content=\"index, follow, max-snippet:-1, max-image-preview:large, max-video-preview:-1\" \/>\n<link rel=\"canonical\" href=\"https:\/\/pinkpetals.cz\/ru\/\" \/>\n<meta property=\"og:locale\" content=\"ru_RU\" \/>\n<meta property=\"og:type\" content=\"article\" \/>\n<meta property=\"og:title\" content=\"Pink Petals - Flower delivery in Prague, Czech Republic\" \/>\n<meta property=\"og:description\" content=\"\u0414\u043e\u0441\u0442\u0430\u0432\u043a\u0430 \u0446\u0432\u0435\u0442\u043e\u0432 \u0432 \u041f\u0440\u0430\u0433\u0435. \u0410\u0432\u0442\u043e\u0440\u0441\u043a\u0438\u0435 \u0431\u0443\u043a\u0435\u0442\u044b, \u0431\u0443\u043a\u0435\u0442\u044b \u0438\u0437 \u043e\u0434\u043d\u043e\u0433\u043e \u0432\u0438\u0434\u0430 \u0446\u0432\u0435\u0442\u043e\u0432, \u0446\u0432\u0435\u0442\u044b \u0432 \u0448\u043b\u044f\u043f\u043d\u044b\u0445 \u043a\u043e\u0440\u043e\u0431\u043a\u0430\u0445 \u0438 \u043a\u043e\u0440\u0437\u0438\u043d\u0430\u0445.\" \/>\n<meta property=\"og:url\" content=\"https:\/\/pinkpetals.cz\/ru\/\" \/>\n<meta property=\"og:site_name\" content=\"Pink Petals\" \/>\n<meta property=\"article:modified_time\" content=\"2020-10-13T21:41:04+00:00\" \/>\n<meta property=\"og:image\" content=\"https:\/\/www.pinkpetals.cz\/wp-content\/uploads\/elementor\/thumbs\/pink-petals-shop-logo-nyto3n2zw6nzeobp5h1qa4xzajhn8wjww005kjcjcw.png\" \/>\n<meta name=\"twitter:card\" content=\"summary_large_image\" \/>\n<script type=\"application\/ld+json\" class=\"yoast-schema-graph\">{\"@context\":\"https:\/\/schema.org\",\"@graph\":[{\"@type\":\"WebPage\",\"@id\":\"https:\/\/pinkpetals.cz\/ru\/\",\"url\":\"https:\/\/pinkpetals.cz\/ru\/\",\"name\":\"Pink Petals - Flower delivery in Prague, Czech Republic\",\"isPartOf\":{\"@id\":\"https:\/\/pinkpetals.cz\/#website\"},\"primaryImageOfPage\":{\"@id\":\"https:\/\/pinkpetals.cz\/ru\/#primaryimage\"},\"image\":{\"@id\":\"https:\/\/pinkpetals.cz\/ru\/#primaryimage\"},\"thumbnailUrl\":\"https:\/\/www.pinkpetals.cz\/wp-content\/uploads\/elementor\/thumbs\/pink-petals-shop-logo-nyto3n2zw6nzeobp5h1qa4xzajhn8wjww005kjcjcw.png\",\"datePublished\":\"2017-12-17T06:31:19+00:00\",\"dateModified\":\"2020-10-13T21:41:04+00:00\",\"description\":\"\u0414\u043e\u0441\u0442\u0430\u0432\u043a\u0430 \u0446\u0432\u0435\u0442\u043e\u0432 \u0432 \u041f\u0440\u0430\u0433\u0435. \u0410\u0432\u0442\u043e\u0440\u0441\u043a\u0438\u0435 \u0431\u0443\u043a\u0435\u0442\u044b, \u0431\u0443\u043a\u0435\u0442\u044b \u0438\u0437 \u043e\u0434\u043d\u043e\u0433\u043e \u0432\u0438\u0434\u0430 \u0446\u0432\u0435\u0442\u043e\u0432, \u0446\u0432\u0435\u0442\u044b \u0432 \u0448\u043b\u044f\u043f\u043d\u044b\u0445 \u043a\u043e\u0440\u043e\u0431\u043a\u0430\u0445 \u0438 \u043a\u043e\u0440\u0437\u0438\u043d\u0430\u0445.\",\"breadcrumb\":{\"@id\":\"https:\/\/pinkpetals.cz\/ru\/#breadcrumb\"},\"inLanguage\":\"ru-RU\",\"potentialAction\":[{\"@type\":\"ReadAction\",\"target\":[\"https:\/\/pinkpetals.cz\/ru\/\"]}]},{\"@type\":\"ImageObject\",\"inLanguage\":\"ru-RU\",\"@id\":\"https:\/\/pinkpetals.cz\/ru\/#primaryimage\",\"url\":\"https:\/\/www.pinkpetals.cz\/wp-content\/uploads\/elementor\/thumbs\/pink-petals-shop-logo-nyto3n2zw6nzeobp5h1qa4xzajhn8wjww005kjcjcw.png\",\"contentUrl\":\"https:\/\/www.pinkpetals.cz\/wp-content\/uploads\/elementor\/thumbs\/pink-petals-shop-logo-nyto3n2zw6nzeobp5h1qa4xzajhn8wjww005kjcjcw.png\"},{\"@type\":\"BreadcrumbList\",\"@id\":\"https:\/\/pinkpetals.cz\/ru\/#breadcrumb\",\"itemListElement\":[{\"@type\":\"ListItem\",\"position\":1,\"name\":\"Home\",\"item\":\"https:\/\/pinkpetals.cz\/ru\/\"},{\"@type\":\"ListItem\",\"position\":2,\"name\":\"\u0414\u043e\u043c\u043e\u0439\"}]},{\"@type\":\"WebSite\",\"@id\":\"https:\/\/pinkpetals.cz\/#website\",\"url\":\"https:\/\/pinkpetals.cz\/\",\"name\":\"Pink Petals\",\"description\":\"Flower delivery in Prague, Czech Republic\",\"potentialAction\":[{\"@type\":\"SearchAction\",\"target\":{\"@type\":\"EntryPoint\",\"urlTemplate\":\"https:\/\/pinkpetals.cz\/?s={search_term_string}\"},\"query-input\":{\"@type\":\"PropertyValueSpecification\",\"valueRequired\":true,\"valueName\":\"search_term_string\"}}],\"inLanguage\":\"ru-RU\"}]}<\/script>\n<!-- \/ Yoast SEO plugin. -->","yoast_head_json":{"title":"Pink Petals - Flower delivery in Prague, Czech Republic","description":"\u0414\u043e\u0441\u0442\u0430\u0432\u043a\u0430 \u0446\u0432\u0435\u0442\u043e\u0432 \u0432 \u041f\u0440\u0430\u0433\u0435. \u0410\u0432\u0442\u043e\u0440\u0441\u043a\u0438\u0435 \u0431\u0443\u043a\u0435\u0442\u044b, \u0431\u0443\u043a\u0435\u0442\u044b \u0438\u0437 \u043e\u0434\u043d\u043e\u0433\u043e \u0432\u0438\u0434\u0430 \u0446\u0432\u0435\u0442\u043e\u0432, \u0446\u0432\u0435\u0442\u044b \u0432 \u0448\u043b\u044f\u043f\u043d\u044b\u0445 \u043a\u043e\u0440\u043e\u0431\u043a\u0430\u0445 \u0438 \u043a\u043e\u0440\u0437\u0438\u043d\u0430\u0445.","robots":{"index":"index","follow":"follow","max-snippet":"max-snippet:-1","max-image-preview":"max-image-preview:large","max-video-preview":"max-video-preview:-1"},"canonical":"https:\/\/pinkpetals.cz\/ru\/","og_locale":"ru_RU","og_type":"article","og_title":"Pink Petals - Flower delivery in Prague, Czech Republic","og_description":"\u0414\u043e\u0441\u0442\u0430\u0432\u043a\u0430 \u0446\u0432\u0435\u0442\u043e\u0432 \u0432 \u041f\u0440\u0430\u0433\u0435. \u0410\u0432\u0442\u043e\u0440\u0441\u043a\u0438\u0435 \u0431\u0443\u043a\u0435\u0442\u044b, \u0431\u0443\u043a\u0435\u0442\u044b \u0438\u0437 \u043e\u0434\u043d\u043e\u0433\u043e \u0432\u0438\u0434\u0430 \u0446\u0432\u0435\u0442\u043e\u0432, \u0446\u0432\u0435\u0442\u044b \u0432 \u0448\u043b\u044f\u043f\u043d\u044b\u0445 \u043a\u043e\u0440\u043e\u0431\u043a\u0430\u0445 \u0438 \u043a\u043e\u0440\u0437\u0438\u043d\u0430\u0445.","og_url":"https:\/\/pinkpetals.cz\/ru\/","og_site_name":"Pink Petals","article_modified_time":"2020-10-13T21:41:04+00:00","og_image":[{"url":"https:\/\/www.pinkpetals.cz\/wp-content\/uploads\/elementor\/thumbs\/pink-petals-shop-logo-nyto3n2zw6nzeobp5h1qa4xzajhn8wjww005kjcjcw.png","type":"","width":"","height":""}],"twitter_card":"summary_large_image","schema":{"@context":"https:\/\/schema.org","@graph":[{"@type":"WebPage","@id":"https:\/\/pinkpetals.cz\/ru\/","url":"https:\/\/pinkpetals.cz\/ru\/","name":"Pink Petals - Flower delivery in Prague, Czech Republic","isPartOf":{"@id":"https:\/\/pinkpetals.cz\/#website"},"primaryImageOfPage":{"@id":"https:\/\/pinkpetals.cz\/ru\/#primaryimage"},"image":{"@id":"https:\/\/pinkpetals.cz\/ru\/#primaryimage"},"thumbnailUrl":"https:\/\/www.pinkpetals.cz\/wp-content\/uploads\/elementor\/thumbs\/pink-petals-shop-logo-nyto3n2zw6nzeobp5h1qa4xzajhn8wjww005kjcjcw.png","datePublished":"2017-12-17T06:31:19+00:00","dateModified":"2020-10-13T21:41:04+00:00","description":"\u0414\u043e\u0441\u0442\u0430\u0432\u043a\u0430 \u0446\u0432\u0435\u0442\u043e\u0432 \u0432 \u041f\u0440\u0430\u0433\u0435. \u0410\u0432\u0442\u043e\u0440\u0441\u043a\u0438\u0435 \u0431\u0443\u043a\u0435\u0442\u044b, \u0431\u0443\u043a\u0435\u0442\u044b \u0438\u0437 \u043e\u0434\u043d\u043e\u0433\u043e \u0432\u0438\u0434\u0430 \u0446\u0432\u0435\u0442\u043e\u0432, \u0446\u0432\u0435\u0442\u044b \u0432 \u0448\u043b\u044f\u043f\u043d\u044b\u0445 \u043a\u043e\u0440\u043e\u0431\u043a\u0430\u0445 \u0438 \u043a\u043e\u0440\u0437\u0438\u043d\u0430\u0445.","breadcrumb":{"@id":"https:\/\/pinkpetals.cz\/ru\/#breadcrumb"},"inLanguage":"ru-RU","potentialAction":[{"@type":"ReadAction","target":["https:\/\/pinkpetals.cz\/ru\/"]}]},{"@type":"ImageObject","inLanguage":"ru-RU","@id":"https:\/\/pinkpetals.cz\/ru\/#primaryimage","url":"https:\/\/www.pinkpetals.cz\/wp-content\/uploads\/elementor\/thumbs\/pink-petals-shop-logo-nyto3n2zw6nzeobp5h1qa4xzajhn8wjww005kjcjcw.png","contentUrl":"https:\/\/www.pinkpetals.cz\/wp-content\/uploads\/elementor\/thumbs\/pink-petals-shop-logo-nyto3n2zw6nzeobp5h1qa4xzajhn8wjww005kjcjcw.png"},{"@type":"BreadcrumbList","@id":"https:\/\/pinkpetals.cz\/ru\/#breadcrumb","itemListElement":[{"@type":"ListItem","position":1,"name":"Home","item":"https:\/\/pinkpetals.cz\/ru\/"},{"@type":"ListItem","position":2,"name":"\u0414\u043e\u043c\u043e\u0439"}]},{"@type":"WebSite","@id":"https:\/\/pinkpetals.cz\/#website","url":"https:\/\/pinkpetals.cz\/","name":"Pink Petals","description":"Flower delivery in Prague, Czech Republic","potentialAction":[{"@type":"SearchAction","target":{"@type":"EntryPoint","urlTemplate":"https:\/\/pinkpetals.cz\/?s={search_term_string}"},"query-input":{"@type":"PropertyValueSpecification","valueRequired":true,"valueName":"search_term_string"}}],"inLanguage":"ru-RU"}]}},"_links":{"self":[{"href":"https:\/\/pinkpetals.cz\/ru\/wp-json\/wp\/v2\/pages\/2128","targetHints":{"allow":["GET"]}}],"collection":[{"href":"https:\/\/pinkpetals.cz\/ru\/wp-json\/wp\/v2\/pages"}],"about":[{"href":"https:\/\/pinkpetals.cz\/ru\/wp-json\/wp\/v2\/types\/page"}],"author":[{"embeddable":true,"href":"https:\/\/pinkpetals.cz\/ru\/wp-json\/wp\/v2\/users\/1"}],"replies":[{"embeddable":true,"href":"https:\/\/pinkpetals.cz\/ru\/wp-json\/wp\/v2\/comments?post=2128"}],"version-history":[{"count":0,"href":"https:\/\/pinkpetals.cz\/ru\/wp-json\/wp\/v2\/pages\/2128\/revisions"}],"wp:attachment":[{"href":"https:\/\/pinkpetals.cz\/ru\/wp-json\/wp\/v2\/media?parent=2128"}],"curies":[{"name":"wp","href":"https:\/\/api.w.org\/{rel}","templated":true}]}}