{"id":7784,"date":"2020-10-20T21:23:22","date_gmt":"2020-10-20T21:23:22","guid":{"rendered":"https:\/\/www.pinkpetals.cz\/product\/darkova-kytice-ella\/"},"modified":"2020-10-20T21:23:22","modified_gmt":"2020-10-20T21:23:22","slug":"darkova-kytice-ella","status":"publish","type":"product","link":"https:\/\/pinkpetals.cz\/cs\/produkt\/darkova-kytice-ella\/","title":{"rendered":"D\u00e1rkov\u00e1 kytice Ella"},"content":{"rendered":"<p>V\u00e1zan\u00e1 kytice s gerberami, oby\u010dejn\u00fdmi a trsov\u00fdmi r\u016f\u017eemi, santinami, eustomami, alstroemeriemi a hled\u00edky. Rozvoz kv\u011btin v Praze.<\/p>\n","protected":false},"excerpt":{"rendered":"<p>V\u00e1zan\u00e1 kytice s gerberami, oby\u010dejn\u00fdmi a trsov\u00fdmi r\u016f\u017eemi, santinami, eustomami, alstroemeriemi a hled\u00edky. Rozvoz kv\u011btin v Praze.<\/p>\n","protected":false},"featured_media":7776,"template":"","meta":[],"product_brand":[],"product_cat":[94],"product_tag":[],"class_list":{"0":"post-7784","1":"product","2":"type-product","3":"status-publish","4":"has-post-thumbnail","6":"product_cat-darkove-kytice","8":"first","9":"instock","10":"shipping-taxable","11":"purchasable","12":"product-type-simple"},"yoast_head":"<!-- This site is optimized with the Yoast SEO plugin v25.2 - https:\/\/yoast.com\/wordpress\/plugins\/seo\/ -->\n<title>D\u00e1rkov\u00e1 kytice Ella - Pink Petals<\/title>\n<meta name=\"description\" content=\"V\u00e1zan\u00e1 kytice s gerberami, oby\u010dejn\u00fdmi a trsov\u00fdmi r\u016f\u017eemi, santinami, eustomami, alstroemeriemi a hled\u00edky. Rozvoz kv\u011btin v Praze.\" \/>\n<meta name=\"robots\" content=\"index, follow, max-snippet:-1, max-image-preview:large, max-video-preview:-1\" \/>\n<link rel=\"canonical\" href=\"https:\/\/pinkpetals.cz\/produkt\/hand-tied-bouquet-ella\/\" \/>\n<meta property=\"og:locale\" content=\"cs_CZ\" \/>\n<meta property=\"og:type\" content=\"article\" \/>\n<meta property=\"og:title\" content=\"D\u00e1rkov\u00e1 kytice Ella - Pink Petals\" \/>\n<meta property=\"og:description\" content=\"V\u00e1zan\u00e1 kytice s gerberami, oby\u010dejn\u00fdmi a trsov\u00fdmi r\u016f\u017eemi, santinami, eustomami, alstroemeriemi a hled\u00edky. Rozvoz kv\u011btin v Praze.\" \/>\n<meta property=\"og:url\" content=\"https:\/\/pinkpetals.cz\/produkt\/hand-tied-bouquet-ella\/\" \/>\n<meta property=\"og:site_name\" content=\"Pink Petals\" \/>\n<meta property=\"og:image\" content=\"https:\/\/pinkpetals.cz\/wp-content\/uploads\/2020\/10\/darkova-kytice-sp14-1150-gift-bouquet-podarochnyj-buket-sq.jpeg\" \/>\n\t<meta property=\"og:image:width\" content=\"600\" \/>\n\t<meta property=\"og:image:height\" content=\"600\" \/>\n\t<meta property=\"og:image:type\" content=\"image\/jpeg\" \/>\n<meta name=\"twitter:card\" content=\"summary_large_image\" \/>\n<script type=\"application\/ld+json\" class=\"yoast-schema-graph\">{\"@context\":\"https:\/\/schema.org\",\"@graph\":[{\"@type\":\"WebPage\",\"@id\":\"https:\/\/pinkpetals.cz\/produkt\/hand-tied-bouquet-ella\/\",\"url\":\"https:\/\/pinkpetals.cz\/produkt\/hand-tied-bouquet-ella\/\",\"name\":\"D\u00e1rkov\u00e1 kytice Ella - Pink Petals\",\"isPartOf\":{\"@id\":\"https:\/\/pinkpetals.cz\/#website\"},\"primaryImageOfPage\":{\"@id\":\"https:\/\/pinkpetals.cz\/produkt\/hand-tied-bouquet-ella\/#primaryimage\"},\"image\":{\"@id\":\"https:\/\/pinkpetals.cz\/produkt\/hand-tied-bouquet-ella\/#primaryimage\"},\"thumbnailUrl\":\"https:\/\/pinkpetals.cz\/wp-content\/uploads\/2020\/10\/darkova-kytice-sp14-1150-gift-bouquet-podarochnyj-buket-sq.jpeg\",\"datePublished\":\"2020-10-20T21:23:22+00:00\",\"description\":\"V\u00e1zan\u00e1 kytice s gerberami, oby\u010dejn\u00fdmi a trsov\u00fdmi r\u016f\u017eemi, santinami, eustomami, alstroemeriemi a hled\u00edky. Rozvoz kv\u011btin v Praze.\",\"breadcrumb\":{\"@id\":\"https:\/\/pinkpetals.cz\/produkt\/hand-tied-bouquet-ella\/#breadcrumb\"},\"inLanguage\":\"cs\",\"potentialAction\":[{\"@type\":\"ReadAction\",\"target\":[\"https:\/\/pinkpetals.cz\/produkt\/hand-tied-bouquet-ella\/\"]}]},{\"@type\":\"ImageObject\",\"inLanguage\":\"cs\",\"@id\":\"https:\/\/pinkpetals.cz\/produkt\/hand-tied-bouquet-ella\/#primaryimage\",\"url\":\"https:\/\/pinkpetals.cz\/wp-content\/uploads\/2020\/10\/darkova-kytice-sp14-1150-gift-bouquet-podarochnyj-buket-sq.jpeg\",\"contentUrl\":\"https:\/\/pinkpetals.cz\/wp-content\/uploads\/2020\/10\/darkova-kytice-sp14-1150-gift-bouquet-podarochnyj-buket-sq.jpeg\",\"width\":600,\"height\":600,\"caption\":\"M\u00edchan\u00e1 kytice\"},{\"@type\":\"BreadcrumbList\",\"@id\":\"https:\/\/pinkpetals.cz\/produkt\/hand-tied-bouquet-ella\/#breadcrumb\",\"itemListElement\":[{\"@type\":\"ListItem\",\"position\":1,\"name\":\"Home\",\"item\":\"https:\/\/pinkpetals.cz\/cs\/\"},{\"@type\":\"ListItem\",\"position\":2,\"name\":\"Obchod\",\"item\":\"https:\/\/pinkpetals.cz\/cs\/obchod\/\"},{\"@type\":\"ListItem\",\"position\":3,\"name\":\"D\u00e1rkov\u00e1 kytice Ella\"}]},{\"@type\":\"WebSite\",\"@id\":\"https:\/\/pinkpetals.cz\/#website\",\"url\":\"https:\/\/pinkpetals.cz\/\",\"name\":\"Pink Petals\",\"description\":\"Flower delivery in Prague, Czech Republic\",\"potentialAction\":[{\"@type\":\"SearchAction\",\"target\":{\"@type\":\"EntryPoint\",\"urlTemplate\":\"https:\/\/pinkpetals.cz\/?s={search_term_string}\"},\"query-input\":{\"@type\":\"PropertyValueSpecification\",\"valueRequired\":true,\"valueName\":\"search_term_string\"}}],\"inLanguage\":\"cs\"}]}<\/script>\n<!-- \/ Yoast SEO plugin. -->","yoast_head_json":{"title":"D\u00e1rkov\u00e1 kytice Ella - Pink Petals","description":"V\u00e1zan\u00e1 kytice s gerberami, oby\u010dejn\u00fdmi a trsov\u00fdmi r\u016f\u017eemi, santinami, eustomami, alstroemeriemi a hled\u00edky. Rozvoz kv\u011btin v Praze.","robots":{"index":"index","follow":"follow","max-snippet":"max-snippet:-1","max-image-preview":"max-image-preview:large","max-video-preview":"max-video-preview:-1"},"canonical":"https:\/\/pinkpetals.cz\/produkt\/hand-tied-bouquet-ella\/","og_locale":"cs_CZ","og_type":"article","og_title":"D\u00e1rkov\u00e1 kytice Ella - Pink Petals","og_description":"V\u00e1zan\u00e1 kytice s gerberami, oby\u010dejn\u00fdmi a trsov\u00fdmi r\u016f\u017eemi, santinami, eustomami, alstroemeriemi a hled\u00edky. Rozvoz kv\u011btin v Praze.","og_url":"https:\/\/pinkpetals.cz\/produkt\/hand-tied-bouquet-ella\/","og_site_name":"Pink Petals","og_image":[{"width":600,"height":600,"url":"https:\/\/pinkpetals.cz\/wp-content\/uploads\/2020\/10\/darkova-kytice-sp14-1150-gift-bouquet-podarochnyj-buket-sq.jpeg","type":"image\/jpeg"}],"twitter_card":"summary_large_image","schema":{"@context":"https:\/\/schema.org","@graph":[{"@type":"WebPage","@id":"https:\/\/pinkpetals.cz\/produkt\/hand-tied-bouquet-ella\/","url":"https:\/\/pinkpetals.cz\/produkt\/hand-tied-bouquet-ella\/","name":"D\u00e1rkov\u00e1 kytice Ella - Pink Petals","isPartOf":{"@id":"https:\/\/pinkpetals.cz\/#website"},"primaryImageOfPage":{"@id":"https:\/\/pinkpetals.cz\/produkt\/hand-tied-bouquet-ella\/#primaryimage"},"image":{"@id":"https:\/\/pinkpetals.cz\/produkt\/hand-tied-bouquet-ella\/#primaryimage"},"thumbnailUrl":"https:\/\/pinkpetals.cz\/wp-content\/uploads\/2020\/10\/darkova-kytice-sp14-1150-gift-bouquet-podarochnyj-buket-sq.jpeg","datePublished":"2020-10-20T21:23:22+00:00","description":"V\u00e1zan\u00e1 kytice s gerberami, oby\u010dejn\u00fdmi a trsov\u00fdmi r\u016f\u017eemi, santinami, eustomami, alstroemeriemi a hled\u00edky. Rozvoz kv\u011btin v Praze.","breadcrumb":{"@id":"https:\/\/pinkpetals.cz\/produkt\/hand-tied-bouquet-ella\/#breadcrumb"},"inLanguage":"cs","potentialAction":[{"@type":"ReadAction","target":["https:\/\/pinkpetals.cz\/produkt\/hand-tied-bouquet-ella\/"]}]},{"@type":"ImageObject","inLanguage":"cs","@id":"https:\/\/pinkpetals.cz\/produkt\/hand-tied-bouquet-ella\/#primaryimage","url":"https:\/\/pinkpetals.cz\/wp-content\/uploads\/2020\/10\/darkova-kytice-sp14-1150-gift-bouquet-podarochnyj-buket-sq.jpeg","contentUrl":"https:\/\/pinkpetals.cz\/wp-content\/uploads\/2020\/10\/darkova-kytice-sp14-1150-gift-bouquet-podarochnyj-buket-sq.jpeg","width":600,"height":600,"caption":"M\u00edchan\u00e1 kytice"},{"@type":"BreadcrumbList","@id":"https:\/\/pinkpetals.cz\/produkt\/hand-tied-bouquet-ella\/#breadcrumb","itemListElement":[{"@type":"ListItem","position":1,"name":"Home","item":"https:\/\/pinkpetals.cz\/cs\/"},{"@type":"ListItem","position":2,"name":"Obchod","item":"https:\/\/pinkpetals.cz\/cs\/obchod\/"},{"@type":"ListItem","position":3,"name":"D\u00e1rkov\u00e1 kytice Ella"}]},{"@type":"WebSite","@id":"https:\/\/pinkpetals.cz\/#website","url":"https:\/\/pinkpetals.cz\/","name":"Pink Petals","description":"Flower delivery in Prague, Czech Republic","potentialAction":[{"@type":"SearchAction","target":{"@type":"EntryPoint","urlTemplate":"https:\/\/pinkpetals.cz\/?s={search_term_string}"},"query-input":{"@type":"PropertyValueSpecification","valueRequired":true,"valueName":"search_term_string"}}],"inLanguage":"cs"}]}},"_links":{"self":[{"href":"https:\/\/pinkpetals.cz\/cs\/wp-json\/wp\/v2\/product\/7784","targetHints":{"allow":["GET"]}}],"collection":[{"href":"https:\/\/pinkpetals.cz\/cs\/wp-json\/wp\/v2\/product"}],"about":[{"href":"https:\/\/pinkpetals.cz\/cs\/wp-json\/wp\/v2\/types\/product"}],"wp:featuredmedia":[{"embeddable":true,"href":"https:\/\/pinkpetals.cz\/cs\/wp-json\/wp\/v2\/media\/7776"}],"wp:attachment":[{"href":"https:\/\/pinkpetals.cz\/cs\/wp-json\/wp\/v2\/media?parent=7784"}],"wp:term":[{"taxonomy":"product_brand","embeddable":true,"href":"https:\/\/pinkpetals.cz\/cs\/wp-json\/wp\/v2\/product_brand?post=7784"},{"taxonomy":"product_cat","embeddable":true,"href":"https:\/\/pinkpetals.cz\/cs\/wp-json\/wp\/v2\/product_cat?post=7784"},{"taxonomy":"product_tag","embeddable":true,"href":"https:\/\/pinkpetals.cz\/cs\/wp-json\/wp\/v2\/product_tag?post=7784"}],"curies":[{"name":"wp","href":"https:\/\/api.w.org\/{rel}","templated":true}]}}