{"id":6843,"date":"2020-10-12T21:28:58","date_gmt":"2020-10-12T21:28:58","guid":{"rendered":"https:\/\/www.pinkpetals.cz\/product\/import-placeholder-for-56131\/"},"modified":"2020-10-11T19:51:11","modified_gmt":"2020-10-11T19:51:11","slug":"venec-smv29","status":"publish","type":"product","link":"https:\/\/pinkpetals.cz\/cs\/produkt\/venec-smv29\/","title":{"rendered":"V\u011bnec SMV29"},"content":{"rendered":"<p>Smute\u010dn\u00ed v\u011bnec s irisy (modr\u00e1), gerberami a r\u016f\u017eemi (\u010derven\u00e1). V\u011bnec na z\u00e1klad\u011b floristick\u00e9 hmoty. Pr\u016fm\u011br cca 80 cm.<\/p>\n","protected":false},"excerpt":{"rendered":"<p>Smute\u010dn\u00ed v\u011bnec s irisy (modr\u00e1), gerberami a r\u016f\u017eemi (\u010derven\u00e1). V\u011bnec na z\u00e1klad\u011b floristick\u00e9 hmoty. Pr\u016fm\u011br cca 80 cm.<\/p>\n","protected":false},"featured_media":6862,"template":"","meta":[],"product_brand":[],"product_cat":[258,259],"product_tag":[],"class_list":{"0":"post-6843","1":"product","2":"type-product","3":"status-publish","4":"has-post-thumbnail","6":"product_cat-smutecni-kvetiny","7":"product_cat-vence","9":"first","10":"onbackorder","11":"shipping-taxable","12":"purchasable","13":"product-type-simple"},"yoast_head":"<!-- This site is optimized with the Yoast SEO plugin v25.2 - https:\/\/yoast.com\/wordpress\/plugins\/seo\/ -->\n<title>V\u011bnec SMV29 - Pink Petals<\/title>\n<meta name=\"robots\" content=\"index, follow, max-snippet:-1, max-image-preview:large, max-video-preview:-1\" \/>\n<link rel=\"canonical\" href=\"https:\/\/pinkpetals.cz\/produkt\/wreath-smv29\/\" \/>\n<meta property=\"og:locale\" content=\"cs_CZ\" \/>\n<meta property=\"og:type\" content=\"article\" \/>\n<meta property=\"og:title\" content=\"V\u011bnec SMV29 - Pink Petals\" \/>\n<meta property=\"og:description\" content=\"Smute\u010dn\u00ed v\u011bnec s irisy (modr\u00e1), gerberami a r\u016f\u017eemi (\u010derven\u00e1). V\u011bnec na z\u00e1klad\u011b floristick\u00e9 hmoty. Pr\u016fm\u011br cca 80 cm.\" \/>\n<meta property=\"og:url\" content=\"https:\/\/pinkpetals.cz\/produkt\/wreath-smv29\/\" \/>\n<meta property=\"og:site_name\" content=\"Pink Petals\" \/>\n<meta property=\"og:image\" content=\"https:\/\/pinkpetals.cz\/wp-content\/uploads\/2020\/10\/modro-cerveny-venec-blue-red-wreath-1.jpg\" \/>\n\t<meta property=\"og:image:width\" content=\"600\" \/>\n\t<meta property=\"og:image:height\" content=\"800\" \/>\n\t<meta property=\"og:image:type\" content=\"image\/jpeg\" \/>\n<meta name=\"twitter:card\" content=\"summary_large_image\" \/>\n<script type=\"application\/ld+json\" class=\"yoast-schema-graph\">{\"@context\":\"https:\/\/schema.org\",\"@graph\":[{\"@type\":\"WebPage\",\"@id\":\"https:\/\/pinkpetals.cz\/produkt\/wreath-smv29\/\",\"url\":\"https:\/\/pinkpetals.cz\/produkt\/wreath-smv29\/\",\"name\":\"V\u011bnec SMV29 - Pink Petals\",\"isPartOf\":{\"@id\":\"https:\/\/pinkpetals.cz\/#website\"},\"primaryImageOfPage\":{\"@id\":\"https:\/\/pinkpetals.cz\/produkt\/wreath-smv29\/#primaryimage\"},\"image\":{\"@id\":\"https:\/\/pinkpetals.cz\/produkt\/wreath-smv29\/#primaryimage\"},\"thumbnailUrl\":\"https:\/\/pinkpetals.cz\/wp-content\/uploads\/2020\/10\/modro-cerveny-venec-blue-red-wreath-1.jpg\",\"datePublished\":\"2020-10-12T21:28:58+00:00\",\"breadcrumb\":{\"@id\":\"https:\/\/pinkpetals.cz\/produkt\/wreath-smv29\/#breadcrumb\"},\"inLanguage\":\"cs\",\"potentialAction\":[{\"@type\":\"ReadAction\",\"target\":[\"https:\/\/pinkpetals.cz\/produkt\/wreath-smv29\/\"]}]},{\"@type\":\"ImageObject\",\"inLanguage\":\"cs\",\"@id\":\"https:\/\/pinkpetals.cz\/produkt\/wreath-smv29\/#primaryimage\",\"url\":\"https:\/\/pinkpetals.cz\/wp-content\/uploads\/2020\/10\/modro-cerveny-venec-blue-red-wreath-1.jpg\",\"contentUrl\":\"https:\/\/pinkpetals.cz\/wp-content\/uploads\/2020\/10\/modro-cerveny-venec-blue-red-wreath-1.jpg\",\"width\":600,\"height\":800},{\"@type\":\"BreadcrumbList\",\"@id\":\"https:\/\/pinkpetals.cz\/produkt\/wreath-smv29\/#breadcrumb\",\"itemListElement\":[{\"@type\":\"ListItem\",\"position\":1,\"name\":\"Home\",\"item\":\"https:\/\/pinkpetals.cz\/cs\/\"},{\"@type\":\"ListItem\",\"position\":2,\"name\":\"Obchod\",\"item\":\"https:\/\/pinkpetals.cz\/cs\/obchod\/\"},{\"@type\":\"ListItem\",\"position\":3,\"name\":\"V\u011bnec SMV29\"}]},{\"@type\":\"WebSite\",\"@id\":\"https:\/\/pinkpetals.cz\/#website\",\"url\":\"https:\/\/pinkpetals.cz\/\",\"name\":\"Pink Petals\",\"description\":\"Flower delivery in Prague, Czech Republic\",\"potentialAction\":[{\"@type\":\"SearchAction\",\"target\":{\"@type\":\"EntryPoint\",\"urlTemplate\":\"https:\/\/pinkpetals.cz\/?s={search_term_string}\"},\"query-input\":{\"@type\":\"PropertyValueSpecification\",\"valueRequired\":true,\"valueName\":\"search_term_string\"}}],\"inLanguage\":\"cs\"}]}<\/script>\n<!-- \/ Yoast SEO plugin. -->","yoast_head_json":{"title":"V\u011bnec SMV29 - Pink Petals","robots":{"index":"index","follow":"follow","max-snippet":"max-snippet:-1","max-image-preview":"max-image-preview:large","max-video-preview":"max-video-preview:-1"},"canonical":"https:\/\/pinkpetals.cz\/produkt\/wreath-smv29\/","og_locale":"cs_CZ","og_type":"article","og_title":"V\u011bnec SMV29 - Pink Petals","og_description":"Smute\u010dn\u00ed v\u011bnec s irisy (modr\u00e1), gerberami a r\u016f\u017eemi (\u010derven\u00e1). V\u011bnec na z\u00e1klad\u011b floristick\u00e9 hmoty. Pr\u016fm\u011br cca 80 cm.","og_url":"https:\/\/pinkpetals.cz\/produkt\/wreath-smv29\/","og_site_name":"Pink Petals","og_image":[{"width":600,"height":800,"url":"https:\/\/pinkpetals.cz\/wp-content\/uploads\/2020\/10\/modro-cerveny-venec-blue-red-wreath-1.jpg","type":"image\/jpeg"}],"twitter_card":"summary_large_image","schema":{"@context":"https:\/\/schema.org","@graph":[{"@type":"WebPage","@id":"https:\/\/pinkpetals.cz\/produkt\/wreath-smv29\/","url":"https:\/\/pinkpetals.cz\/produkt\/wreath-smv29\/","name":"V\u011bnec SMV29 - Pink Petals","isPartOf":{"@id":"https:\/\/pinkpetals.cz\/#website"},"primaryImageOfPage":{"@id":"https:\/\/pinkpetals.cz\/produkt\/wreath-smv29\/#primaryimage"},"image":{"@id":"https:\/\/pinkpetals.cz\/produkt\/wreath-smv29\/#primaryimage"},"thumbnailUrl":"https:\/\/pinkpetals.cz\/wp-content\/uploads\/2020\/10\/modro-cerveny-venec-blue-red-wreath-1.jpg","datePublished":"2020-10-12T21:28:58+00:00","breadcrumb":{"@id":"https:\/\/pinkpetals.cz\/produkt\/wreath-smv29\/#breadcrumb"},"inLanguage":"cs","potentialAction":[{"@type":"ReadAction","target":["https:\/\/pinkpetals.cz\/produkt\/wreath-smv29\/"]}]},{"@type":"ImageObject","inLanguage":"cs","@id":"https:\/\/pinkpetals.cz\/produkt\/wreath-smv29\/#primaryimage","url":"https:\/\/pinkpetals.cz\/wp-content\/uploads\/2020\/10\/modro-cerveny-venec-blue-red-wreath-1.jpg","contentUrl":"https:\/\/pinkpetals.cz\/wp-content\/uploads\/2020\/10\/modro-cerveny-venec-blue-red-wreath-1.jpg","width":600,"height":800},{"@type":"BreadcrumbList","@id":"https:\/\/pinkpetals.cz\/produkt\/wreath-smv29\/#breadcrumb","itemListElement":[{"@type":"ListItem","position":1,"name":"Home","item":"https:\/\/pinkpetals.cz\/cs\/"},{"@type":"ListItem","position":2,"name":"Obchod","item":"https:\/\/pinkpetals.cz\/cs\/obchod\/"},{"@type":"ListItem","position":3,"name":"V\u011bnec SMV29"}]},{"@type":"WebSite","@id":"https:\/\/pinkpetals.cz\/#website","url":"https:\/\/pinkpetals.cz\/","name":"Pink Petals","description":"Flower delivery in Prague, Czech Republic","potentialAction":[{"@type":"SearchAction","target":{"@type":"EntryPoint","urlTemplate":"https:\/\/pinkpetals.cz\/?s={search_term_string}"},"query-input":{"@type":"PropertyValueSpecification","valueRequired":true,"valueName":"search_term_string"}}],"inLanguage":"cs"}]}},"_links":{"self":[{"href":"https:\/\/pinkpetals.cz\/cs\/wp-json\/wp\/v2\/product\/6843","targetHints":{"allow":["GET"]}}],"collection":[{"href":"https:\/\/pinkpetals.cz\/cs\/wp-json\/wp\/v2\/product"}],"about":[{"href":"https:\/\/pinkpetals.cz\/cs\/wp-json\/wp\/v2\/types\/product"}],"wp:featuredmedia":[{"embeddable":true,"href":"https:\/\/pinkpetals.cz\/cs\/wp-json\/wp\/v2\/media\/6862"}],"wp:attachment":[{"href":"https:\/\/pinkpetals.cz\/cs\/wp-json\/wp\/v2\/media?parent=6843"}],"wp:term":[{"taxonomy":"product_brand","embeddable":true,"href":"https:\/\/pinkpetals.cz\/cs\/wp-json\/wp\/v2\/product_brand?post=6843"},{"taxonomy":"product_cat","embeddable":true,"href":"https:\/\/pinkpetals.cz\/cs\/wp-json\/wp\/v2\/product_cat?post=6843"},{"taxonomy":"product_tag","embeddable":true,"href":"https:\/\/pinkpetals.cz\/cs\/wp-json\/wp\/v2\/product_tag?post=6843"}],"curies":[{"name":"wp","href":"https:\/\/api.w.org\/{rel}","templated":true}]}}