{"id":6728,"date":"2020-10-12T21:28:58","date_gmt":"2020-10-12T21:28:58","guid":{"rendered":"https:\/\/www.pinkpetals.cz\/product\/import-placeholder-for-56101\/"},"modified":"2020-10-10T13:52:34","modified_gmt":"2020-10-10T13:52:34","slug":"kytice-7-hortenzii","status":"publish","type":"product","link":"https:\/\/pinkpetals.cz\/cs\/produkt\/kytice-7-hortenzii\/","title":{"rendered":"Kytice 7 hortenzi\u00ed"},"content":{"rendered":"<p>Kytice 7 hortenzi\u00ed. M\u016f\u017eete si vybrat barvu. Dovezeme tuto kytici na kteroukoli adresu v Praze. Nab\u00edz\u00edme i jin\u00fd po\u010det hortenzi\u00ed: standardn\u011b 5, 9 a 11, na vy\u017e\u00e1d\u00e1n\u00ed i jin\u00fd po\u010det hortenzi\u00ed.<\/p>\n","protected":false},"excerpt":{"rendered":"<p>Kytice 7 hortenzi\u00ed. M\u016f\u017eete si vybrat barvu. Dovezeme tuto kytici na kteroukoli adresu v Praze. Nab\u00edz\u00edme i jin\u00fd po\u010det hortenzi\u00ed: standardn\u011b 5, 9 a 11, na vy\u017e\u00e1d\u00e1n\u00ed i jin\u00fd po\u010det hortenzi\u00ed.<\/p>\n","protected":false},"featured_media":6837,"template":"","meta":[],"product_brand":[],"product_cat":[296,96],"product_tag":[],"class_list":{"0":"post-6728","1":"product","2":"type-product","3":"status-publish","4":"has-post-thumbnail","6":"product_cat-hortenzie","7":"product_cat-z-jednoho-rodu","9":"first","10":"outofstock","11":"shipping-taxable","12":"purchasable","13":"product-type-simple"},"yoast_head":"<!-- This site is optimized with the Yoast SEO plugin v25.2 - https:\/\/yoast.com\/wordpress\/plugins\/seo\/ -->\n<title>Kytice 7 hortenzi\u00ed - Pink Petals<\/title>\n<meta name=\"robots\" content=\"index, follow, max-snippet:-1, max-image-preview:large, max-video-preview:-1\" \/>\n<link rel=\"canonical\" href=\"https:\/\/pinkpetals.cz\/produkt\/a-bouquet-of-7-hydrangeas\/\" \/>\n<meta property=\"og:locale\" content=\"cs_CZ\" \/>\n<meta property=\"og:type\" content=\"article\" \/>\n<meta property=\"og:title\" content=\"Kytice 7 hortenzi\u00ed - Pink Petals\" \/>\n<meta property=\"og:description\" content=\"Kytice 7 hortenzi\u00ed. M\u016f\u017eete si vybrat barvu. Dovezeme tuto kytici na kteroukoli adresu v Praze. Nab\u00edz\u00edme i jin\u00fd po\u010det hortenzi\u00ed: standardn\u011b 5, 9 a 11, na vy\u017e\u00e1d\u00e1n\u00ed i jin\u00fd po\u010det hortenzi\u00ed.\" \/>\n<meta property=\"og:url\" content=\"https:\/\/pinkpetals.cz\/produkt\/a-bouquet-of-7-hydrangeas\/\" \/>\n<meta property=\"og:site_name\" content=\"Pink Petals\" \/>\n<meta property=\"og:image\" content=\"https:\/\/pinkpetals.cz\/wp-content\/uploads\/2020\/10\/hortenzie-7-1050-hydrangeas-gortenzii-h.jpg\" \/>\n\t<meta property=\"og:image:width\" content=\"800\" \/>\n\t<meta property=\"og:image:height\" content=\"600\" \/>\n\t<meta property=\"og:image:type\" content=\"image\/jpeg\" \/>\n<meta name=\"twitter:card\" content=\"summary_large_image\" \/>\n<script type=\"application\/ld+json\" class=\"yoast-schema-graph\">{\"@context\":\"https:\/\/schema.org\",\"@graph\":[{\"@type\":\"WebPage\",\"@id\":\"https:\/\/pinkpetals.cz\/produkt\/a-bouquet-of-7-hydrangeas\/\",\"url\":\"https:\/\/pinkpetals.cz\/produkt\/a-bouquet-of-7-hydrangeas\/\",\"name\":\"Kytice 7 hortenzi\u00ed - Pink Petals\",\"isPartOf\":{\"@id\":\"https:\/\/pinkpetals.cz\/#website\"},\"primaryImageOfPage\":{\"@id\":\"https:\/\/pinkpetals.cz\/produkt\/a-bouquet-of-7-hydrangeas\/#primaryimage\"},\"image\":{\"@id\":\"https:\/\/pinkpetals.cz\/produkt\/a-bouquet-of-7-hydrangeas\/#primaryimage\"},\"thumbnailUrl\":\"https:\/\/pinkpetals.cz\/wp-content\/uploads\/2020\/10\/hortenzie-7-1050-hydrangeas-gortenzii-h.jpg\",\"datePublished\":\"2020-10-12T21:28:58+00:00\",\"breadcrumb\":{\"@id\":\"https:\/\/pinkpetals.cz\/produkt\/a-bouquet-of-7-hydrangeas\/#breadcrumb\"},\"inLanguage\":\"cs\",\"potentialAction\":[{\"@type\":\"ReadAction\",\"target\":[\"https:\/\/pinkpetals.cz\/produkt\/a-bouquet-of-7-hydrangeas\/\"]}]},{\"@type\":\"ImageObject\",\"inLanguage\":\"cs\",\"@id\":\"https:\/\/pinkpetals.cz\/produkt\/a-bouquet-of-7-hydrangeas\/#primaryimage\",\"url\":\"https:\/\/pinkpetals.cz\/wp-content\/uploads\/2020\/10\/hortenzie-7-1050-hydrangeas-gortenzii-h.jpg\",\"contentUrl\":\"https:\/\/pinkpetals.cz\/wp-content\/uploads\/2020\/10\/hortenzie-7-1050-hydrangeas-gortenzii-h.jpg\",\"width\":800,\"height\":600},{\"@type\":\"BreadcrumbList\",\"@id\":\"https:\/\/pinkpetals.cz\/produkt\/a-bouquet-of-7-hydrangeas\/#breadcrumb\",\"itemListElement\":[{\"@type\":\"ListItem\",\"position\":1,\"name\":\"Home\",\"item\":\"https:\/\/pinkpetals.cz\/cs\/\"},{\"@type\":\"ListItem\",\"position\":2,\"name\":\"Obchod\",\"item\":\"https:\/\/pinkpetals.cz\/cs\/obchod\/\"},{\"@type\":\"ListItem\",\"position\":3,\"name\":\"Kytice 7 hortenzi\u00ed\"}]},{\"@type\":\"WebSite\",\"@id\":\"https:\/\/pinkpetals.cz\/#website\",\"url\":\"https:\/\/pinkpetals.cz\/\",\"name\":\"Pink Petals\",\"description\":\"Flower delivery in Prague, Czech Republic\",\"potentialAction\":[{\"@type\":\"SearchAction\",\"target\":{\"@type\":\"EntryPoint\",\"urlTemplate\":\"https:\/\/pinkpetals.cz\/?s={search_term_string}\"},\"query-input\":{\"@type\":\"PropertyValueSpecification\",\"valueRequired\":true,\"valueName\":\"search_term_string\"}}],\"inLanguage\":\"cs\"}]}<\/script>\n<!-- \/ Yoast SEO plugin. -->","yoast_head_json":{"title":"Kytice 7 hortenzi\u00ed - Pink Petals","robots":{"index":"index","follow":"follow","max-snippet":"max-snippet:-1","max-image-preview":"max-image-preview:large","max-video-preview":"max-video-preview:-1"},"canonical":"https:\/\/pinkpetals.cz\/produkt\/a-bouquet-of-7-hydrangeas\/","og_locale":"cs_CZ","og_type":"article","og_title":"Kytice 7 hortenzi\u00ed - Pink Petals","og_description":"Kytice 7 hortenzi\u00ed. M\u016f\u017eete si vybrat barvu. Dovezeme tuto kytici na kteroukoli adresu v Praze. Nab\u00edz\u00edme i jin\u00fd po\u010det hortenzi\u00ed: standardn\u011b 5, 9 a 11, na vy\u017e\u00e1d\u00e1n\u00ed i jin\u00fd po\u010det hortenzi\u00ed.","og_url":"https:\/\/pinkpetals.cz\/produkt\/a-bouquet-of-7-hydrangeas\/","og_site_name":"Pink Petals","og_image":[{"width":800,"height":600,"url":"https:\/\/pinkpetals.cz\/wp-content\/uploads\/2020\/10\/hortenzie-7-1050-hydrangeas-gortenzii-h.jpg","type":"image\/jpeg"}],"twitter_card":"summary_large_image","schema":{"@context":"https:\/\/schema.org","@graph":[{"@type":"WebPage","@id":"https:\/\/pinkpetals.cz\/produkt\/a-bouquet-of-7-hydrangeas\/","url":"https:\/\/pinkpetals.cz\/produkt\/a-bouquet-of-7-hydrangeas\/","name":"Kytice 7 hortenzi\u00ed - Pink Petals","isPartOf":{"@id":"https:\/\/pinkpetals.cz\/#website"},"primaryImageOfPage":{"@id":"https:\/\/pinkpetals.cz\/produkt\/a-bouquet-of-7-hydrangeas\/#primaryimage"},"image":{"@id":"https:\/\/pinkpetals.cz\/produkt\/a-bouquet-of-7-hydrangeas\/#primaryimage"},"thumbnailUrl":"https:\/\/pinkpetals.cz\/wp-content\/uploads\/2020\/10\/hortenzie-7-1050-hydrangeas-gortenzii-h.jpg","datePublished":"2020-10-12T21:28:58+00:00","breadcrumb":{"@id":"https:\/\/pinkpetals.cz\/produkt\/a-bouquet-of-7-hydrangeas\/#breadcrumb"},"inLanguage":"cs","potentialAction":[{"@type":"ReadAction","target":["https:\/\/pinkpetals.cz\/produkt\/a-bouquet-of-7-hydrangeas\/"]}]},{"@type":"ImageObject","inLanguage":"cs","@id":"https:\/\/pinkpetals.cz\/produkt\/a-bouquet-of-7-hydrangeas\/#primaryimage","url":"https:\/\/pinkpetals.cz\/wp-content\/uploads\/2020\/10\/hortenzie-7-1050-hydrangeas-gortenzii-h.jpg","contentUrl":"https:\/\/pinkpetals.cz\/wp-content\/uploads\/2020\/10\/hortenzie-7-1050-hydrangeas-gortenzii-h.jpg","width":800,"height":600},{"@type":"BreadcrumbList","@id":"https:\/\/pinkpetals.cz\/produkt\/a-bouquet-of-7-hydrangeas\/#breadcrumb","itemListElement":[{"@type":"ListItem","position":1,"name":"Home","item":"https:\/\/pinkpetals.cz\/cs\/"},{"@type":"ListItem","position":2,"name":"Obchod","item":"https:\/\/pinkpetals.cz\/cs\/obchod\/"},{"@type":"ListItem","position":3,"name":"Kytice 7 hortenzi\u00ed"}]},{"@type":"WebSite","@id":"https:\/\/pinkpetals.cz\/#website","url":"https:\/\/pinkpetals.cz\/","name":"Pink Petals","description":"Flower delivery in Prague, Czech Republic","potentialAction":[{"@type":"SearchAction","target":{"@type":"EntryPoint","urlTemplate":"https:\/\/pinkpetals.cz\/?s={search_term_string}"},"query-input":{"@type":"PropertyValueSpecification","valueRequired":true,"valueName":"search_term_string"}}],"inLanguage":"cs"}]}},"_links":{"self":[{"href":"https:\/\/pinkpetals.cz\/cs\/wp-json\/wp\/v2\/product\/6728","targetHints":{"allow":["GET"]}}],"collection":[{"href":"https:\/\/pinkpetals.cz\/cs\/wp-json\/wp\/v2\/product"}],"about":[{"href":"https:\/\/pinkpetals.cz\/cs\/wp-json\/wp\/v2\/types\/product"}],"wp:featuredmedia":[{"embeddable":true,"href":"https:\/\/pinkpetals.cz\/cs\/wp-json\/wp\/v2\/media\/6837"}],"wp:attachment":[{"href":"https:\/\/pinkpetals.cz\/cs\/wp-json\/wp\/v2\/media?parent=6728"}],"wp:term":[{"taxonomy":"product_brand","embeddable":true,"href":"https:\/\/pinkpetals.cz\/cs\/wp-json\/wp\/v2\/product_brand?post=6728"},{"taxonomy":"product_cat","embeddable":true,"href":"https:\/\/pinkpetals.cz\/cs\/wp-json\/wp\/v2\/product_cat?post=6728"},{"taxonomy":"product_tag","embeddable":true,"href":"https:\/\/pinkpetals.cz\/cs\/wp-json\/wp\/v2\/product_tag?post=6728"}],"curies":[{"name":"wp","href":"https:\/\/api.w.org\/{rel}","templated":true}]}}