{"id":6717,"date":"2020-10-12T21:28:56","date_gmt":"2020-10-12T21:28:56","guid":{"rendered":"https:\/\/www.pinkpetals.cz\/product\/import-placeholder-for-55825\/"},"modified":"2020-10-11T18:56:37","modified_gmt":"2020-10-11T18:56:37","slug":"legende-bordeaux-rouge","status":"publish","type":"product","link":"https:\/\/pinkpetals.cz\/cs\/produkt\/legende-bordeaux-rouge\/","title":{"rendered":"L\u00e9gende Bordeaux Rouge"},"content":{"rendered":"<p>Vina\u0159stv\u00ed Domaines Barons de Rothschild (Lafite). Tmav\u011b \u010derven\u00e1 barva. P\u0159\u00edjemn\u00e1 v\u016fn\u011b p\u0159ipom\u00edn\u00e1 sm\u011bs \u010derstv\u00e9ho a kompotovan\u00e9ho peckovit\u00e9ho ovoce a l\u00e9ko\u0159ice. V chuti je tepl\u00e9, ovocn\u00e9, st\u0159edn\u011b pln\u00e9 s harmonick\u00fdmi t\u0159\u00edslovinami. Aroma peckovit\u00e9ho ovoce s dotekem d\u0159eva.<\/p>\n","protected":false},"excerpt":{"rendered":"<p>Vina\u0159stv\u00ed Domaines Barons de Rothschild (Lafite). Tmav\u011b \u010derven\u00e1 barva. P\u0159\u00edjemn\u00e1 v\u016fn\u011b p\u0159ipom\u00edn\u00e1 sm\u011bs \u010derstv\u00e9ho a kompotovan\u00e9ho peckovit\u00e9ho ovoce a l\u00e9ko\u0159ice. V chuti je tepl\u00e9, ovocn\u00e9, st\u0159edn\u011b pln\u00e9 s harmonick\u00fdmi t\u0159\u00edslovinami. Aroma peckovit\u00e9ho ovoce s dotekem d\u0159eva.<\/p>\n","protected":false},"featured_media":6793,"template":"","meta":[],"product_brand":[],"product_cat":[297,160],"product_tag":[],"class_list":{"0":"post-6717","1":"product","2":"type-product","3":"status-publish","4":"has-post-thumbnail","6":"product_cat-cervena-vina-cs","7":"product_cat-vina","9":"first","10":"instock","11":"shipping-taxable","12":"purchasable","13":"product-type-simple"},"yoast_head":"<!-- This site is optimized with the Yoast SEO plugin v25.2 - https:\/\/yoast.com\/wordpress\/plugins\/seo\/ -->\n<title>L\u00e9gende Bordeaux Rouge - Pink Petals<\/title>\n<meta name=\"robots\" content=\"index, follow, max-snippet:-1, max-image-preview:large, max-video-preview:-1\" \/>\n<link rel=\"canonical\" href=\"https:\/\/pinkpetals.cz\/?post_type=product&p=7036\" \/>\n<meta property=\"og:locale\" content=\"cs_CZ\" \/>\n<meta property=\"og:type\" content=\"article\" \/>\n<meta property=\"og:title\" content=\"L\u00e9gende Bordeaux Rouge - Pink Petals\" \/>\n<meta property=\"og:description\" content=\"Vina\u0159stv\u00ed Domaines Barons de Rothschild (Lafite). Tmav\u011b \u010derven\u00e1 barva. P\u0159\u00edjemn\u00e1 v\u016fn\u011b p\u0159ipom\u00edn\u00e1 sm\u011bs \u010derstv\u00e9ho a kompotovan\u00e9ho peckovit\u00e9ho ovoce a l\u00e9ko\u0159ice. V chuti je tepl\u00e9, ovocn\u00e9, st\u0159edn\u011b pln\u00e9 s harmonick\u00fdmi t\u0159\u00edslovinami. Aroma peckovit\u00e9ho ovoce s dotekem d\u0159eva.\" \/>\n<meta property=\"og:url\" content=\"https:\/\/pinkpetals.cz\/?post_type=product&amp;p=7036\" \/>\n<meta property=\"og:site_name\" content=\"Pink Petals\" \/>\n<meta property=\"og:image\" content=\"https:\/\/pinkpetals.cz\/wp-content\/uploads\/2020\/10\/legende-bordeaux-rouge-075.jpg\" \/>\n\t<meta property=\"og:image:width\" content=\"700\" \/>\n\t<meta property=\"og:image:height\" content=\"700\" \/>\n\t<meta property=\"og:image:type\" content=\"image\/jpeg\" \/>\n<meta name=\"twitter:card\" content=\"summary_large_image\" \/>\n<script type=\"application\/ld+json\" class=\"yoast-schema-graph\">{\"@context\":\"https:\/\/schema.org\",\"@graph\":[{\"@type\":\"WebPage\",\"@id\":\"https:\/\/pinkpetals.cz\/?post_type=product&p=7036\",\"url\":\"https:\/\/pinkpetals.cz\/?post_type=product&p=7036\",\"name\":\"L\u00e9gende Bordeaux Rouge - Pink Petals\",\"isPartOf\":{\"@id\":\"https:\/\/pinkpetals.cz\/#website\"},\"primaryImageOfPage\":{\"@id\":\"https:\/\/pinkpetals.cz\/?post_type=product&p=7036#primaryimage\"},\"image\":{\"@id\":\"https:\/\/pinkpetals.cz\/?post_type=product&p=7036#primaryimage\"},\"thumbnailUrl\":\"https:\/\/pinkpetals.cz\/wp-content\/uploads\/2020\/10\/legende-bordeaux-rouge-075.jpg\",\"datePublished\":\"2020-10-12T21:28:56+00:00\",\"breadcrumb\":{\"@id\":\"https:\/\/pinkpetals.cz\/?post_type=product&p=7036#breadcrumb\"},\"inLanguage\":\"cs\",\"potentialAction\":[{\"@type\":\"ReadAction\",\"target\":[\"https:\/\/pinkpetals.cz\/?post_type=product&p=7036\"]}]},{\"@type\":\"ImageObject\",\"inLanguage\":\"cs\",\"@id\":\"https:\/\/pinkpetals.cz\/?post_type=product&p=7036#primaryimage\",\"url\":\"https:\/\/pinkpetals.cz\/wp-content\/uploads\/2020\/10\/legende-bordeaux-rouge-075.jpg\",\"contentUrl\":\"https:\/\/pinkpetals.cz\/wp-content\/uploads\/2020\/10\/legende-bordeaux-rouge-075.jpg\",\"width\":700,\"height\":700},{\"@type\":\"BreadcrumbList\",\"@id\":\"https:\/\/pinkpetals.cz\/?post_type=product&p=7036#breadcrumb\",\"itemListElement\":[{\"@type\":\"ListItem\",\"position\":1,\"name\":\"Home\",\"item\":\"https:\/\/pinkpetals.cz\/cs\/\"},{\"@type\":\"ListItem\",\"position\":2,\"name\":\"Obchod\",\"item\":\"https:\/\/pinkpetals.cz\/cs\/obchod\/\"},{\"@type\":\"ListItem\",\"position\":3,\"name\":\"L\u00e9gende Bordeaux Rouge\"}]},{\"@type\":\"WebSite\",\"@id\":\"https:\/\/pinkpetals.cz\/#website\",\"url\":\"https:\/\/pinkpetals.cz\/\",\"name\":\"Pink Petals\",\"description\":\"Flower delivery in Prague, Czech Republic\",\"potentialAction\":[{\"@type\":\"SearchAction\",\"target\":{\"@type\":\"EntryPoint\",\"urlTemplate\":\"https:\/\/pinkpetals.cz\/?s={search_term_string}\"},\"query-input\":{\"@type\":\"PropertyValueSpecification\",\"valueRequired\":true,\"valueName\":\"search_term_string\"}}],\"inLanguage\":\"cs\"}]}<\/script>\n<!-- \/ Yoast SEO plugin. -->","yoast_head_json":{"title":"L\u00e9gende Bordeaux Rouge - Pink Petals","robots":{"index":"index","follow":"follow","max-snippet":"max-snippet:-1","max-image-preview":"max-image-preview:large","max-video-preview":"max-video-preview:-1"},"canonical":"https:\/\/pinkpetals.cz\/?post_type=product&p=7036","og_locale":"cs_CZ","og_type":"article","og_title":"L\u00e9gende Bordeaux Rouge - Pink Petals","og_description":"Vina\u0159stv\u00ed Domaines Barons de Rothschild (Lafite). Tmav\u011b \u010derven\u00e1 barva. P\u0159\u00edjemn\u00e1 v\u016fn\u011b p\u0159ipom\u00edn\u00e1 sm\u011bs \u010derstv\u00e9ho a kompotovan\u00e9ho peckovit\u00e9ho ovoce a l\u00e9ko\u0159ice. V chuti je tepl\u00e9, ovocn\u00e9, st\u0159edn\u011b pln\u00e9 s harmonick\u00fdmi t\u0159\u00edslovinami. Aroma peckovit\u00e9ho ovoce s dotekem d\u0159eva.","og_url":"https:\/\/pinkpetals.cz\/?post_type=product&p=7036","og_site_name":"Pink Petals","og_image":[{"width":700,"height":700,"url":"https:\/\/pinkpetals.cz\/wp-content\/uploads\/2020\/10\/legende-bordeaux-rouge-075.jpg","type":"image\/jpeg"}],"twitter_card":"summary_large_image","schema":{"@context":"https:\/\/schema.org","@graph":[{"@type":"WebPage","@id":"https:\/\/pinkpetals.cz\/?post_type=product&p=7036","url":"https:\/\/pinkpetals.cz\/?post_type=product&p=7036","name":"L\u00e9gende Bordeaux Rouge - Pink Petals","isPartOf":{"@id":"https:\/\/pinkpetals.cz\/#website"},"primaryImageOfPage":{"@id":"https:\/\/pinkpetals.cz\/?post_type=product&p=7036#primaryimage"},"image":{"@id":"https:\/\/pinkpetals.cz\/?post_type=product&p=7036#primaryimage"},"thumbnailUrl":"https:\/\/pinkpetals.cz\/wp-content\/uploads\/2020\/10\/legende-bordeaux-rouge-075.jpg","datePublished":"2020-10-12T21:28:56+00:00","breadcrumb":{"@id":"https:\/\/pinkpetals.cz\/?post_type=product&p=7036#breadcrumb"},"inLanguage":"cs","potentialAction":[{"@type":"ReadAction","target":["https:\/\/pinkpetals.cz\/?post_type=product&p=7036"]}]},{"@type":"ImageObject","inLanguage":"cs","@id":"https:\/\/pinkpetals.cz\/?post_type=product&p=7036#primaryimage","url":"https:\/\/pinkpetals.cz\/wp-content\/uploads\/2020\/10\/legende-bordeaux-rouge-075.jpg","contentUrl":"https:\/\/pinkpetals.cz\/wp-content\/uploads\/2020\/10\/legende-bordeaux-rouge-075.jpg","width":700,"height":700},{"@type":"BreadcrumbList","@id":"https:\/\/pinkpetals.cz\/?post_type=product&p=7036#breadcrumb","itemListElement":[{"@type":"ListItem","position":1,"name":"Home","item":"https:\/\/pinkpetals.cz\/cs\/"},{"@type":"ListItem","position":2,"name":"Obchod","item":"https:\/\/pinkpetals.cz\/cs\/obchod\/"},{"@type":"ListItem","position":3,"name":"L\u00e9gende Bordeaux Rouge"}]},{"@type":"WebSite","@id":"https:\/\/pinkpetals.cz\/#website","url":"https:\/\/pinkpetals.cz\/","name":"Pink Petals","description":"Flower delivery in Prague, Czech Republic","potentialAction":[{"@type":"SearchAction","target":{"@type":"EntryPoint","urlTemplate":"https:\/\/pinkpetals.cz\/?s={search_term_string}"},"query-input":{"@type":"PropertyValueSpecification","valueRequired":true,"valueName":"search_term_string"}}],"inLanguage":"cs"}]}},"_links":{"self":[{"href":"https:\/\/pinkpetals.cz\/cs\/wp-json\/wp\/v2\/product\/6717","targetHints":{"allow":["GET"]}}],"collection":[{"href":"https:\/\/pinkpetals.cz\/cs\/wp-json\/wp\/v2\/product"}],"about":[{"href":"https:\/\/pinkpetals.cz\/cs\/wp-json\/wp\/v2\/types\/product"}],"wp:featuredmedia":[{"embeddable":true,"href":"https:\/\/pinkpetals.cz\/cs\/wp-json\/wp\/v2\/media\/6793"}],"wp:attachment":[{"href":"https:\/\/pinkpetals.cz\/cs\/wp-json\/wp\/v2\/media?parent=6717"}],"wp:term":[{"taxonomy":"product_brand","embeddable":true,"href":"https:\/\/pinkpetals.cz\/cs\/wp-json\/wp\/v2\/product_brand?post=6717"},{"taxonomy":"product_cat","embeddable":true,"href":"https:\/\/pinkpetals.cz\/cs\/wp-json\/wp\/v2\/product_cat?post=6717"},{"taxonomy":"product_tag","embeddable":true,"href":"https:\/\/pinkpetals.cz\/cs\/wp-json\/wp\/v2\/product_tag?post=6717"}],"curies":[{"name":"wp","href":"https:\/\/api.w.org\/{rel}","templated":true}]}}