{"id":6706,"date":"2020-10-12T21:28:55","date_gmt":"2020-10-12T21:28:55","guid":{"rendered":"https:\/\/www.pinkpetals.cz\/product\/import-placeholder-for-54768\/"},"modified":"2020-10-20T18:20:19","modified_gmt":"2020-10-20T18:20:19","slug":"pestra-darkova-kytice-r23","status":"publish","type":"product","link":"https:\/\/pinkpetals.cz\/cs\/produkt\/pestra-darkova-kytice-r23\/","title":{"rendered":"Pestr\u00e1 d\u00e1rkov\u00e1 kytice Isabella"},"content":{"rendered":"<p>Pestr\u00e1 d\u00e1rkov\u00e1 kytice z r\u016f\u017e\u00ed, oby\u010dejn\u00fdch a trsov\u00fdch chryzant\u00e9m, zlatob\u00fdlu a alstroemeri\u00ed. Nab\u00edz\u00edme tak\u00e9 rozvoz kytic v Praze.<\/p>\n","protected":false},"excerpt":{"rendered":"<p>Pestr\u00e1 d\u00e1rkov\u00e1 kytice z r\u016f\u017e\u00ed, oby\u010dejn\u00fdch a trsov\u00fdch chryzant\u00e9m, zlatob\u00fdlu a alstroemeri\u00ed. Nab\u00edz\u00edme tak\u00e9 rozvoz kytic v Praze.<\/p>\n","protected":false},"featured_media":6749,"template":"","meta":[],"product_brand":[],"product_cat":[94],"product_tag":[],"class_list":{"0":"post-6706","1":"product","2":"type-product","3":"status-publish","4":"has-post-thumbnail","6":"product_cat-darkove-kytice","8":"first","9":"instock","10":"shipping-taxable","11":"purchasable","12":"product-type-simple"},"yoast_head":"<!-- This site is optimized with the Yoast SEO plugin v25.2 - https:\/\/yoast.com\/wordpress\/plugins\/seo\/ -->\n<title>Pestr\u00e1 d\u00e1rkov\u00e1 kytice Isabella - Pink Petals<\/title>\n<meta name=\"description\" content=\"Pestr\u00e1 d\u00e1rkov\u00e1 kytice z r\u016f\u017e\u00ed, oby\u010dejn\u00fdch a trsov\u00fdch chryzant\u00e9m, zlatob\u00fdlu a alstroemeri\u00ed. Nab\u00edz\u00edme tak\u00e9 rozvoz kytic v Praze.\" \/>\n<meta name=\"robots\" content=\"index, follow, max-snippet:-1, max-image-preview:large, max-video-preview:-1\" \/>\n<link rel=\"canonical\" href=\"https:\/\/pinkpetals.cz\/produkt\/bright-gift-bouquet-r23\/\" \/>\n<meta property=\"og:locale\" content=\"cs_CZ\" \/>\n<meta property=\"og:type\" content=\"article\" \/>\n<meta property=\"og:title\" content=\"Pestr\u00e1 d\u00e1rkov\u00e1 kytice Isabella - Pink Petals\" \/>\n<meta property=\"og:description\" content=\"Pestr\u00e1 d\u00e1rkov\u00e1 kytice z r\u016f\u017e\u00ed, oby\u010dejn\u00fdch a trsov\u00fdch chryzant\u00e9m, zlatob\u00fdlu a alstroemeri\u00ed. Nab\u00edz\u00edme tak\u00e9 rozvoz kytic v Praze.\" \/>\n<meta property=\"og:url\" content=\"https:\/\/pinkpetals.cz\/produkt\/bright-gift-bouquet-r23\/\" \/>\n<meta property=\"og:site_name\" content=\"Pink Petals\" \/>\n<meta property=\"article:modified_time\" content=\"2020-10-20T18:20:19+00:00\" \/>\n<meta property=\"og:image\" content=\"https:\/\/pinkpetals.cz\/wp-content\/uploads\/2020\/10\/d-rkova-kytice-chryzantemy-gift-bouquet-1350-r23-podarochnyj-buket.jpeg\" \/>\n\t<meta property=\"og:image:width\" content=\"800\" \/>\n\t<meta property=\"og:image:height\" content=\"600\" \/>\n\t<meta property=\"og:image:type\" content=\"image\/jpeg\" \/>\n<meta name=\"twitter:card\" content=\"summary_large_image\" \/>\n<script type=\"application\/ld+json\" class=\"yoast-schema-graph\">{\"@context\":\"https:\/\/schema.org\",\"@graph\":[{\"@type\":\"WebPage\",\"@id\":\"https:\/\/pinkpetals.cz\/produkt\/bright-gift-bouquet-r23\/\",\"url\":\"https:\/\/pinkpetals.cz\/produkt\/bright-gift-bouquet-r23\/\",\"name\":\"Pestr\u00e1 d\u00e1rkov\u00e1 kytice Isabella - Pink Petals\",\"isPartOf\":{\"@id\":\"https:\/\/pinkpetals.cz\/#website\"},\"primaryImageOfPage\":{\"@id\":\"https:\/\/pinkpetals.cz\/produkt\/bright-gift-bouquet-r23\/#primaryimage\"},\"image\":{\"@id\":\"https:\/\/pinkpetals.cz\/produkt\/bright-gift-bouquet-r23\/#primaryimage\"},\"thumbnailUrl\":\"https:\/\/pinkpetals.cz\/wp-content\/uploads\/2020\/10\/d-rkova-kytice-chryzantemy-gift-bouquet-1350-r23-podarochnyj-buket.jpeg\",\"datePublished\":\"2020-10-12T21:28:55+00:00\",\"dateModified\":\"2020-10-20T18:20:19+00:00\",\"description\":\"Pestr\u00e1 d\u00e1rkov\u00e1 kytice z r\u016f\u017e\u00ed, oby\u010dejn\u00fdch a trsov\u00fdch chryzant\u00e9m, zlatob\u00fdlu a alstroemeri\u00ed. Nab\u00edz\u00edme tak\u00e9 rozvoz kytic v Praze.\",\"breadcrumb\":{\"@id\":\"https:\/\/pinkpetals.cz\/produkt\/bright-gift-bouquet-r23\/#breadcrumb\"},\"inLanguage\":\"cs\",\"potentialAction\":[{\"@type\":\"ReadAction\",\"target\":[\"https:\/\/pinkpetals.cz\/produkt\/bright-gift-bouquet-r23\/\"]}]},{\"@type\":\"ImageObject\",\"inLanguage\":\"cs\",\"@id\":\"https:\/\/pinkpetals.cz\/produkt\/bright-gift-bouquet-r23\/#primaryimage\",\"url\":\"https:\/\/pinkpetals.cz\/wp-content\/uploads\/2020\/10\/d-rkova-kytice-chryzantemy-gift-bouquet-1350-r23-podarochnyj-buket.jpeg\",\"contentUrl\":\"https:\/\/pinkpetals.cz\/wp-content\/uploads\/2020\/10\/d-rkova-kytice-chryzantemy-gift-bouquet-1350-r23-podarochnyj-buket.jpeg\",\"width\":800,\"height\":600},{\"@type\":\"BreadcrumbList\",\"@id\":\"https:\/\/pinkpetals.cz\/produkt\/bright-gift-bouquet-r23\/#breadcrumb\",\"itemListElement\":[{\"@type\":\"ListItem\",\"position\":1,\"name\":\"Home\",\"item\":\"https:\/\/pinkpetals.cz\/cs\/\"},{\"@type\":\"ListItem\",\"position\":2,\"name\":\"Obchod\",\"item\":\"https:\/\/pinkpetals.cz\/cs\/obchod\/\"},{\"@type\":\"ListItem\",\"position\":3,\"name\":\"Pestr\u00e1 d\u00e1rkov\u00e1 kytice Isabella\"}]},{\"@type\":\"WebSite\",\"@id\":\"https:\/\/pinkpetals.cz\/#website\",\"url\":\"https:\/\/pinkpetals.cz\/\",\"name\":\"Pink Petals\",\"description\":\"Flower delivery in Prague, Czech Republic\",\"potentialAction\":[{\"@type\":\"SearchAction\",\"target\":{\"@type\":\"EntryPoint\",\"urlTemplate\":\"https:\/\/pinkpetals.cz\/?s={search_term_string}\"},\"query-input\":{\"@type\":\"PropertyValueSpecification\",\"valueRequired\":true,\"valueName\":\"search_term_string\"}}],\"inLanguage\":\"cs\"}]}<\/script>\n<!-- \/ Yoast SEO plugin. -->","yoast_head_json":{"title":"Pestr\u00e1 d\u00e1rkov\u00e1 kytice Isabella - Pink Petals","description":"Pestr\u00e1 d\u00e1rkov\u00e1 kytice z r\u016f\u017e\u00ed, oby\u010dejn\u00fdch a trsov\u00fdch chryzant\u00e9m, zlatob\u00fdlu a alstroemeri\u00ed. Nab\u00edz\u00edme tak\u00e9 rozvoz kytic v Praze.","robots":{"index":"index","follow":"follow","max-snippet":"max-snippet:-1","max-image-preview":"max-image-preview:large","max-video-preview":"max-video-preview:-1"},"canonical":"https:\/\/pinkpetals.cz\/produkt\/bright-gift-bouquet-r23\/","og_locale":"cs_CZ","og_type":"article","og_title":"Pestr\u00e1 d\u00e1rkov\u00e1 kytice Isabella - Pink Petals","og_description":"Pestr\u00e1 d\u00e1rkov\u00e1 kytice z r\u016f\u017e\u00ed, oby\u010dejn\u00fdch a trsov\u00fdch chryzant\u00e9m, zlatob\u00fdlu a alstroemeri\u00ed. Nab\u00edz\u00edme tak\u00e9 rozvoz kytic v Praze.","og_url":"https:\/\/pinkpetals.cz\/produkt\/bright-gift-bouquet-r23\/","og_site_name":"Pink Petals","article_modified_time":"2020-10-20T18:20:19+00:00","og_image":[{"width":800,"height":600,"url":"https:\/\/pinkpetals.cz\/wp-content\/uploads\/2020\/10\/d-rkova-kytice-chryzantemy-gift-bouquet-1350-r23-podarochnyj-buket.jpeg","type":"image\/jpeg"}],"twitter_card":"summary_large_image","schema":{"@context":"https:\/\/schema.org","@graph":[{"@type":"WebPage","@id":"https:\/\/pinkpetals.cz\/produkt\/bright-gift-bouquet-r23\/","url":"https:\/\/pinkpetals.cz\/produkt\/bright-gift-bouquet-r23\/","name":"Pestr\u00e1 d\u00e1rkov\u00e1 kytice Isabella - Pink Petals","isPartOf":{"@id":"https:\/\/pinkpetals.cz\/#website"},"primaryImageOfPage":{"@id":"https:\/\/pinkpetals.cz\/produkt\/bright-gift-bouquet-r23\/#primaryimage"},"image":{"@id":"https:\/\/pinkpetals.cz\/produkt\/bright-gift-bouquet-r23\/#primaryimage"},"thumbnailUrl":"https:\/\/pinkpetals.cz\/wp-content\/uploads\/2020\/10\/d-rkova-kytice-chryzantemy-gift-bouquet-1350-r23-podarochnyj-buket.jpeg","datePublished":"2020-10-12T21:28:55+00:00","dateModified":"2020-10-20T18:20:19+00:00","description":"Pestr\u00e1 d\u00e1rkov\u00e1 kytice z r\u016f\u017e\u00ed, oby\u010dejn\u00fdch a trsov\u00fdch chryzant\u00e9m, zlatob\u00fdlu a alstroemeri\u00ed. Nab\u00edz\u00edme tak\u00e9 rozvoz kytic v Praze.","breadcrumb":{"@id":"https:\/\/pinkpetals.cz\/produkt\/bright-gift-bouquet-r23\/#breadcrumb"},"inLanguage":"cs","potentialAction":[{"@type":"ReadAction","target":["https:\/\/pinkpetals.cz\/produkt\/bright-gift-bouquet-r23\/"]}]},{"@type":"ImageObject","inLanguage":"cs","@id":"https:\/\/pinkpetals.cz\/produkt\/bright-gift-bouquet-r23\/#primaryimage","url":"https:\/\/pinkpetals.cz\/wp-content\/uploads\/2020\/10\/d-rkova-kytice-chryzantemy-gift-bouquet-1350-r23-podarochnyj-buket.jpeg","contentUrl":"https:\/\/pinkpetals.cz\/wp-content\/uploads\/2020\/10\/d-rkova-kytice-chryzantemy-gift-bouquet-1350-r23-podarochnyj-buket.jpeg","width":800,"height":600},{"@type":"BreadcrumbList","@id":"https:\/\/pinkpetals.cz\/produkt\/bright-gift-bouquet-r23\/#breadcrumb","itemListElement":[{"@type":"ListItem","position":1,"name":"Home","item":"https:\/\/pinkpetals.cz\/cs\/"},{"@type":"ListItem","position":2,"name":"Obchod","item":"https:\/\/pinkpetals.cz\/cs\/obchod\/"},{"@type":"ListItem","position":3,"name":"Pestr\u00e1 d\u00e1rkov\u00e1 kytice Isabella"}]},{"@type":"WebSite","@id":"https:\/\/pinkpetals.cz\/#website","url":"https:\/\/pinkpetals.cz\/","name":"Pink Petals","description":"Flower delivery in Prague, Czech Republic","potentialAction":[{"@type":"SearchAction","target":{"@type":"EntryPoint","urlTemplate":"https:\/\/pinkpetals.cz\/?s={search_term_string}"},"query-input":{"@type":"PropertyValueSpecification","valueRequired":true,"valueName":"search_term_string"}}],"inLanguage":"cs"}]}},"_links":{"self":[{"href":"https:\/\/pinkpetals.cz\/cs\/wp-json\/wp\/v2\/product\/6706","targetHints":{"allow":["GET"]}}],"collection":[{"href":"https:\/\/pinkpetals.cz\/cs\/wp-json\/wp\/v2\/product"}],"about":[{"href":"https:\/\/pinkpetals.cz\/cs\/wp-json\/wp\/v2\/types\/product"}],"wp:featuredmedia":[{"embeddable":true,"href":"https:\/\/pinkpetals.cz\/cs\/wp-json\/wp\/v2\/media\/6749"}],"wp:attachment":[{"href":"https:\/\/pinkpetals.cz\/cs\/wp-json\/wp\/v2\/media?parent=6706"}],"wp:term":[{"taxonomy":"product_brand","embeddable":true,"href":"https:\/\/pinkpetals.cz\/cs\/wp-json\/wp\/v2\/product_brand?post=6706"},{"taxonomy":"product_cat","embeddable":true,"href":"https:\/\/pinkpetals.cz\/cs\/wp-json\/wp\/v2\/product_cat?post=6706"},{"taxonomy":"product_tag","embeddable":true,"href":"https:\/\/pinkpetals.cz\/cs\/wp-json\/wp\/v2\/product_tag?post=6706"}],"curies":[{"name":"wp","href":"https:\/\/api.w.org\/{rel}","templated":true}]}}