{"id":6705,"date":"2020-10-12T21:28:43","date_gmt":"2020-10-12T21:28:43","guid":{"rendered":"https:\/\/www.pinkpetals.cz\/product\/import-placeholder-for-54767\/"},"modified":"2020-10-20T18:21:23","modified_gmt":"2020-10-20T18:21:23","slug":"letni-kytice-l08","status":"publish","type":"product","link":"https:\/\/pinkpetals.cz\/cs\/produkt\/letni-kytice-l08\/","title":{"rendered":"Letn\u00ed kytice Evelyn"},"content":{"rendered":"<p>Letn\u00ed kytice ze zvone\u010dk\u016f, eustom, trsov\u00fdch r\u016f\u017e\u00ed, he\u0159m\u00e1nku, fial a limonka. D\u00e1rkov\u00e9 balen\u00ed. Zajist\u00edme doru\u010den\u00ed t\u00e9to kytice na kteroukoli adresu v Praze.<\/p>\n","protected":false},"excerpt":{"rendered":"<p>Letn\u00ed kytice ze zvone\u010dk\u016f, eustom, trsov\u00fdch r\u016f\u017e\u00ed, he\u0159m\u00e1nku, fial a limonka. D\u00e1rkov\u00e9 balen\u00ed. Zajist\u00edme doru\u010den\u00ed t\u00e9to kytice na kteroukoli adresu v Praze.<\/p>\n","protected":false},"featured_media":6745,"template":"","meta":[],"product_brand":[],"product_cat":[94],"product_tag":[],"class_list":{"0":"post-6705","1":"product","2":"type-product","3":"status-publish","4":"has-post-thumbnail","6":"product_cat-darkove-kytice","8":"first","9":"outofstock","10":"shipping-taxable","11":"purchasable","12":"product-type-simple"},"yoast_head":"<!-- This site is optimized with the Yoast SEO plugin v25.2 - https:\/\/yoast.com\/wordpress\/plugins\/seo\/ -->\n<title>Letn\u00ed kytice Evelyn - Pink Petals<\/title>\n<meta name=\"robots\" content=\"index, follow, max-snippet:-1, max-image-preview:large, max-video-preview:-1\" \/>\n<link rel=\"canonical\" href=\"https:\/\/pinkpetals.cz\/produkt\/summer-bouquet-l08\/\" \/>\n<meta property=\"og:locale\" content=\"cs_CZ\" \/>\n<meta property=\"og:type\" content=\"article\" \/>\n<meta property=\"og:title\" content=\"Letn\u00ed kytice Evelyn - Pink Petals\" \/>\n<meta property=\"og:description\" content=\"Letn\u00ed kytice ze zvone\u010dk\u016f, eustom, trsov\u00fdch r\u016f\u017e\u00ed, he\u0159m\u00e1nku, fial a limonka. D\u00e1rkov\u00e9 balen\u00ed. Zajist\u00edme doru\u010den\u00ed t\u00e9to kytice na kteroukoli adresu v Praze.\" \/>\n<meta property=\"og:url\" content=\"https:\/\/pinkpetals.cz\/produkt\/summer-bouquet-l08\/\" \/>\n<meta property=\"og:site_name\" content=\"Pink Petals\" \/>\n<meta property=\"article:modified_time\" content=\"2020-10-20T18:21:23+00:00\" \/>\n<meta property=\"og:image\" content=\"https:\/\/pinkpetals.cz\/wp-content\/uploads\/2020\/10\/darkova-kytice-1950-summer-bouquet-letnij-buket-l08.jpeg\" \/>\n\t<meta property=\"og:image:width\" content=\"800\" \/>\n\t<meta property=\"og:image:height\" content=\"600\" \/>\n\t<meta property=\"og:image:type\" content=\"image\/jpeg\" \/>\n<meta name=\"twitter:card\" content=\"summary_large_image\" \/>\n<script type=\"application\/ld+json\" class=\"yoast-schema-graph\">{\"@context\":\"https:\/\/schema.org\",\"@graph\":[{\"@type\":\"WebPage\",\"@id\":\"https:\/\/pinkpetals.cz\/produkt\/summer-bouquet-l08\/\",\"url\":\"https:\/\/pinkpetals.cz\/produkt\/summer-bouquet-l08\/\",\"name\":\"Letn\u00ed kytice Evelyn - Pink Petals\",\"isPartOf\":{\"@id\":\"https:\/\/pinkpetals.cz\/#website\"},\"primaryImageOfPage\":{\"@id\":\"https:\/\/pinkpetals.cz\/produkt\/summer-bouquet-l08\/#primaryimage\"},\"image\":{\"@id\":\"https:\/\/pinkpetals.cz\/produkt\/summer-bouquet-l08\/#primaryimage\"},\"thumbnailUrl\":\"https:\/\/pinkpetals.cz\/wp-content\/uploads\/2020\/10\/darkova-kytice-1950-summer-bouquet-letnij-buket-l08.jpeg\",\"datePublished\":\"2020-10-12T21:28:43+00:00\",\"dateModified\":\"2020-10-20T18:21:23+00:00\",\"breadcrumb\":{\"@id\":\"https:\/\/pinkpetals.cz\/produkt\/summer-bouquet-l08\/#breadcrumb\"},\"inLanguage\":\"cs\",\"potentialAction\":[{\"@type\":\"ReadAction\",\"target\":[\"https:\/\/pinkpetals.cz\/produkt\/summer-bouquet-l08\/\"]}]},{\"@type\":\"ImageObject\",\"inLanguage\":\"cs\",\"@id\":\"https:\/\/pinkpetals.cz\/produkt\/summer-bouquet-l08\/#primaryimage\",\"url\":\"https:\/\/pinkpetals.cz\/wp-content\/uploads\/2020\/10\/darkova-kytice-1950-summer-bouquet-letnij-buket-l08.jpeg\",\"contentUrl\":\"https:\/\/pinkpetals.cz\/wp-content\/uploads\/2020\/10\/darkova-kytice-1950-summer-bouquet-letnij-buket-l08.jpeg\",\"width\":800,\"height\":600},{\"@type\":\"BreadcrumbList\",\"@id\":\"https:\/\/pinkpetals.cz\/produkt\/summer-bouquet-l08\/#breadcrumb\",\"itemListElement\":[{\"@type\":\"ListItem\",\"position\":1,\"name\":\"Home\",\"item\":\"https:\/\/pinkpetals.cz\/cs\/\"},{\"@type\":\"ListItem\",\"position\":2,\"name\":\"Obchod\",\"item\":\"https:\/\/pinkpetals.cz\/cs\/obchod\/\"},{\"@type\":\"ListItem\",\"position\":3,\"name\":\"Letn\u00ed kytice Evelyn\"}]},{\"@type\":\"WebSite\",\"@id\":\"https:\/\/pinkpetals.cz\/#website\",\"url\":\"https:\/\/pinkpetals.cz\/\",\"name\":\"Pink Petals\",\"description\":\"Flower delivery in Prague, Czech Republic\",\"potentialAction\":[{\"@type\":\"SearchAction\",\"target\":{\"@type\":\"EntryPoint\",\"urlTemplate\":\"https:\/\/pinkpetals.cz\/?s={search_term_string}\"},\"query-input\":{\"@type\":\"PropertyValueSpecification\",\"valueRequired\":true,\"valueName\":\"search_term_string\"}}],\"inLanguage\":\"cs\"}]}<\/script>\n<!-- \/ Yoast SEO plugin. -->","yoast_head_json":{"title":"Letn\u00ed kytice Evelyn - Pink Petals","robots":{"index":"index","follow":"follow","max-snippet":"max-snippet:-1","max-image-preview":"max-image-preview:large","max-video-preview":"max-video-preview:-1"},"canonical":"https:\/\/pinkpetals.cz\/produkt\/summer-bouquet-l08\/","og_locale":"cs_CZ","og_type":"article","og_title":"Letn\u00ed kytice Evelyn - Pink Petals","og_description":"Letn\u00ed kytice ze zvone\u010dk\u016f, eustom, trsov\u00fdch r\u016f\u017e\u00ed, he\u0159m\u00e1nku, fial a limonka. D\u00e1rkov\u00e9 balen\u00ed. Zajist\u00edme doru\u010den\u00ed t\u00e9to kytice na kteroukoli adresu v Praze.","og_url":"https:\/\/pinkpetals.cz\/produkt\/summer-bouquet-l08\/","og_site_name":"Pink Petals","article_modified_time":"2020-10-20T18:21:23+00:00","og_image":[{"width":800,"height":600,"url":"https:\/\/pinkpetals.cz\/wp-content\/uploads\/2020\/10\/darkova-kytice-1950-summer-bouquet-letnij-buket-l08.jpeg","type":"image\/jpeg"}],"twitter_card":"summary_large_image","schema":{"@context":"https:\/\/schema.org","@graph":[{"@type":"WebPage","@id":"https:\/\/pinkpetals.cz\/produkt\/summer-bouquet-l08\/","url":"https:\/\/pinkpetals.cz\/produkt\/summer-bouquet-l08\/","name":"Letn\u00ed kytice Evelyn - Pink Petals","isPartOf":{"@id":"https:\/\/pinkpetals.cz\/#website"},"primaryImageOfPage":{"@id":"https:\/\/pinkpetals.cz\/produkt\/summer-bouquet-l08\/#primaryimage"},"image":{"@id":"https:\/\/pinkpetals.cz\/produkt\/summer-bouquet-l08\/#primaryimage"},"thumbnailUrl":"https:\/\/pinkpetals.cz\/wp-content\/uploads\/2020\/10\/darkova-kytice-1950-summer-bouquet-letnij-buket-l08.jpeg","datePublished":"2020-10-12T21:28:43+00:00","dateModified":"2020-10-20T18:21:23+00:00","breadcrumb":{"@id":"https:\/\/pinkpetals.cz\/produkt\/summer-bouquet-l08\/#breadcrumb"},"inLanguage":"cs","potentialAction":[{"@type":"ReadAction","target":["https:\/\/pinkpetals.cz\/produkt\/summer-bouquet-l08\/"]}]},{"@type":"ImageObject","inLanguage":"cs","@id":"https:\/\/pinkpetals.cz\/produkt\/summer-bouquet-l08\/#primaryimage","url":"https:\/\/pinkpetals.cz\/wp-content\/uploads\/2020\/10\/darkova-kytice-1950-summer-bouquet-letnij-buket-l08.jpeg","contentUrl":"https:\/\/pinkpetals.cz\/wp-content\/uploads\/2020\/10\/darkova-kytice-1950-summer-bouquet-letnij-buket-l08.jpeg","width":800,"height":600},{"@type":"BreadcrumbList","@id":"https:\/\/pinkpetals.cz\/produkt\/summer-bouquet-l08\/#breadcrumb","itemListElement":[{"@type":"ListItem","position":1,"name":"Home","item":"https:\/\/pinkpetals.cz\/cs\/"},{"@type":"ListItem","position":2,"name":"Obchod","item":"https:\/\/pinkpetals.cz\/cs\/obchod\/"},{"@type":"ListItem","position":3,"name":"Letn\u00ed kytice Evelyn"}]},{"@type":"WebSite","@id":"https:\/\/pinkpetals.cz\/#website","url":"https:\/\/pinkpetals.cz\/","name":"Pink Petals","description":"Flower delivery in Prague, Czech Republic","potentialAction":[{"@type":"SearchAction","target":{"@type":"EntryPoint","urlTemplate":"https:\/\/pinkpetals.cz\/?s={search_term_string}"},"query-input":{"@type":"PropertyValueSpecification","valueRequired":true,"valueName":"search_term_string"}}],"inLanguage":"cs"}]}},"_links":{"self":[{"href":"https:\/\/pinkpetals.cz\/cs\/wp-json\/wp\/v2\/product\/6705","targetHints":{"allow":["GET"]}}],"collection":[{"href":"https:\/\/pinkpetals.cz\/cs\/wp-json\/wp\/v2\/product"}],"about":[{"href":"https:\/\/pinkpetals.cz\/cs\/wp-json\/wp\/v2\/types\/product"}],"wp:featuredmedia":[{"embeddable":true,"href":"https:\/\/pinkpetals.cz\/cs\/wp-json\/wp\/v2\/media\/6745"}],"wp:attachment":[{"href":"https:\/\/pinkpetals.cz\/cs\/wp-json\/wp\/v2\/media?parent=6705"}],"wp:term":[{"taxonomy":"product_brand","embeddable":true,"href":"https:\/\/pinkpetals.cz\/cs\/wp-json\/wp\/v2\/product_brand?post=6705"},{"taxonomy":"product_cat","embeddable":true,"href":"https:\/\/pinkpetals.cz\/cs\/wp-json\/wp\/v2\/product_cat?post=6705"},{"taxonomy":"product_tag","embeddable":true,"href":"https:\/\/pinkpetals.cz\/cs\/wp-json\/wp\/v2\/product_tag?post=6705"}],"curies":[{"name":"wp","href":"https:\/\/api.w.org\/{rel}","templated":true}]}}