{"id":6704,"date":"2020-10-12T21:28:43","date_gmt":"2020-10-12T21:28:43","guid":{"rendered":"https:\/\/www.pinkpetals.cz\/product\/import-placeholder-for-54762\/"},"modified":"2020-10-20T18:22:10","modified_gmt":"2020-10-20T18:22:10","slug":"obrovska-lucni-kytice-l07","status":"publish","type":"product","link":"https:\/\/pinkpetals.cz\/cs\/produkt\/obrovska-lucni-kytice-l07\/","title":{"rendered":"Obrovsk\u00e1 lu\u010dn\u00ed kytice Mia"},"content":{"rendered":"<p>Obrovsk\u00e1 lu\u010dn\u00ed kytice obsahuje he\u0159m\u00e1nek, ostro\u017eku, plamenky, zlatob\u00fdl, kopretiny, eustomy, \u010dechravy a dal\u0161\u00ed kv\u011btiny. Kytice m\u00e1 pr\u016fm\u011br asi 70 cm. Zajist\u00edme dod\u00e1n\u00ed t\u00e9to kytice po Praze. Doporu\u010dujeme objedn\u00e1vat p\u00e1r pracovn\u00edch dn\u016f p\u0159ed doru\u010den\u00edm.<\/p>\n","protected":false},"excerpt":{"rendered":"<p>Obrovsk\u00e1 lu\u010dn\u00ed kytice obsahuje he\u0159m\u00e1nek, ostro\u017eku, plamenky, zlatob\u00fdl, kopretiny, eustomy, \u010dechravy a dal\u0161\u00ed kv\u011btiny. Kytice m\u00e1 pr\u016fm\u011br asi 70 cm. Zajist\u00edme dod\u00e1n\u00ed t\u00e9to kytice po Praze. Doporu\u010dujeme objedn\u00e1vat p\u00e1r pracovn\u00edch dn\u016f p\u0159ed doru\u010den\u00edm.<\/p>\n","protected":false},"featured_media":6741,"template":"","meta":[],"product_brand":[],"product_cat":[94],"product_tag":[],"class_list":{"0":"post-6704","1":"product","2":"type-product","3":"status-publish","4":"has-post-thumbnail","6":"product_cat-darkove-kytice","8":"first","9":"outofstock","10":"shipping-taxable","11":"purchasable","12":"product-type-simple"},"yoast_head":"<!-- This site is optimized with the Yoast SEO plugin v25.2 - https:\/\/yoast.com\/wordpress\/plugins\/seo\/ -->\n<title>Obrovsk\u00e1 lu\u010dn\u00ed kytice Mia - Pink Petals<\/title>\n<meta name=\"robots\" content=\"index, follow, max-snippet:-1, max-image-preview:large, max-video-preview:-1\" \/>\n<link rel=\"canonical\" href=\"https:\/\/pinkpetals.cz\/produkt\/huge-meadow-bouquet-l07\/\" \/>\n<meta property=\"og:locale\" content=\"cs_CZ\" \/>\n<meta property=\"og:type\" content=\"article\" \/>\n<meta property=\"og:title\" content=\"Obrovsk\u00e1 lu\u010dn\u00ed kytice Mia - Pink Petals\" \/>\n<meta property=\"og:description\" content=\"Obrovsk\u00e1 lu\u010dn\u00ed kytice obsahuje he\u0159m\u00e1nek, ostro\u017eku, plamenky, zlatob\u00fdl, kopretiny, eustomy, \u010dechravy a dal\u0161\u00ed kv\u011btiny. Kytice m\u00e1 pr\u016fm\u011br asi 70 cm. Zajist\u00edme dod\u00e1n\u00ed t\u00e9to kytice po Praze. Doporu\u010dujeme objedn\u00e1vat p\u00e1r pracovn\u00edch dn\u016f p\u0159ed doru\u010den\u00edm.\" \/>\n<meta property=\"og:url\" content=\"https:\/\/pinkpetals.cz\/produkt\/huge-meadow-bouquet-l07\/\" \/>\n<meta property=\"og:site_name\" content=\"Pink Petals\" \/>\n<meta property=\"article:modified_time\" content=\"2020-10-20T18:22:10+00:00\" \/>\n<meta property=\"og:image\" content=\"https:\/\/pinkpetals.cz\/wp-content\/uploads\/2020\/10\/lucni-kytice-obrovska-4500-giant-meadow-bouquet-l07-ogromnyj-lugovoj-buket.jpeg\" \/>\n\t<meta property=\"og:image:width\" content=\"800\" \/>\n\t<meta property=\"og:image:height\" content=\"600\" \/>\n\t<meta property=\"og:image:type\" content=\"image\/jpeg\" \/>\n<meta name=\"twitter:card\" content=\"summary_large_image\" \/>\n<script type=\"application\/ld+json\" class=\"yoast-schema-graph\">{\"@context\":\"https:\/\/schema.org\",\"@graph\":[{\"@type\":\"WebPage\",\"@id\":\"https:\/\/pinkpetals.cz\/produkt\/huge-meadow-bouquet-l07\/\",\"url\":\"https:\/\/pinkpetals.cz\/produkt\/huge-meadow-bouquet-l07\/\",\"name\":\"Obrovsk\u00e1 lu\u010dn\u00ed kytice Mia - Pink Petals\",\"isPartOf\":{\"@id\":\"https:\/\/pinkpetals.cz\/#website\"},\"primaryImageOfPage\":{\"@id\":\"https:\/\/pinkpetals.cz\/produkt\/huge-meadow-bouquet-l07\/#primaryimage\"},\"image\":{\"@id\":\"https:\/\/pinkpetals.cz\/produkt\/huge-meadow-bouquet-l07\/#primaryimage\"},\"thumbnailUrl\":\"https:\/\/pinkpetals.cz\/wp-content\/uploads\/2020\/10\/lucni-kytice-obrovska-4500-giant-meadow-bouquet-l07-ogromnyj-lugovoj-buket.jpeg\",\"datePublished\":\"2020-10-12T21:28:43+00:00\",\"dateModified\":\"2020-10-20T18:22:10+00:00\",\"breadcrumb\":{\"@id\":\"https:\/\/pinkpetals.cz\/produkt\/huge-meadow-bouquet-l07\/#breadcrumb\"},\"inLanguage\":\"cs\",\"potentialAction\":[{\"@type\":\"ReadAction\",\"target\":[\"https:\/\/pinkpetals.cz\/produkt\/huge-meadow-bouquet-l07\/\"]}]},{\"@type\":\"ImageObject\",\"inLanguage\":\"cs\",\"@id\":\"https:\/\/pinkpetals.cz\/produkt\/huge-meadow-bouquet-l07\/#primaryimage\",\"url\":\"https:\/\/pinkpetals.cz\/wp-content\/uploads\/2020\/10\/lucni-kytice-obrovska-4500-giant-meadow-bouquet-l07-ogromnyj-lugovoj-buket.jpeg\",\"contentUrl\":\"https:\/\/pinkpetals.cz\/wp-content\/uploads\/2020\/10\/lucni-kytice-obrovska-4500-giant-meadow-bouquet-l07-ogromnyj-lugovoj-buket.jpeg\",\"width\":800,\"height\":600},{\"@type\":\"BreadcrumbList\",\"@id\":\"https:\/\/pinkpetals.cz\/produkt\/huge-meadow-bouquet-l07\/#breadcrumb\",\"itemListElement\":[{\"@type\":\"ListItem\",\"position\":1,\"name\":\"Home\",\"item\":\"https:\/\/pinkpetals.cz\/cs\/\"},{\"@type\":\"ListItem\",\"position\":2,\"name\":\"Obchod\",\"item\":\"https:\/\/pinkpetals.cz\/cs\/obchod\/\"},{\"@type\":\"ListItem\",\"position\":3,\"name\":\"Obrovsk\u00e1 lu\u010dn\u00ed kytice Mia\"}]},{\"@type\":\"WebSite\",\"@id\":\"https:\/\/pinkpetals.cz\/#website\",\"url\":\"https:\/\/pinkpetals.cz\/\",\"name\":\"Pink Petals\",\"description\":\"Flower delivery in Prague, Czech Republic\",\"potentialAction\":[{\"@type\":\"SearchAction\",\"target\":{\"@type\":\"EntryPoint\",\"urlTemplate\":\"https:\/\/pinkpetals.cz\/?s={search_term_string}\"},\"query-input\":{\"@type\":\"PropertyValueSpecification\",\"valueRequired\":true,\"valueName\":\"search_term_string\"}}],\"inLanguage\":\"cs\"}]}<\/script>\n<!-- \/ Yoast SEO plugin. -->","yoast_head_json":{"title":"Obrovsk\u00e1 lu\u010dn\u00ed kytice Mia - Pink Petals","robots":{"index":"index","follow":"follow","max-snippet":"max-snippet:-1","max-image-preview":"max-image-preview:large","max-video-preview":"max-video-preview:-1"},"canonical":"https:\/\/pinkpetals.cz\/produkt\/huge-meadow-bouquet-l07\/","og_locale":"cs_CZ","og_type":"article","og_title":"Obrovsk\u00e1 lu\u010dn\u00ed kytice Mia - Pink Petals","og_description":"Obrovsk\u00e1 lu\u010dn\u00ed kytice obsahuje he\u0159m\u00e1nek, ostro\u017eku, plamenky, zlatob\u00fdl, kopretiny, eustomy, \u010dechravy a dal\u0161\u00ed kv\u011btiny. Kytice m\u00e1 pr\u016fm\u011br asi 70 cm. Zajist\u00edme dod\u00e1n\u00ed t\u00e9to kytice po Praze. Doporu\u010dujeme objedn\u00e1vat p\u00e1r pracovn\u00edch dn\u016f p\u0159ed doru\u010den\u00edm.","og_url":"https:\/\/pinkpetals.cz\/produkt\/huge-meadow-bouquet-l07\/","og_site_name":"Pink Petals","article_modified_time":"2020-10-20T18:22:10+00:00","og_image":[{"width":800,"height":600,"url":"https:\/\/pinkpetals.cz\/wp-content\/uploads\/2020\/10\/lucni-kytice-obrovska-4500-giant-meadow-bouquet-l07-ogromnyj-lugovoj-buket.jpeg","type":"image\/jpeg"}],"twitter_card":"summary_large_image","schema":{"@context":"https:\/\/schema.org","@graph":[{"@type":"WebPage","@id":"https:\/\/pinkpetals.cz\/produkt\/huge-meadow-bouquet-l07\/","url":"https:\/\/pinkpetals.cz\/produkt\/huge-meadow-bouquet-l07\/","name":"Obrovsk\u00e1 lu\u010dn\u00ed kytice Mia - Pink Petals","isPartOf":{"@id":"https:\/\/pinkpetals.cz\/#website"},"primaryImageOfPage":{"@id":"https:\/\/pinkpetals.cz\/produkt\/huge-meadow-bouquet-l07\/#primaryimage"},"image":{"@id":"https:\/\/pinkpetals.cz\/produkt\/huge-meadow-bouquet-l07\/#primaryimage"},"thumbnailUrl":"https:\/\/pinkpetals.cz\/wp-content\/uploads\/2020\/10\/lucni-kytice-obrovska-4500-giant-meadow-bouquet-l07-ogromnyj-lugovoj-buket.jpeg","datePublished":"2020-10-12T21:28:43+00:00","dateModified":"2020-10-20T18:22:10+00:00","breadcrumb":{"@id":"https:\/\/pinkpetals.cz\/produkt\/huge-meadow-bouquet-l07\/#breadcrumb"},"inLanguage":"cs","potentialAction":[{"@type":"ReadAction","target":["https:\/\/pinkpetals.cz\/produkt\/huge-meadow-bouquet-l07\/"]}]},{"@type":"ImageObject","inLanguage":"cs","@id":"https:\/\/pinkpetals.cz\/produkt\/huge-meadow-bouquet-l07\/#primaryimage","url":"https:\/\/pinkpetals.cz\/wp-content\/uploads\/2020\/10\/lucni-kytice-obrovska-4500-giant-meadow-bouquet-l07-ogromnyj-lugovoj-buket.jpeg","contentUrl":"https:\/\/pinkpetals.cz\/wp-content\/uploads\/2020\/10\/lucni-kytice-obrovska-4500-giant-meadow-bouquet-l07-ogromnyj-lugovoj-buket.jpeg","width":800,"height":600},{"@type":"BreadcrumbList","@id":"https:\/\/pinkpetals.cz\/produkt\/huge-meadow-bouquet-l07\/#breadcrumb","itemListElement":[{"@type":"ListItem","position":1,"name":"Home","item":"https:\/\/pinkpetals.cz\/cs\/"},{"@type":"ListItem","position":2,"name":"Obchod","item":"https:\/\/pinkpetals.cz\/cs\/obchod\/"},{"@type":"ListItem","position":3,"name":"Obrovsk\u00e1 lu\u010dn\u00ed kytice Mia"}]},{"@type":"WebSite","@id":"https:\/\/pinkpetals.cz\/#website","url":"https:\/\/pinkpetals.cz\/","name":"Pink Petals","description":"Flower delivery in Prague, Czech Republic","potentialAction":[{"@type":"SearchAction","target":{"@type":"EntryPoint","urlTemplate":"https:\/\/pinkpetals.cz\/?s={search_term_string}"},"query-input":{"@type":"PropertyValueSpecification","valueRequired":true,"valueName":"search_term_string"}}],"inLanguage":"cs"}]}},"_links":{"self":[{"href":"https:\/\/pinkpetals.cz\/cs\/wp-json\/wp\/v2\/product\/6704","targetHints":{"allow":["GET"]}}],"collection":[{"href":"https:\/\/pinkpetals.cz\/cs\/wp-json\/wp\/v2\/product"}],"about":[{"href":"https:\/\/pinkpetals.cz\/cs\/wp-json\/wp\/v2\/types\/product"}],"wp:featuredmedia":[{"embeddable":true,"href":"https:\/\/pinkpetals.cz\/cs\/wp-json\/wp\/v2\/media\/6741"}],"wp:attachment":[{"href":"https:\/\/pinkpetals.cz\/cs\/wp-json\/wp\/v2\/media?parent=6704"}],"wp:term":[{"taxonomy":"product_brand","embeddable":true,"href":"https:\/\/pinkpetals.cz\/cs\/wp-json\/wp\/v2\/product_brand?post=6704"},{"taxonomy":"product_cat","embeddable":true,"href":"https:\/\/pinkpetals.cz\/cs\/wp-json\/wp\/v2\/product_cat?post=6704"},{"taxonomy":"product_tag","embeddable":true,"href":"https:\/\/pinkpetals.cz\/cs\/wp-json\/wp\/v2\/product_tag?post=6704"}],"curies":[{"name":"wp","href":"https:\/\/api.w.org\/{rel}","templated":true}]}}