{"id":6588,"date":"2020-10-12T21:28:32","date_gmt":"2020-10-12T21:28:32","guid":{"rendered":"https:\/\/www.pinkpetals.cz\/product\/import-placeholder-for-54703\/"},"modified":"2020-10-11T19:46:50","modified_gmt":"2020-10-11T19:46:50","slug":"kytice-gerber","status":"publish","type":"product","link":"https:\/\/pinkpetals.cz\/cs\/produkt\/kytice-gerber\/","title":{"rendered":"Kytice gerber"},"content":{"rendered":"<p>Kytice mini gerber jedn\u00e9 barvy nebo n\u011bkolika barev s okrasnou zelen\u00ed. Nab\u00edz\u00edme ve velikostech S (21 kus\u016f), M (27 kus\u016f), L (35 kus\u016f) a XL (45 kus\u016f). D\u00e1rkov\u00e9 balen\u00ed. Rozvoz kv\u011btin v Praze. Pokud tyto varianty V\u00e1m nevyhovuj\u00ed, p\u0159izp\u016fsob\u00edme velikost Va\u0161im po\u017eadavk\u016fm, napi\u0161te n\u00e1m, kolik gerber pot\u0159ebujete. Na obr\u00e1zku je kytice cca 27 gerber s okrasnou zelen\u00ed.<\/p>\n","protected":false},"excerpt":{"rendered":"<p>Kytice mini gerber jedn\u00e9 barvy nebo n\u011bkolika barev s okrasnou zelen\u00ed. Nab\u00edz\u00edme ve velikostech S (21 kus\u016f), M (27 kus\u016f), L (35 kus\u016f) a XL (45 kus\u016f). D\u00e1rkov\u00e9 balen\u00ed. Rozvoz kv\u011btin v Praze. Pokud tyto varianty V\u00e1m nevyhovuj\u00ed, p\u0159izp\u016fsob\u00edme velikost Va\u0161im po\u017eadavk\u016fm, napi\u0161te n\u00e1m, kolik gerber pot\u0159ebujete. Na obr\u00e1zku je kytice cca 27 gerber s okrasnou zelen\u00ed.<\/p>\n","protected":false},"featured_media":6696,"template":"","meta":[],"product_brand":[],"product_cat":[295,96],"product_tag":[],"class_list":{"0":"post-6588","1":"product","2":"type-product","3":"status-publish","4":"has-post-thumbnail","6":"product_cat-gerbery-cs","7":"product_cat-z-jednoho-rodu","9":"first","10":"instock","11":"shipping-taxable","12":"purchasable","13":"product-type-variable","14":"has-default-attributes"},"yoast_head":"<!-- This site is optimized with the Yoast SEO plugin v25.2 - https:\/\/yoast.com\/wordpress\/plugins\/seo\/ -->\n<title>Kytice gerber - Pink Petals<\/title>\n<meta name=\"robots\" content=\"index, follow, max-snippet:-1, max-image-preview:large, max-video-preview:-1\" \/>\n<link rel=\"canonical\" href=\"https:\/\/pinkpetals.cz\/produkt\/gerberas-bouquet\/\" \/>\n<meta property=\"og:locale\" content=\"cs_CZ\" \/>\n<meta property=\"og:type\" content=\"article\" \/>\n<meta property=\"og:title\" content=\"Kytice gerber - Pink Petals\" \/>\n<meta property=\"og:description\" content=\"Kytice mini gerber jedn\u00e9 barvy nebo n\u011bkolika barev s okrasnou zelen\u00ed. Nab\u00edz\u00edme ve velikostech S (21 kus\u016f), M (27 kus\u016f), L (35 kus\u016f) a XL (45 kus\u016f). D\u00e1rkov\u00e9 balen\u00ed. Rozvoz kv\u011btin v Praze. Pokud tyto varianty V\u00e1m nevyhovuj\u00ed, p\u0159izp\u016fsob\u00edme velikost Va\u0161im po\u017eadavk\u016fm, napi\u0161te n\u00e1m, kolik gerber pot\u0159ebujete. Na obr\u00e1zku je kytice cca 27 gerber s okrasnou zelen\u00ed.\" \/>\n<meta property=\"og:url\" content=\"https:\/\/pinkpetals.cz\/produkt\/gerberas-bouquet\/\" \/>\n<meta property=\"og:site_name\" content=\"Pink Petals\" \/>\n<meta property=\"og:image\" content=\"https:\/\/pinkpetals.cz\/wp-content\/uploads\/2020\/10\/kytice-gerber-gerberas-bouquet-buket-gerber-21-800-35-1200-45-1500.jpg\" \/>\n\t<meta property=\"og:image:width\" content=\"801\" \/>\n\t<meta property=\"og:image:height\" content=\"600\" \/>\n\t<meta property=\"og:image:type\" content=\"image\/jpeg\" \/>\n<meta name=\"twitter:card\" content=\"summary_large_image\" \/>\n<script type=\"application\/ld+json\" class=\"yoast-schema-graph\">{\"@context\":\"https:\/\/schema.org\",\"@graph\":[{\"@type\":\"WebPage\",\"@id\":\"https:\/\/pinkpetals.cz\/produkt\/gerberas-bouquet\/\",\"url\":\"https:\/\/pinkpetals.cz\/produkt\/gerberas-bouquet\/\",\"name\":\"Kytice gerber - Pink Petals\",\"isPartOf\":{\"@id\":\"https:\/\/pinkpetals.cz\/#website\"},\"primaryImageOfPage\":{\"@id\":\"https:\/\/pinkpetals.cz\/produkt\/gerberas-bouquet\/#primaryimage\"},\"image\":{\"@id\":\"https:\/\/pinkpetals.cz\/produkt\/gerberas-bouquet\/#primaryimage\"},\"thumbnailUrl\":\"https:\/\/pinkpetals.cz\/wp-content\/uploads\/2020\/10\/kytice-gerber-gerberas-bouquet-buket-gerber-21-800-35-1200-45-1500.jpg\",\"datePublished\":\"2020-10-12T21:28:32+00:00\",\"breadcrumb\":{\"@id\":\"https:\/\/pinkpetals.cz\/produkt\/gerberas-bouquet\/#breadcrumb\"},\"inLanguage\":\"cs\",\"potentialAction\":[{\"@type\":\"ReadAction\",\"target\":[\"https:\/\/pinkpetals.cz\/produkt\/gerberas-bouquet\/\"]}]},{\"@type\":\"ImageObject\",\"inLanguage\":\"cs\",\"@id\":\"https:\/\/pinkpetals.cz\/produkt\/gerberas-bouquet\/#primaryimage\",\"url\":\"https:\/\/pinkpetals.cz\/wp-content\/uploads\/2020\/10\/kytice-gerber-gerberas-bouquet-buket-gerber-21-800-35-1200-45-1500.jpg\",\"contentUrl\":\"https:\/\/pinkpetals.cz\/wp-content\/uploads\/2020\/10\/kytice-gerber-gerberas-bouquet-buket-gerber-21-800-35-1200-45-1500.jpg\",\"width\":801,\"height\":600},{\"@type\":\"BreadcrumbList\",\"@id\":\"https:\/\/pinkpetals.cz\/produkt\/gerberas-bouquet\/#breadcrumb\",\"itemListElement\":[{\"@type\":\"ListItem\",\"position\":1,\"name\":\"Home\",\"item\":\"https:\/\/pinkpetals.cz\/cs\/\"},{\"@type\":\"ListItem\",\"position\":2,\"name\":\"Obchod\",\"item\":\"https:\/\/pinkpetals.cz\/cs\/obchod\/\"},{\"@type\":\"ListItem\",\"position\":3,\"name\":\"Kytice gerber\"}]},{\"@type\":\"WebSite\",\"@id\":\"https:\/\/pinkpetals.cz\/#website\",\"url\":\"https:\/\/pinkpetals.cz\/\",\"name\":\"Pink Petals\",\"description\":\"Flower delivery in Prague, Czech Republic\",\"potentialAction\":[{\"@type\":\"SearchAction\",\"target\":{\"@type\":\"EntryPoint\",\"urlTemplate\":\"https:\/\/pinkpetals.cz\/?s={search_term_string}\"},\"query-input\":{\"@type\":\"PropertyValueSpecification\",\"valueRequired\":true,\"valueName\":\"search_term_string\"}}],\"inLanguage\":\"cs\"}]}<\/script>\n<!-- \/ Yoast SEO plugin. -->","yoast_head_json":{"title":"Kytice gerber - Pink Petals","robots":{"index":"index","follow":"follow","max-snippet":"max-snippet:-1","max-image-preview":"max-image-preview:large","max-video-preview":"max-video-preview:-1"},"canonical":"https:\/\/pinkpetals.cz\/produkt\/gerberas-bouquet\/","og_locale":"cs_CZ","og_type":"article","og_title":"Kytice gerber - Pink Petals","og_description":"Kytice mini gerber jedn\u00e9 barvy nebo n\u011bkolika barev s okrasnou zelen\u00ed. Nab\u00edz\u00edme ve velikostech S (21 kus\u016f), M (27 kus\u016f), L (35 kus\u016f) a XL (45 kus\u016f). D\u00e1rkov\u00e9 balen\u00ed. Rozvoz kv\u011btin v Praze. Pokud tyto varianty V\u00e1m nevyhovuj\u00ed, p\u0159izp\u016fsob\u00edme velikost Va\u0161im po\u017eadavk\u016fm, napi\u0161te n\u00e1m, kolik gerber pot\u0159ebujete. Na obr\u00e1zku je kytice cca 27 gerber s okrasnou zelen\u00ed.","og_url":"https:\/\/pinkpetals.cz\/produkt\/gerberas-bouquet\/","og_site_name":"Pink Petals","og_image":[{"width":801,"height":600,"url":"https:\/\/pinkpetals.cz\/wp-content\/uploads\/2020\/10\/kytice-gerber-gerberas-bouquet-buket-gerber-21-800-35-1200-45-1500.jpg","type":"image\/jpeg"}],"twitter_card":"summary_large_image","schema":{"@context":"https:\/\/schema.org","@graph":[{"@type":"WebPage","@id":"https:\/\/pinkpetals.cz\/produkt\/gerberas-bouquet\/","url":"https:\/\/pinkpetals.cz\/produkt\/gerberas-bouquet\/","name":"Kytice gerber - Pink Petals","isPartOf":{"@id":"https:\/\/pinkpetals.cz\/#website"},"primaryImageOfPage":{"@id":"https:\/\/pinkpetals.cz\/produkt\/gerberas-bouquet\/#primaryimage"},"image":{"@id":"https:\/\/pinkpetals.cz\/produkt\/gerberas-bouquet\/#primaryimage"},"thumbnailUrl":"https:\/\/pinkpetals.cz\/wp-content\/uploads\/2020\/10\/kytice-gerber-gerberas-bouquet-buket-gerber-21-800-35-1200-45-1500.jpg","datePublished":"2020-10-12T21:28:32+00:00","breadcrumb":{"@id":"https:\/\/pinkpetals.cz\/produkt\/gerberas-bouquet\/#breadcrumb"},"inLanguage":"cs","potentialAction":[{"@type":"ReadAction","target":["https:\/\/pinkpetals.cz\/produkt\/gerberas-bouquet\/"]}]},{"@type":"ImageObject","inLanguage":"cs","@id":"https:\/\/pinkpetals.cz\/produkt\/gerberas-bouquet\/#primaryimage","url":"https:\/\/pinkpetals.cz\/wp-content\/uploads\/2020\/10\/kytice-gerber-gerberas-bouquet-buket-gerber-21-800-35-1200-45-1500.jpg","contentUrl":"https:\/\/pinkpetals.cz\/wp-content\/uploads\/2020\/10\/kytice-gerber-gerberas-bouquet-buket-gerber-21-800-35-1200-45-1500.jpg","width":801,"height":600},{"@type":"BreadcrumbList","@id":"https:\/\/pinkpetals.cz\/produkt\/gerberas-bouquet\/#breadcrumb","itemListElement":[{"@type":"ListItem","position":1,"name":"Home","item":"https:\/\/pinkpetals.cz\/cs\/"},{"@type":"ListItem","position":2,"name":"Obchod","item":"https:\/\/pinkpetals.cz\/cs\/obchod\/"},{"@type":"ListItem","position":3,"name":"Kytice gerber"}]},{"@type":"WebSite","@id":"https:\/\/pinkpetals.cz\/#website","url":"https:\/\/pinkpetals.cz\/","name":"Pink Petals","description":"Flower delivery in Prague, Czech Republic","potentialAction":[{"@type":"SearchAction","target":{"@type":"EntryPoint","urlTemplate":"https:\/\/pinkpetals.cz\/?s={search_term_string}"},"query-input":{"@type":"PropertyValueSpecification","valueRequired":true,"valueName":"search_term_string"}}],"inLanguage":"cs"}]}},"_links":{"self":[{"href":"https:\/\/pinkpetals.cz\/cs\/wp-json\/wp\/v2\/product\/6588","targetHints":{"allow":["GET"]}}],"collection":[{"href":"https:\/\/pinkpetals.cz\/cs\/wp-json\/wp\/v2\/product"}],"about":[{"href":"https:\/\/pinkpetals.cz\/cs\/wp-json\/wp\/v2\/types\/product"}],"wp:featuredmedia":[{"embeddable":true,"href":"https:\/\/pinkpetals.cz\/cs\/wp-json\/wp\/v2\/media\/6696"}],"wp:attachment":[{"href":"https:\/\/pinkpetals.cz\/cs\/wp-json\/wp\/v2\/media?parent=6588"}],"wp:term":[{"taxonomy":"product_brand","embeddable":true,"href":"https:\/\/pinkpetals.cz\/cs\/wp-json\/wp\/v2\/product_brand?post=6588"},{"taxonomy":"product_cat","embeddable":true,"href":"https:\/\/pinkpetals.cz\/cs\/wp-json\/wp\/v2\/product_cat?post=6588"},{"taxonomy":"product_tag","embeddable":true,"href":"https:\/\/pinkpetals.cz\/cs\/wp-json\/wp\/v2\/product_tag?post=6588"}],"curies":[{"name":"wp","href":"https:\/\/api.w.org\/{rel}","templated":true}]}}