{"id":6585,"date":"2020-10-12T21:28:31","date_gmt":"2020-10-12T21:28:31","guid":{"rendered":"https:\/\/www.pinkpetals.cz\/product\/import-placeholder-for-54608\/"},"modified":"2020-10-11T19:44:26","modified_gmt":"2020-10-11T19:44:26","slug":"michana-kytice-h11","status":"publish","type":"product","link":"https:\/\/pinkpetals.cz\/cs\/produkt\/michana-kytice-h11\/","title":{"rendered":"M\u00edchan\u00e1 kytice H11"},"content":{"rendered":"<p>M\u00edchan\u00e1 kytice s hortenzi\u00ed, bodl\u00e1kem, trsov\u00fdmi a oby\u010dejn\u00fdmi r\u016f\u017eemi, fialami a alstroem\u00e9riemi. Dod\u00e1n\u00ed v Praze. D\u00e1rkov\u00e9 balen\u00ed.<\/p>\n","protected":false},"excerpt":{"rendered":"<p>M\u00edchan\u00e1 kytice s hortenzi\u00ed, bodl\u00e1kem, trsov\u00fdmi a oby\u010dejn\u00fdmi r\u016f\u017eemi, fialami a alstroem\u00e9riemi. Dod\u00e1n\u00ed v Praze. D\u00e1rkov\u00e9 balen\u00ed.<\/p>\n","protected":false},"featured_media":6684,"template":"","meta":[],"product_brand":[],"product_cat":[94],"product_tag":[],"class_list":{"0":"post-6585","1":"product","2":"type-product","3":"status-publish","4":"has-post-thumbnail","6":"product_cat-darkove-kytice","8":"first","9":"outofstock","10":"shipping-taxable","11":"purchasable","12":"product-type-simple"},"yoast_head":"<!-- This site is optimized with the Yoast SEO plugin v25.2 - https:\/\/yoast.com\/wordpress\/plugins\/seo\/ -->\n<title>M\u00edchan\u00e1 kytice H11 - Pink Petals<\/title>\n<meta name=\"robots\" content=\"index, follow, max-snippet:-1, max-image-preview:large, max-video-preview:-1\" \/>\n<link rel=\"canonical\" href=\"https:\/\/pinkpetals.cz\/produkt\/mixed-bouquet-h11\/\" \/>\n<meta property=\"og:locale\" content=\"cs_CZ\" \/>\n<meta property=\"og:type\" content=\"article\" \/>\n<meta property=\"og:title\" content=\"M\u00edchan\u00e1 kytice H11 - Pink Petals\" \/>\n<meta property=\"og:description\" content=\"M\u00edchan\u00e1 kytice s hortenzi\u00ed, bodl\u00e1kem, trsov\u00fdmi a oby\u010dejn\u00fdmi r\u016f\u017eemi, fialami a alstroem\u00e9riemi. Dod\u00e1n\u00ed v Praze. D\u00e1rkov\u00e9 balen\u00ed.\" \/>\n<meta property=\"og:url\" content=\"https:\/\/pinkpetals.cz\/produkt\/mixed-bouquet-h11\/\" \/>\n<meta property=\"og:site_name\" content=\"Pink Petals\" \/>\n<meta property=\"og:image\" content=\"https:\/\/pinkpetals.cz\/wp-content\/uploads\/2020\/10\/kytka-vic-barev-1350-bright-bouquet-yarkij-buket.jpeg\" \/>\n\t<meta property=\"og:image:width\" content=\"800\" \/>\n\t<meta property=\"og:image:height\" content=\"600\" \/>\n\t<meta property=\"og:image:type\" content=\"image\/jpeg\" \/>\n<meta name=\"twitter:card\" content=\"summary_large_image\" \/>\n<script type=\"application\/ld+json\" class=\"yoast-schema-graph\">{\"@context\":\"https:\/\/schema.org\",\"@graph\":[{\"@type\":\"WebPage\",\"@id\":\"https:\/\/pinkpetals.cz\/produkt\/mixed-bouquet-h11\/\",\"url\":\"https:\/\/pinkpetals.cz\/produkt\/mixed-bouquet-h11\/\",\"name\":\"M\u00edchan\u00e1 kytice H11 - Pink Petals\",\"isPartOf\":{\"@id\":\"https:\/\/pinkpetals.cz\/#website\"},\"primaryImageOfPage\":{\"@id\":\"https:\/\/pinkpetals.cz\/produkt\/mixed-bouquet-h11\/#primaryimage\"},\"image\":{\"@id\":\"https:\/\/pinkpetals.cz\/produkt\/mixed-bouquet-h11\/#primaryimage\"},\"thumbnailUrl\":\"https:\/\/pinkpetals.cz\/wp-content\/uploads\/2020\/10\/kytka-vic-barev-1350-bright-bouquet-yarkij-buket.jpeg\",\"datePublished\":\"2020-10-12T21:28:31+00:00\",\"breadcrumb\":{\"@id\":\"https:\/\/pinkpetals.cz\/produkt\/mixed-bouquet-h11\/#breadcrumb\"},\"inLanguage\":\"cs\",\"potentialAction\":[{\"@type\":\"ReadAction\",\"target\":[\"https:\/\/pinkpetals.cz\/produkt\/mixed-bouquet-h11\/\"]}]},{\"@type\":\"ImageObject\",\"inLanguage\":\"cs\",\"@id\":\"https:\/\/pinkpetals.cz\/produkt\/mixed-bouquet-h11\/#primaryimage\",\"url\":\"https:\/\/pinkpetals.cz\/wp-content\/uploads\/2020\/10\/kytka-vic-barev-1350-bright-bouquet-yarkij-buket.jpeg\",\"contentUrl\":\"https:\/\/pinkpetals.cz\/wp-content\/uploads\/2020\/10\/kytka-vic-barev-1350-bright-bouquet-yarkij-buket.jpeg\",\"width\":800,\"height\":600},{\"@type\":\"BreadcrumbList\",\"@id\":\"https:\/\/pinkpetals.cz\/produkt\/mixed-bouquet-h11\/#breadcrumb\",\"itemListElement\":[{\"@type\":\"ListItem\",\"position\":1,\"name\":\"Home\",\"item\":\"https:\/\/pinkpetals.cz\/cs\/\"},{\"@type\":\"ListItem\",\"position\":2,\"name\":\"Obchod\",\"item\":\"https:\/\/pinkpetals.cz\/cs\/obchod\/\"},{\"@type\":\"ListItem\",\"position\":3,\"name\":\"M\u00edchan\u00e1 kytice H11\"}]},{\"@type\":\"WebSite\",\"@id\":\"https:\/\/pinkpetals.cz\/#website\",\"url\":\"https:\/\/pinkpetals.cz\/\",\"name\":\"Pink Petals\",\"description\":\"Flower delivery in Prague, Czech Republic\",\"potentialAction\":[{\"@type\":\"SearchAction\",\"target\":{\"@type\":\"EntryPoint\",\"urlTemplate\":\"https:\/\/pinkpetals.cz\/?s={search_term_string}\"},\"query-input\":{\"@type\":\"PropertyValueSpecification\",\"valueRequired\":true,\"valueName\":\"search_term_string\"}}],\"inLanguage\":\"cs\"}]}<\/script>\n<!-- \/ Yoast SEO plugin. -->","yoast_head_json":{"title":"M\u00edchan\u00e1 kytice H11 - Pink Petals","robots":{"index":"index","follow":"follow","max-snippet":"max-snippet:-1","max-image-preview":"max-image-preview:large","max-video-preview":"max-video-preview:-1"},"canonical":"https:\/\/pinkpetals.cz\/produkt\/mixed-bouquet-h11\/","og_locale":"cs_CZ","og_type":"article","og_title":"M\u00edchan\u00e1 kytice H11 - Pink Petals","og_description":"M\u00edchan\u00e1 kytice s hortenzi\u00ed, bodl\u00e1kem, trsov\u00fdmi a oby\u010dejn\u00fdmi r\u016f\u017eemi, fialami a alstroem\u00e9riemi. Dod\u00e1n\u00ed v Praze. D\u00e1rkov\u00e9 balen\u00ed.","og_url":"https:\/\/pinkpetals.cz\/produkt\/mixed-bouquet-h11\/","og_site_name":"Pink Petals","og_image":[{"width":800,"height":600,"url":"https:\/\/pinkpetals.cz\/wp-content\/uploads\/2020\/10\/kytka-vic-barev-1350-bright-bouquet-yarkij-buket.jpeg","type":"image\/jpeg"}],"twitter_card":"summary_large_image","schema":{"@context":"https:\/\/schema.org","@graph":[{"@type":"WebPage","@id":"https:\/\/pinkpetals.cz\/produkt\/mixed-bouquet-h11\/","url":"https:\/\/pinkpetals.cz\/produkt\/mixed-bouquet-h11\/","name":"M\u00edchan\u00e1 kytice H11 - Pink Petals","isPartOf":{"@id":"https:\/\/pinkpetals.cz\/#website"},"primaryImageOfPage":{"@id":"https:\/\/pinkpetals.cz\/produkt\/mixed-bouquet-h11\/#primaryimage"},"image":{"@id":"https:\/\/pinkpetals.cz\/produkt\/mixed-bouquet-h11\/#primaryimage"},"thumbnailUrl":"https:\/\/pinkpetals.cz\/wp-content\/uploads\/2020\/10\/kytka-vic-barev-1350-bright-bouquet-yarkij-buket.jpeg","datePublished":"2020-10-12T21:28:31+00:00","breadcrumb":{"@id":"https:\/\/pinkpetals.cz\/produkt\/mixed-bouquet-h11\/#breadcrumb"},"inLanguage":"cs","potentialAction":[{"@type":"ReadAction","target":["https:\/\/pinkpetals.cz\/produkt\/mixed-bouquet-h11\/"]}]},{"@type":"ImageObject","inLanguage":"cs","@id":"https:\/\/pinkpetals.cz\/produkt\/mixed-bouquet-h11\/#primaryimage","url":"https:\/\/pinkpetals.cz\/wp-content\/uploads\/2020\/10\/kytka-vic-barev-1350-bright-bouquet-yarkij-buket.jpeg","contentUrl":"https:\/\/pinkpetals.cz\/wp-content\/uploads\/2020\/10\/kytka-vic-barev-1350-bright-bouquet-yarkij-buket.jpeg","width":800,"height":600},{"@type":"BreadcrumbList","@id":"https:\/\/pinkpetals.cz\/produkt\/mixed-bouquet-h11\/#breadcrumb","itemListElement":[{"@type":"ListItem","position":1,"name":"Home","item":"https:\/\/pinkpetals.cz\/cs\/"},{"@type":"ListItem","position":2,"name":"Obchod","item":"https:\/\/pinkpetals.cz\/cs\/obchod\/"},{"@type":"ListItem","position":3,"name":"M\u00edchan\u00e1 kytice H11"}]},{"@type":"WebSite","@id":"https:\/\/pinkpetals.cz\/#website","url":"https:\/\/pinkpetals.cz\/","name":"Pink Petals","description":"Flower delivery in Prague, Czech Republic","potentialAction":[{"@type":"SearchAction","target":{"@type":"EntryPoint","urlTemplate":"https:\/\/pinkpetals.cz\/?s={search_term_string}"},"query-input":{"@type":"PropertyValueSpecification","valueRequired":true,"valueName":"search_term_string"}}],"inLanguage":"cs"}]}},"_links":{"self":[{"href":"https:\/\/pinkpetals.cz\/cs\/wp-json\/wp\/v2\/product\/6585","targetHints":{"allow":["GET"]}}],"collection":[{"href":"https:\/\/pinkpetals.cz\/cs\/wp-json\/wp\/v2\/product"}],"about":[{"href":"https:\/\/pinkpetals.cz\/cs\/wp-json\/wp\/v2\/types\/product"}],"wp:featuredmedia":[{"embeddable":true,"href":"https:\/\/pinkpetals.cz\/cs\/wp-json\/wp\/v2\/media\/6684"}],"wp:attachment":[{"href":"https:\/\/pinkpetals.cz\/cs\/wp-json\/wp\/v2\/media?parent=6585"}],"wp:term":[{"taxonomy":"product_brand","embeddable":true,"href":"https:\/\/pinkpetals.cz\/cs\/wp-json\/wp\/v2\/product_brand?post=6585"},{"taxonomy":"product_cat","embeddable":true,"href":"https:\/\/pinkpetals.cz\/cs\/wp-json\/wp\/v2\/product_cat?post=6585"},{"taxonomy":"product_tag","embeddable":true,"href":"https:\/\/pinkpetals.cz\/cs\/wp-json\/wp\/v2\/product_tag?post=6585"}],"curies":[{"name":"wp","href":"https:\/\/api.w.org\/{rel}","templated":true}]}}