{"id":6100,"date":"2020-05-05T16:14:50","date_gmt":"2020-05-05T16:14:50","guid":{"rendered":"https:\/\/www.pinkpetals.cz\/product\/pivonky-v-krabici\/"},"modified":"2020-05-05T16:45:57","modified_gmt":"2020-05-05T16:45:57","slug":"pivonky-v-krabici","status":"publish","type":"product","link":"https:\/\/pinkpetals.cz\/cs\/produkt\/pivonky-v-krabici\/","title":{"rendered":"Pivo\u0148ky v krabici"},"content":{"rendered":"","protected":false},"excerpt":{"rendered":"<p>Pivo\u0148ky v krabici je ohromuj\u00edc\u00ed a p\u0159itom jemn\u00fd kv\u011btinov\u00fd d\u00e1rek konce jara a za\u010d\u00e1tku l\u00e9ta. U\u017eijte si velice kr\u00e1tkou dobu t\u011bchto n\u00e1dhern\u00fdch kv\u011btin. R\u016fzn\u00e9 rozm\u011bry krabic: 9, 19 nebo 29 dob\u0159e vyvinut\u00fdch plnokv\u011bt\u00fdch pivon\u011bk. Pokud pot\u0159ebujete jin\u00e9 mno\u017estv\u00ed, kontaktujte n\u00e1s, vytvo\u0159\u00edme pro V\u00e1s individu\u00e1ln\u00ed nab\u00eddku <\/p>\n","protected":false},"featured_media":6091,"template":"","meta":[],"product_brand":[],"product_cat":[93,198,96],"product_tag":[],"class_list":{"0":"post-6100","1":"product","2":"type-product","3":"status-publish","4":"has-post-thumbnail","6":"product_cat-kvetiny-v-krabicich","7":"product_cat-pivonky","8":"product_cat-z-jednoho-rodu","10":"first","11":"instock","12":"shipping-taxable","13":"purchasable","14":"product-type-variable","15":"has-default-attributes"},"yoast_head":"<!-- This site is optimized with the Yoast SEO plugin v25.2 - https:\/\/yoast.com\/wordpress\/plugins\/seo\/ -->\n<title>Pivo\u0148ky v krabici - Pink Petals<\/title>\n<meta name=\"description\" content=\"Pivo\u0148ky v krabici je ohromuj\u00edc\u00ed a p\u0159itom jemn\u00fd kv\u011btinov\u00fd d\u00e1rek konce jara a za\u010d\u00e1tku l\u00e9ta. U\u017eijte si velice kr\u00e1tkou dobu t\u011bchto n\u00e1dhern\u00fdch kv\u011btin.\" \/>\n<meta name=\"robots\" content=\"index, follow, max-snippet:-1, max-image-preview:large, max-video-preview:-1\" \/>\n<link rel=\"canonical\" href=\"https:\/\/pinkpetals.cz\/cs\/produkt\/pivonky-v-krabici\/\" \/>\n<meta property=\"og:locale\" content=\"cs_CZ\" \/>\n<meta property=\"og:type\" content=\"article\" \/>\n<meta property=\"og:title\" content=\"Pivo\u0148ky v krabici - Pink Petals\" \/>\n<meta property=\"og:description\" content=\"Pivo\u0148ky v krabici je ohromuj\u00edc\u00ed a p\u0159itom jemn\u00fd kv\u011btinov\u00fd d\u00e1rek konce jara a za\u010d\u00e1tku l\u00e9ta. U\u017eijte si velice kr\u00e1tkou dobu t\u011bchto n\u00e1dhern\u00fdch kv\u011btin.\" \/>\n<meta property=\"og:url\" content=\"https:\/\/pinkpetals.cz\/cs\/produkt\/pivonky-v-krabici\/\" \/>\n<meta property=\"og:site_name\" content=\"Pink Petals\" \/>\n<meta property=\"article:modified_time\" content=\"2020-05-05T16:45:57+00:00\" \/>\n<meta property=\"og:image\" content=\"https:\/\/pinkpetals.cz\/wp-content\/uploads\/2020\/05\/krabice-pivonek-box-of-peonies-korobka-s-pionami.jpg\" \/>\n\t<meta property=\"og:image:width\" content=\"600\" \/>\n\t<meta property=\"og:image:height\" content=\"800\" \/>\n\t<meta property=\"og:image:type\" content=\"image\/jpeg\" \/>\n<meta name=\"twitter:card\" content=\"summary_large_image\" \/>\n<script type=\"application\/ld+json\" class=\"yoast-schema-graph\">{\"@context\":\"https:\/\/schema.org\",\"@graph\":[{\"@type\":\"WebPage\",\"@id\":\"https:\/\/pinkpetals.cz\/cs\/produkt\/pivonky-v-krabici\/\",\"url\":\"https:\/\/pinkpetals.cz\/cs\/produkt\/pivonky-v-krabici\/\",\"name\":\"Pivo\u0148ky v krabici - Pink Petals\",\"isPartOf\":{\"@id\":\"https:\/\/pinkpetals.cz\/#website\"},\"primaryImageOfPage\":{\"@id\":\"https:\/\/pinkpetals.cz\/cs\/produkt\/pivonky-v-krabici\/#primaryimage\"},\"image\":{\"@id\":\"https:\/\/pinkpetals.cz\/cs\/produkt\/pivonky-v-krabici\/#primaryimage\"},\"thumbnailUrl\":\"https:\/\/pinkpetals.cz\/wp-content\/uploads\/2020\/05\/krabice-pivonek-box-of-peonies-korobka-s-pionami.jpg\",\"datePublished\":\"2020-05-05T16:14:50+00:00\",\"dateModified\":\"2020-05-05T16:45:57+00:00\",\"description\":\"Pivo\u0148ky v krabici je ohromuj\u00edc\u00ed a p\u0159itom jemn\u00fd kv\u011btinov\u00fd d\u00e1rek konce jara a za\u010d\u00e1tku l\u00e9ta. U\u017eijte si velice kr\u00e1tkou dobu t\u011bchto n\u00e1dhern\u00fdch kv\u011btin.\",\"breadcrumb\":{\"@id\":\"https:\/\/pinkpetals.cz\/cs\/produkt\/pivonky-v-krabici\/#breadcrumb\"},\"inLanguage\":\"cs\",\"potentialAction\":[{\"@type\":\"ReadAction\",\"target\":[\"https:\/\/pinkpetals.cz\/cs\/produkt\/pivonky-v-krabici\/\"]}]},{\"@type\":\"ImageObject\",\"inLanguage\":\"cs\",\"@id\":\"https:\/\/pinkpetals.cz\/cs\/produkt\/pivonky-v-krabici\/#primaryimage\",\"url\":\"https:\/\/pinkpetals.cz\/wp-content\/uploads\/2020\/05\/krabice-pivonek-box-of-peonies-korobka-s-pionami.jpg\",\"contentUrl\":\"https:\/\/pinkpetals.cz\/wp-content\/uploads\/2020\/05\/krabice-pivonek-box-of-peonies-korobka-s-pionami.jpg\",\"width\":600,\"height\":800},{\"@type\":\"BreadcrumbList\",\"@id\":\"https:\/\/pinkpetals.cz\/cs\/produkt\/pivonky-v-krabici\/#breadcrumb\",\"itemListElement\":[{\"@type\":\"ListItem\",\"position\":1,\"name\":\"Home\",\"item\":\"https:\/\/pinkpetals.cz\/cs\/\"},{\"@type\":\"ListItem\",\"position\":2,\"name\":\"Obchod\",\"item\":\"https:\/\/pinkpetals.cz\/cs\/obchod\/\"},{\"@type\":\"ListItem\",\"position\":3,\"name\":\"Pivo\u0148ky v krabici\"}]},{\"@type\":\"WebSite\",\"@id\":\"https:\/\/pinkpetals.cz\/#website\",\"url\":\"https:\/\/pinkpetals.cz\/\",\"name\":\"Pink Petals\",\"description\":\"Flower delivery in Prague, Czech Republic\",\"potentialAction\":[{\"@type\":\"SearchAction\",\"target\":{\"@type\":\"EntryPoint\",\"urlTemplate\":\"https:\/\/pinkpetals.cz\/?s={search_term_string}\"},\"query-input\":{\"@type\":\"PropertyValueSpecification\",\"valueRequired\":true,\"valueName\":\"search_term_string\"}}],\"inLanguage\":\"cs\"}]}<\/script>\n<!-- \/ Yoast SEO plugin. -->","yoast_head_json":{"title":"Pivo\u0148ky v krabici - Pink Petals","description":"Pivo\u0148ky v krabici je ohromuj\u00edc\u00ed a p\u0159itom jemn\u00fd kv\u011btinov\u00fd d\u00e1rek konce jara a za\u010d\u00e1tku l\u00e9ta. U\u017eijte si velice kr\u00e1tkou dobu t\u011bchto n\u00e1dhern\u00fdch kv\u011btin.","robots":{"index":"index","follow":"follow","max-snippet":"max-snippet:-1","max-image-preview":"max-image-preview:large","max-video-preview":"max-video-preview:-1"},"canonical":"https:\/\/pinkpetals.cz\/cs\/produkt\/pivonky-v-krabici\/","og_locale":"cs_CZ","og_type":"article","og_title":"Pivo\u0148ky v krabici - Pink Petals","og_description":"Pivo\u0148ky v krabici je ohromuj\u00edc\u00ed a p\u0159itom jemn\u00fd kv\u011btinov\u00fd d\u00e1rek konce jara a za\u010d\u00e1tku l\u00e9ta. U\u017eijte si velice kr\u00e1tkou dobu t\u011bchto n\u00e1dhern\u00fdch kv\u011btin.","og_url":"https:\/\/pinkpetals.cz\/cs\/produkt\/pivonky-v-krabici\/","og_site_name":"Pink Petals","article_modified_time":"2020-05-05T16:45:57+00:00","og_image":[{"width":600,"height":800,"url":"https:\/\/pinkpetals.cz\/wp-content\/uploads\/2020\/05\/krabice-pivonek-box-of-peonies-korobka-s-pionami.jpg","type":"image\/jpeg"}],"twitter_card":"summary_large_image","schema":{"@context":"https:\/\/schema.org","@graph":[{"@type":"WebPage","@id":"https:\/\/pinkpetals.cz\/cs\/produkt\/pivonky-v-krabici\/","url":"https:\/\/pinkpetals.cz\/cs\/produkt\/pivonky-v-krabici\/","name":"Pivo\u0148ky v krabici - Pink Petals","isPartOf":{"@id":"https:\/\/pinkpetals.cz\/#website"},"primaryImageOfPage":{"@id":"https:\/\/pinkpetals.cz\/cs\/produkt\/pivonky-v-krabici\/#primaryimage"},"image":{"@id":"https:\/\/pinkpetals.cz\/cs\/produkt\/pivonky-v-krabici\/#primaryimage"},"thumbnailUrl":"https:\/\/pinkpetals.cz\/wp-content\/uploads\/2020\/05\/krabice-pivonek-box-of-peonies-korobka-s-pionami.jpg","datePublished":"2020-05-05T16:14:50+00:00","dateModified":"2020-05-05T16:45:57+00:00","description":"Pivo\u0148ky v krabici je ohromuj\u00edc\u00ed a p\u0159itom jemn\u00fd kv\u011btinov\u00fd d\u00e1rek konce jara a za\u010d\u00e1tku l\u00e9ta. U\u017eijte si velice kr\u00e1tkou dobu t\u011bchto n\u00e1dhern\u00fdch kv\u011btin.","breadcrumb":{"@id":"https:\/\/pinkpetals.cz\/cs\/produkt\/pivonky-v-krabici\/#breadcrumb"},"inLanguage":"cs","potentialAction":[{"@type":"ReadAction","target":["https:\/\/pinkpetals.cz\/cs\/produkt\/pivonky-v-krabici\/"]}]},{"@type":"ImageObject","inLanguage":"cs","@id":"https:\/\/pinkpetals.cz\/cs\/produkt\/pivonky-v-krabici\/#primaryimage","url":"https:\/\/pinkpetals.cz\/wp-content\/uploads\/2020\/05\/krabice-pivonek-box-of-peonies-korobka-s-pionami.jpg","contentUrl":"https:\/\/pinkpetals.cz\/wp-content\/uploads\/2020\/05\/krabice-pivonek-box-of-peonies-korobka-s-pionami.jpg","width":600,"height":800},{"@type":"BreadcrumbList","@id":"https:\/\/pinkpetals.cz\/cs\/produkt\/pivonky-v-krabici\/#breadcrumb","itemListElement":[{"@type":"ListItem","position":1,"name":"Home","item":"https:\/\/pinkpetals.cz\/cs\/"},{"@type":"ListItem","position":2,"name":"Obchod","item":"https:\/\/pinkpetals.cz\/cs\/obchod\/"},{"@type":"ListItem","position":3,"name":"Pivo\u0148ky v krabici"}]},{"@type":"WebSite","@id":"https:\/\/pinkpetals.cz\/#website","url":"https:\/\/pinkpetals.cz\/","name":"Pink Petals","description":"Flower delivery in Prague, Czech Republic","potentialAction":[{"@type":"SearchAction","target":{"@type":"EntryPoint","urlTemplate":"https:\/\/pinkpetals.cz\/?s={search_term_string}"},"query-input":{"@type":"PropertyValueSpecification","valueRequired":true,"valueName":"search_term_string"}}],"inLanguage":"cs"}]}},"_links":{"self":[{"href":"https:\/\/pinkpetals.cz\/cs\/wp-json\/wp\/v2\/product\/6100","targetHints":{"allow":["GET"]}}],"collection":[{"href":"https:\/\/pinkpetals.cz\/cs\/wp-json\/wp\/v2\/product"}],"about":[{"href":"https:\/\/pinkpetals.cz\/cs\/wp-json\/wp\/v2\/types\/product"}],"wp:featuredmedia":[{"embeddable":true,"href":"https:\/\/pinkpetals.cz\/cs\/wp-json\/wp\/v2\/media\/6091"}],"wp:attachment":[{"href":"https:\/\/pinkpetals.cz\/cs\/wp-json\/wp\/v2\/media?parent=6100"}],"wp:term":[{"taxonomy":"product_brand","embeddable":true,"href":"https:\/\/pinkpetals.cz\/cs\/wp-json\/wp\/v2\/product_brand?post=6100"},{"taxonomy":"product_cat","embeddable":true,"href":"https:\/\/pinkpetals.cz\/cs\/wp-json\/wp\/v2\/product_cat?post=6100"},{"taxonomy":"product_tag","embeddable":true,"href":"https:\/\/pinkpetals.cz\/cs\/wp-json\/wp\/v2\/product_tag?post=6100"}],"curies":[{"name":"wp","href":"https:\/\/api.w.org\/{rel}","templated":true}]}}