{"id":4924,"date":"2020-02-23T20:22:56","date_gmt":"2020-02-23T20:22:56","guid":{"rendered":"https:\/\/www.pinkpetals.cz\/product\/kytice-35-tulipanu\/"},"modified":"2020-05-21T16:15:35","modified_gmt":"2020-05-21T16:15:35","slug":"kytice-35-tulipanu","status":"publish","type":"product","link":"https:\/\/pinkpetals.cz\/cs\/produkt\/kytice-35-tulipanu\/","title":{"rendered":"Kytice 35 tulip\u00e1n\u016f"},"content":{"rendered":"","protected":false},"excerpt":{"rendered":"<p>Kytice 35 oby\u010dejn\u00fdch tulip\u00e1n\u016f je hezk\u00fdm a n\u011b\u017en\u00fdm kv\u011btinov\u00fdm d\u00e1rkem pro ka\u017edou p\u0159\u00edle\u017eitost. U\u017eijte si s n\u00e1mi kr\u00e1tkou a kr\u00e1snou tulip\u00e1novou sez\u00f3nu. Tyto kytice nab\u00edz\u00edme ve \u010dty\u0159ech z\u00e1kladn\u00edch velikostech (tak\u00e9 25, 45 a 51 tulip\u00e1n\u016f) s tulip\u00e1ny r\u016fzn\u00fdch barev a doru\u010dujeme na kteroukoli adresu v Praze. Nem\u016f\u017eeme sl\u00edbit, \u017ee budeme m\u00edt v\u0161echny barvy v p\u0159\u00edpad\u011b expresn\u00ed objedn\u00e1vky, p\u0159esto n\u00e1m pros\u00edm sd\u011blte barvy, kter\u00e9 byste cht\u011bli m\u00edt, ud\u011bl\u00e1me v\u0161echno mo\u017en\u00e9 nebo nab\u00eddneme kr\u00e1snou kombinaci, kter\u00e1 ur\u010dit\u011b pot\u011b\u0161\u00ed obdarovan\u00e9ho.<\/p>\n","protected":false},"featured_media":4867,"template":"","meta":[],"product_brand":[],"product_cat":[191,96],"product_tag":[],"class_list":{"0":"post-4924","1":"product","2":"type-product","3":"status-publish","4":"has-post-thumbnail","6":"product_cat-tulipany","7":"product_cat-z-jednoho-rodu","9":"first","10":"outofstock","11":"shipping-taxable","12":"purchasable","13":"product-type-simple"},"yoast_head":"<!-- This site is optimized with the Yoast SEO plugin v25.2 - https:\/\/yoast.com\/wordpress\/plugins\/seo\/ -->\n<title>Kytice 35 tulip\u00e1n\u016f - Pink Petals - \u0414\u043e\u0441\u0442\u0430\u0432\u043a\u0430 \u0446\u0432\u0435\u0442\u043e\u0432 \u0432 \u041f\u0440\u0430\u0433\u0435<\/title>\n<meta name=\"description\" content=\"Kytice 35 oby\u010dejn\u00fdch tulip\u00e1n\u016f je hezk\u00fdm a n\u011b\u017en\u00fdm kv\u011btinov\u00fdm d\u00e1rkem pro ka\u017edou p\u0159\u00edle\u017eitost. U\u017eijte si s n\u00e1mi kr\u00e1tkou a kr\u00e1snou tulip\u00e1novou sez\u00f3nu.\" \/>\n<meta name=\"robots\" content=\"index, follow, max-snippet:-1, max-image-preview:large, max-video-preview:-1\" \/>\n<link rel=\"canonical\" href=\"https:\/\/pinkpetals.cz\/produkt\/a-bouquet-of-35-tulips\/\" \/>\n<meta property=\"og:locale\" content=\"cs_CZ\" \/>\n<meta property=\"og:type\" content=\"article\" \/>\n<meta property=\"og:title\" content=\"Kytice 35 tulip\u00e1n\u016f - Pink Petals - \u0414\u043e\u0441\u0442\u0430\u0432\u043a\u0430 \u0446\u0432\u0435\u0442\u043e\u0432 \u0432 \u041f\u0440\u0430\u0433\u0435\" \/>\n<meta property=\"og:description\" content=\"Kytice 35 oby\u010dejn\u00fdch tulip\u00e1n\u016f je hezk\u00fdm a n\u011b\u017en\u00fdm kv\u011btinov\u00fdm d\u00e1rkem pro ka\u017edou p\u0159\u00edle\u017eitost. U\u017eijte si s n\u00e1mi kr\u00e1tkou a kr\u00e1snou tulip\u00e1novou sez\u00f3nu.\" \/>\n<meta property=\"og:url\" content=\"https:\/\/pinkpetals.cz\/produkt\/a-bouquet-of-35-tulips\/\" \/>\n<meta property=\"og:site_name\" content=\"Pink Petals\" \/>\n<meta property=\"article:modified_time\" content=\"2020-05-21T16:15:35+00:00\" \/>\n<meta property=\"og:image\" content=\"https:\/\/pinkpetals.cz\/wp-content\/uploads\/2020\/02\/kytice-tulipanu-bouquet-of-tulips-buket-tyulpanov-35-1v.jpg\" \/>\n\t<meta property=\"og:image:width\" content=\"600\" \/>\n\t<meta property=\"og:image:height\" content=\"800\" \/>\n\t<meta property=\"og:image:type\" content=\"image\/jpeg\" \/>\n<meta name=\"twitter:card\" content=\"summary_large_image\" \/>\n<script type=\"application\/ld+json\" class=\"yoast-schema-graph\">{\"@context\":\"https:\/\/schema.org\",\"@graph\":[{\"@type\":\"WebPage\",\"@id\":\"https:\/\/pinkpetals.cz\/produkt\/a-bouquet-of-35-tulips\/\",\"url\":\"https:\/\/pinkpetals.cz\/produkt\/a-bouquet-of-35-tulips\/\",\"name\":\"Kytice 35 tulip\u00e1n\u016f - Pink Petals - \u0414\u043e\u0441\u0442\u0430\u0432\u043a\u0430 \u0446\u0432\u0435\u0442\u043e\u0432 \u0432 \u041f\u0440\u0430\u0433\u0435\",\"isPartOf\":{\"@id\":\"https:\/\/pinkpetals.cz\/#website\"},\"primaryImageOfPage\":{\"@id\":\"https:\/\/pinkpetals.cz\/produkt\/a-bouquet-of-35-tulips\/#primaryimage\"},\"image\":{\"@id\":\"https:\/\/pinkpetals.cz\/produkt\/a-bouquet-of-35-tulips\/#primaryimage\"},\"thumbnailUrl\":\"https:\/\/pinkpetals.cz\/wp-content\/uploads\/2020\/02\/kytice-tulipanu-bouquet-of-tulips-buket-tyulpanov-35-1v.jpg\",\"datePublished\":\"2020-02-23T20:22:56+00:00\",\"dateModified\":\"2020-05-21T16:15:35+00:00\",\"description\":\"Kytice 35 oby\u010dejn\u00fdch tulip\u00e1n\u016f je hezk\u00fdm a n\u011b\u017en\u00fdm kv\u011btinov\u00fdm d\u00e1rkem pro ka\u017edou p\u0159\u00edle\u017eitost. U\u017eijte si s n\u00e1mi kr\u00e1tkou a kr\u00e1snou tulip\u00e1novou sez\u00f3nu.\",\"breadcrumb\":{\"@id\":\"https:\/\/pinkpetals.cz\/produkt\/a-bouquet-of-35-tulips\/#breadcrumb\"},\"inLanguage\":\"cs\",\"potentialAction\":[{\"@type\":\"ReadAction\",\"target\":[\"https:\/\/pinkpetals.cz\/produkt\/a-bouquet-of-35-tulips\/\"]}]},{\"@type\":\"ImageObject\",\"inLanguage\":\"cs\",\"@id\":\"https:\/\/pinkpetals.cz\/produkt\/a-bouquet-of-35-tulips\/#primaryimage\",\"url\":\"https:\/\/pinkpetals.cz\/wp-content\/uploads\/2020\/02\/kytice-tulipanu-bouquet-of-tulips-buket-tyulpanov-35-1v.jpg\",\"contentUrl\":\"https:\/\/pinkpetals.cz\/wp-content\/uploads\/2020\/02\/kytice-tulipanu-bouquet-of-tulips-buket-tyulpanov-35-1v.jpg\",\"width\":600,\"height\":800},{\"@type\":\"BreadcrumbList\",\"@id\":\"https:\/\/pinkpetals.cz\/produkt\/a-bouquet-of-35-tulips\/#breadcrumb\",\"itemListElement\":[{\"@type\":\"ListItem\",\"position\":1,\"name\":\"Home\",\"item\":\"https:\/\/pinkpetals.cz\/cs\/\"},{\"@type\":\"ListItem\",\"position\":2,\"name\":\"Obchod\",\"item\":\"https:\/\/pinkpetals.cz\/cs\/obchod\/\"},{\"@type\":\"ListItem\",\"position\":3,\"name\":\"Kytice 35 tulip\u00e1n\u016f\"}]},{\"@type\":\"WebSite\",\"@id\":\"https:\/\/pinkpetals.cz\/#website\",\"url\":\"https:\/\/pinkpetals.cz\/\",\"name\":\"Pink Petals\",\"description\":\"Flower delivery in Prague, Czech Republic\",\"potentialAction\":[{\"@type\":\"SearchAction\",\"target\":{\"@type\":\"EntryPoint\",\"urlTemplate\":\"https:\/\/pinkpetals.cz\/?s={search_term_string}\"},\"query-input\":{\"@type\":\"PropertyValueSpecification\",\"valueRequired\":true,\"valueName\":\"search_term_string\"}}],\"inLanguage\":\"cs\"}]}<\/script>\n<!-- \/ Yoast SEO plugin. -->","yoast_head_json":{"title":"Kytice 35 tulip\u00e1n\u016f - Pink Petals - \u0414\u043e\u0441\u0442\u0430\u0432\u043a\u0430 \u0446\u0432\u0435\u0442\u043e\u0432 \u0432 \u041f\u0440\u0430\u0433\u0435","description":"Kytice 35 oby\u010dejn\u00fdch tulip\u00e1n\u016f je hezk\u00fdm a n\u011b\u017en\u00fdm kv\u011btinov\u00fdm d\u00e1rkem pro ka\u017edou p\u0159\u00edle\u017eitost. U\u017eijte si s n\u00e1mi kr\u00e1tkou a kr\u00e1snou tulip\u00e1novou sez\u00f3nu.","robots":{"index":"index","follow":"follow","max-snippet":"max-snippet:-1","max-image-preview":"max-image-preview:large","max-video-preview":"max-video-preview:-1"},"canonical":"https:\/\/pinkpetals.cz\/produkt\/a-bouquet-of-35-tulips\/","og_locale":"cs_CZ","og_type":"article","og_title":"Kytice 35 tulip\u00e1n\u016f - Pink Petals - \u0414\u043e\u0441\u0442\u0430\u0432\u043a\u0430 \u0446\u0432\u0435\u0442\u043e\u0432 \u0432 \u041f\u0440\u0430\u0433\u0435","og_description":"Kytice 35 oby\u010dejn\u00fdch tulip\u00e1n\u016f je hezk\u00fdm a n\u011b\u017en\u00fdm kv\u011btinov\u00fdm d\u00e1rkem pro ka\u017edou p\u0159\u00edle\u017eitost. U\u017eijte si s n\u00e1mi kr\u00e1tkou a kr\u00e1snou tulip\u00e1novou sez\u00f3nu.","og_url":"https:\/\/pinkpetals.cz\/produkt\/a-bouquet-of-35-tulips\/","og_site_name":"Pink Petals","article_modified_time":"2020-05-21T16:15:35+00:00","og_image":[{"width":600,"height":800,"url":"https:\/\/pinkpetals.cz\/wp-content\/uploads\/2020\/02\/kytice-tulipanu-bouquet-of-tulips-buket-tyulpanov-35-1v.jpg","type":"image\/jpeg"}],"twitter_card":"summary_large_image","schema":{"@context":"https:\/\/schema.org","@graph":[{"@type":"WebPage","@id":"https:\/\/pinkpetals.cz\/produkt\/a-bouquet-of-35-tulips\/","url":"https:\/\/pinkpetals.cz\/produkt\/a-bouquet-of-35-tulips\/","name":"Kytice 35 tulip\u00e1n\u016f - Pink Petals - \u0414\u043e\u0441\u0442\u0430\u0432\u043a\u0430 \u0446\u0432\u0435\u0442\u043e\u0432 \u0432 \u041f\u0440\u0430\u0433\u0435","isPartOf":{"@id":"https:\/\/pinkpetals.cz\/#website"},"primaryImageOfPage":{"@id":"https:\/\/pinkpetals.cz\/produkt\/a-bouquet-of-35-tulips\/#primaryimage"},"image":{"@id":"https:\/\/pinkpetals.cz\/produkt\/a-bouquet-of-35-tulips\/#primaryimage"},"thumbnailUrl":"https:\/\/pinkpetals.cz\/wp-content\/uploads\/2020\/02\/kytice-tulipanu-bouquet-of-tulips-buket-tyulpanov-35-1v.jpg","datePublished":"2020-02-23T20:22:56+00:00","dateModified":"2020-05-21T16:15:35+00:00","description":"Kytice 35 oby\u010dejn\u00fdch tulip\u00e1n\u016f je hezk\u00fdm a n\u011b\u017en\u00fdm kv\u011btinov\u00fdm d\u00e1rkem pro ka\u017edou p\u0159\u00edle\u017eitost. U\u017eijte si s n\u00e1mi kr\u00e1tkou a kr\u00e1snou tulip\u00e1novou sez\u00f3nu.","breadcrumb":{"@id":"https:\/\/pinkpetals.cz\/produkt\/a-bouquet-of-35-tulips\/#breadcrumb"},"inLanguage":"cs","potentialAction":[{"@type":"ReadAction","target":["https:\/\/pinkpetals.cz\/produkt\/a-bouquet-of-35-tulips\/"]}]},{"@type":"ImageObject","inLanguage":"cs","@id":"https:\/\/pinkpetals.cz\/produkt\/a-bouquet-of-35-tulips\/#primaryimage","url":"https:\/\/pinkpetals.cz\/wp-content\/uploads\/2020\/02\/kytice-tulipanu-bouquet-of-tulips-buket-tyulpanov-35-1v.jpg","contentUrl":"https:\/\/pinkpetals.cz\/wp-content\/uploads\/2020\/02\/kytice-tulipanu-bouquet-of-tulips-buket-tyulpanov-35-1v.jpg","width":600,"height":800},{"@type":"BreadcrumbList","@id":"https:\/\/pinkpetals.cz\/produkt\/a-bouquet-of-35-tulips\/#breadcrumb","itemListElement":[{"@type":"ListItem","position":1,"name":"Home","item":"https:\/\/pinkpetals.cz\/cs\/"},{"@type":"ListItem","position":2,"name":"Obchod","item":"https:\/\/pinkpetals.cz\/cs\/obchod\/"},{"@type":"ListItem","position":3,"name":"Kytice 35 tulip\u00e1n\u016f"}]},{"@type":"WebSite","@id":"https:\/\/pinkpetals.cz\/#website","url":"https:\/\/pinkpetals.cz\/","name":"Pink Petals","description":"Flower delivery in Prague, Czech Republic","potentialAction":[{"@type":"SearchAction","target":{"@type":"EntryPoint","urlTemplate":"https:\/\/pinkpetals.cz\/?s={search_term_string}"},"query-input":{"@type":"PropertyValueSpecification","valueRequired":true,"valueName":"search_term_string"}}],"inLanguage":"cs"}]}},"_links":{"self":[{"href":"https:\/\/pinkpetals.cz\/cs\/wp-json\/wp\/v2\/product\/4924","targetHints":{"allow":["GET"]}}],"collection":[{"href":"https:\/\/pinkpetals.cz\/cs\/wp-json\/wp\/v2\/product"}],"about":[{"href":"https:\/\/pinkpetals.cz\/cs\/wp-json\/wp\/v2\/types\/product"}],"wp:featuredmedia":[{"embeddable":true,"href":"https:\/\/pinkpetals.cz\/cs\/wp-json\/wp\/v2\/media\/4867"}],"wp:attachment":[{"href":"https:\/\/pinkpetals.cz\/cs\/wp-json\/wp\/v2\/media?parent=4924"}],"wp:term":[{"taxonomy":"product_brand","embeddable":true,"href":"https:\/\/pinkpetals.cz\/cs\/wp-json\/wp\/v2\/product_brand?post=4924"},{"taxonomy":"product_cat","embeddable":true,"href":"https:\/\/pinkpetals.cz\/cs\/wp-json\/wp\/v2\/product_cat?post=4924"},{"taxonomy":"product_tag","embeddable":true,"href":"https:\/\/pinkpetals.cz\/cs\/wp-json\/wp\/v2\/product_tag?post=4924"}],"curies":[{"name":"wp","href":"https:\/\/api.w.org\/{rel}","templated":true}]}}