{"id":4921,"date":"2020-02-23T20:10:35","date_gmt":"2020-02-23T20:10:35","guid":{"rendered":"https:\/\/www.pinkpetals.cz\/product\/krabice-s-21-tulipany\/"},"modified":"2020-05-21T16:16:35","modified_gmt":"2020-05-21T16:16:35","slug":"krabice-s-25-tulipany","status":"publish","type":"product","link":"https:\/\/pinkpetals.cz\/cs\/produkt\/krabice-s-25-tulipany\/","title":{"rendered":"Krabice s 25 tulip\u00e1ny"},"content":{"rendered":"","protected":false},"excerpt":{"rendered":"<p>Krabice s 25 oby\u010dejn\u00fdmi tulip\u00e1ny je elegantn\u00edm a kr\u00e1sn\u00fdm kv\u011btinov\u00fdm d\u00e1rkem pro ka\u017edou p\u0159\u00edle\u017eitost. U\u017eijte si s n\u00e1mi kr\u00e1tkou a kr\u00e1snou tulip\u00e1novou sez\u00f3nu. Tyto krabice nab\u00edz\u00edme ve t\u0159ech z\u00e1kladn\u00edch velikostech (35 a 51 tulip\u00e1n\u016f) s tulip\u00e1ny r\u016fzn\u00fdch barev a doru\u010dujeme na kteroukoli adresu v Praze. Nem\u016f\u017eeme sl\u00edbit, \u017ee budeme m\u00edt v\u0161echny barvy v p\u0159\u00edpad\u011b expresn\u00ed objedn\u00e1vky, p\u0159esto n\u00e1m pros\u00edm sd\u011blte barvy, kter\u00e9 byste cht\u011bli m\u00edt, ud\u011bl\u00e1me v\u0161echno mo\u017en\u00e9 nebo nab\u00eddneme kr\u00e1snou kombinaci, kter\u00e1 ur\u010dit\u011b pot\u011b\u0161\u00ed obdarovan\u00e9ho.<\/p>\n","protected":false},"featured_media":4855,"template":"","meta":[],"product_brand":[],"product_cat":[93,191,96],"product_tag":[],"class_list":{"0":"post-4921","1":"product","2":"type-product","3":"status-publish","4":"has-post-thumbnail","6":"product_cat-kvetiny-v-krabicich","7":"product_cat-tulipany","8":"product_cat-z-jednoho-rodu","10":"first","11":"outofstock","12":"shipping-taxable","13":"purchasable","14":"product-type-simple"},"yoast_head":"<!-- This site is optimized with the Yoast SEO plugin v25.2 - https:\/\/yoast.com\/wordpress\/plugins\/seo\/ -->\n<title>Krabice s 25 tulip\u00e1ny - Pink Petals - Rozvoz kv\u011btin po Praze<\/title>\n<meta name=\"description\" content=\"Krabice s 25 oby\u010dejn\u00fdmi tulip\u00e1ny je elegantn\u00edm a kr\u00e1sn\u00fdm kv\u011btinov\u00fdm d\u00e1rkem pro ka\u017edou p\u0159\u00edle\u017eitost. U\u017eijte si s n\u00e1mi kr\u00e1tkou a kr\u00e1snou tulip\u00e1novou sez\u00f3nu.\" \/>\n<meta name=\"robots\" content=\"index, follow, max-snippet:-1, max-image-preview:large, max-video-preview:-1\" \/>\n<link rel=\"canonical\" href=\"https:\/\/pinkpetals.cz\/produkt\/a-box-of-25-tulips\/\" \/>\n<meta property=\"og:locale\" content=\"cs_CZ\" \/>\n<meta property=\"og:type\" content=\"article\" \/>\n<meta property=\"og:title\" content=\"Krabice s 25 tulip\u00e1ny - Pink Petals - Rozvoz kv\u011btin po Praze\" \/>\n<meta property=\"og:description\" content=\"Krabice s 25 oby\u010dejn\u00fdmi tulip\u00e1ny je elegantn\u00edm a kr\u00e1sn\u00fdm kv\u011btinov\u00fdm d\u00e1rkem pro ka\u017edou p\u0159\u00edle\u017eitost. U\u017eijte si s n\u00e1mi kr\u00e1tkou a kr\u00e1snou tulip\u00e1novou sez\u00f3nu.\" \/>\n<meta property=\"og:url\" content=\"https:\/\/pinkpetals.cz\/produkt\/a-box-of-25-tulips\/\" \/>\n<meta property=\"og:site_name\" content=\"Pink Petals\" \/>\n<meta property=\"article:modified_time\" content=\"2020-05-21T16:16:35+00:00\" \/>\n<meta property=\"og:image\" content=\"https:\/\/pinkpetals.cz\/wp-content\/uploads\/2020\/02\/krabice-tulipanu-box-of-tulips-korobka-tyulpanov-25-1v.jpg\" \/>\n\t<meta property=\"og:image:width\" content=\"600\" \/>\n\t<meta property=\"og:image:height\" content=\"800\" \/>\n\t<meta property=\"og:image:type\" content=\"image\/jpeg\" \/>\n<meta name=\"twitter:card\" content=\"summary_large_image\" \/>\n<script type=\"application\/ld+json\" class=\"yoast-schema-graph\">{\"@context\":\"https:\/\/schema.org\",\"@graph\":[{\"@type\":\"WebPage\",\"@id\":\"https:\/\/pinkpetals.cz\/produkt\/a-box-of-25-tulips\/\",\"url\":\"https:\/\/pinkpetals.cz\/produkt\/a-box-of-25-tulips\/\",\"name\":\"Krabice s 25 tulip\u00e1ny - Pink Petals - Rozvoz kv\u011btin po Praze\",\"isPartOf\":{\"@id\":\"https:\/\/pinkpetals.cz\/#website\"},\"primaryImageOfPage\":{\"@id\":\"https:\/\/pinkpetals.cz\/produkt\/a-box-of-25-tulips\/#primaryimage\"},\"image\":{\"@id\":\"https:\/\/pinkpetals.cz\/produkt\/a-box-of-25-tulips\/#primaryimage\"},\"thumbnailUrl\":\"https:\/\/pinkpetals.cz\/wp-content\/uploads\/2020\/02\/krabice-tulipanu-box-of-tulips-korobka-tyulpanov-25-1v.jpg\",\"datePublished\":\"2020-02-23T20:10:35+00:00\",\"dateModified\":\"2020-05-21T16:16:35+00:00\",\"description\":\"Krabice s 25 oby\u010dejn\u00fdmi tulip\u00e1ny je elegantn\u00edm a kr\u00e1sn\u00fdm kv\u011btinov\u00fdm d\u00e1rkem pro ka\u017edou p\u0159\u00edle\u017eitost. U\u017eijte si s n\u00e1mi kr\u00e1tkou a kr\u00e1snou tulip\u00e1novou sez\u00f3nu.\",\"breadcrumb\":{\"@id\":\"https:\/\/pinkpetals.cz\/produkt\/a-box-of-25-tulips\/#breadcrumb\"},\"inLanguage\":\"cs\",\"potentialAction\":[{\"@type\":\"ReadAction\",\"target\":[\"https:\/\/pinkpetals.cz\/produkt\/a-box-of-25-tulips\/\"]}]},{\"@type\":\"ImageObject\",\"inLanguage\":\"cs\",\"@id\":\"https:\/\/pinkpetals.cz\/produkt\/a-box-of-25-tulips\/#primaryimage\",\"url\":\"https:\/\/pinkpetals.cz\/wp-content\/uploads\/2020\/02\/krabice-tulipanu-box-of-tulips-korobka-tyulpanov-25-1v.jpg\",\"contentUrl\":\"https:\/\/pinkpetals.cz\/wp-content\/uploads\/2020\/02\/krabice-tulipanu-box-of-tulips-korobka-tyulpanov-25-1v.jpg\",\"width\":600,\"height\":800},{\"@type\":\"BreadcrumbList\",\"@id\":\"https:\/\/pinkpetals.cz\/produkt\/a-box-of-25-tulips\/#breadcrumb\",\"itemListElement\":[{\"@type\":\"ListItem\",\"position\":1,\"name\":\"Home\",\"item\":\"https:\/\/pinkpetals.cz\/cs\/\"},{\"@type\":\"ListItem\",\"position\":2,\"name\":\"Obchod\",\"item\":\"https:\/\/pinkpetals.cz\/cs\/obchod\/\"},{\"@type\":\"ListItem\",\"position\":3,\"name\":\"Krabice s 25 tulip\u00e1ny\"}]},{\"@type\":\"WebSite\",\"@id\":\"https:\/\/pinkpetals.cz\/#website\",\"url\":\"https:\/\/pinkpetals.cz\/\",\"name\":\"Pink Petals\",\"description\":\"Flower delivery in Prague, Czech Republic\",\"potentialAction\":[{\"@type\":\"SearchAction\",\"target\":{\"@type\":\"EntryPoint\",\"urlTemplate\":\"https:\/\/pinkpetals.cz\/?s={search_term_string}\"},\"query-input\":{\"@type\":\"PropertyValueSpecification\",\"valueRequired\":true,\"valueName\":\"search_term_string\"}}],\"inLanguage\":\"cs\"}]}<\/script>\n<!-- \/ Yoast SEO plugin. -->","yoast_head_json":{"title":"Krabice s 25 tulip\u00e1ny - Pink Petals - Rozvoz kv\u011btin po Praze","description":"Krabice s 25 oby\u010dejn\u00fdmi tulip\u00e1ny je elegantn\u00edm a kr\u00e1sn\u00fdm kv\u011btinov\u00fdm d\u00e1rkem pro ka\u017edou p\u0159\u00edle\u017eitost. U\u017eijte si s n\u00e1mi kr\u00e1tkou a kr\u00e1snou tulip\u00e1novou sez\u00f3nu.","robots":{"index":"index","follow":"follow","max-snippet":"max-snippet:-1","max-image-preview":"max-image-preview:large","max-video-preview":"max-video-preview:-1"},"canonical":"https:\/\/pinkpetals.cz\/produkt\/a-box-of-25-tulips\/","og_locale":"cs_CZ","og_type":"article","og_title":"Krabice s 25 tulip\u00e1ny - Pink Petals - Rozvoz kv\u011btin po Praze","og_description":"Krabice s 25 oby\u010dejn\u00fdmi tulip\u00e1ny je elegantn\u00edm a kr\u00e1sn\u00fdm kv\u011btinov\u00fdm d\u00e1rkem pro ka\u017edou p\u0159\u00edle\u017eitost. U\u017eijte si s n\u00e1mi kr\u00e1tkou a kr\u00e1snou tulip\u00e1novou sez\u00f3nu.","og_url":"https:\/\/pinkpetals.cz\/produkt\/a-box-of-25-tulips\/","og_site_name":"Pink Petals","article_modified_time":"2020-05-21T16:16:35+00:00","og_image":[{"width":600,"height":800,"url":"https:\/\/pinkpetals.cz\/wp-content\/uploads\/2020\/02\/krabice-tulipanu-box-of-tulips-korobka-tyulpanov-25-1v.jpg","type":"image\/jpeg"}],"twitter_card":"summary_large_image","schema":{"@context":"https:\/\/schema.org","@graph":[{"@type":"WebPage","@id":"https:\/\/pinkpetals.cz\/produkt\/a-box-of-25-tulips\/","url":"https:\/\/pinkpetals.cz\/produkt\/a-box-of-25-tulips\/","name":"Krabice s 25 tulip\u00e1ny - Pink Petals - Rozvoz kv\u011btin po Praze","isPartOf":{"@id":"https:\/\/pinkpetals.cz\/#website"},"primaryImageOfPage":{"@id":"https:\/\/pinkpetals.cz\/produkt\/a-box-of-25-tulips\/#primaryimage"},"image":{"@id":"https:\/\/pinkpetals.cz\/produkt\/a-box-of-25-tulips\/#primaryimage"},"thumbnailUrl":"https:\/\/pinkpetals.cz\/wp-content\/uploads\/2020\/02\/krabice-tulipanu-box-of-tulips-korobka-tyulpanov-25-1v.jpg","datePublished":"2020-02-23T20:10:35+00:00","dateModified":"2020-05-21T16:16:35+00:00","description":"Krabice s 25 oby\u010dejn\u00fdmi tulip\u00e1ny je elegantn\u00edm a kr\u00e1sn\u00fdm kv\u011btinov\u00fdm d\u00e1rkem pro ka\u017edou p\u0159\u00edle\u017eitost. U\u017eijte si s n\u00e1mi kr\u00e1tkou a kr\u00e1snou tulip\u00e1novou sez\u00f3nu.","breadcrumb":{"@id":"https:\/\/pinkpetals.cz\/produkt\/a-box-of-25-tulips\/#breadcrumb"},"inLanguage":"cs","potentialAction":[{"@type":"ReadAction","target":["https:\/\/pinkpetals.cz\/produkt\/a-box-of-25-tulips\/"]}]},{"@type":"ImageObject","inLanguage":"cs","@id":"https:\/\/pinkpetals.cz\/produkt\/a-box-of-25-tulips\/#primaryimage","url":"https:\/\/pinkpetals.cz\/wp-content\/uploads\/2020\/02\/krabice-tulipanu-box-of-tulips-korobka-tyulpanov-25-1v.jpg","contentUrl":"https:\/\/pinkpetals.cz\/wp-content\/uploads\/2020\/02\/krabice-tulipanu-box-of-tulips-korobka-tyulpanov-25-1v.jpg","width":600,"height":800},{"@type":"BreadcrumbList","@id":"https:\/\/pinkpetals.cz\/produkt\/a-box-of-25-tulips\/#breadcrumb","itemListElement":[{"@type":"ListItem","position":1,"name":"Home","item":"https:\/\/pinkpetals.cz\/cs\/"},{"@type":"ListItem","position":2,"name":"Obchod","item":"https:\/\/pinkpetals.cz\/cs\/obchod\/"},{"@type":"ListItem","position":3,"name":"Krabice s 25 tulip\u00e1ny"}]},{"@type":"WebSite","@id":"https:\/\/pinkpetals.cz\/#website","url":"https:\/\/pinkpetals.cz\/","name":"Pink Petals","description":"Flower delivery in Prague, Czech Republic","potentialAction":[{"@type":"SearchAction","target":{"@type":"EntryPoint","urlTemplate":"https:\/\/pinkpetals.cz\/?s={search_term_string}"},"query-input":{"@type":"PropertyValueSpecification","valueRequired":true,"valueName":"search_term_string"}}],"inLanguage":"cs"}]}},"_links":{"self":[{"href":"https:\/\/pinkpetals.cz\/cs\/wp-json\/wp\/v2\/product\/4921","targetHints":{"allow":["GET"]}}],"collection":[{"href":"https:\/\/pinkpetals.cz\/cs\/wp-json\/wp\/v2\/product"}],"about":[{"href":"https:\/\/pinkpetals.cz\/cs\/wp-json\/wp\/v2\/types\/product"}],"wp:featuredmedia":[{"embeddable":true,"href":"https:\/\/pinkpetals.cz\/cs\/wp-json\/wp\/v2\/media\/4855"}],"wp:attachment":[{"href":"https:\/\/pinkpetals.cz\/cs\/wp-json\/wp\/v2\/media?parent=4921"}],"wp:term":[{"taxonomy":"product_brand","embeddable":true,"href":"https:\/\/pinkpetals.cz\/cs\/wp-json\/wp\/v2\/product_brand?post=4921"},{"taxonomy":"product_cat","embeddable":true,"href":"https:\/\/pinkpetals.cz\/cs\/wp-json\/wp\/v2\/product_cat?post=4921"},{"taxonomy":"product_tag","embeddable":true,"href":"https:\/\/pinkpetals.cz\/cs\/wp-json\/wp\/v2\/product_tag?post=4921"}],"curies":[{"name":"wp","href":"https:\/\/api.w.org\/{rel}","templated":true}]}}