{"id":4706,"date":"2020-02-21T14:38:19","date_gmt":"2020-02-21T14:38:19","guid":{"rendered":"https:\/\/www.pinkpetals.cz\/product\/pestra-kytice-ruzi-a-gerber\/"},"modified":"2021-02-26T11:43:44","modified_gmt":"2021-02-26T11:43:44","slug":"pestra-kytice-ruzi-a-gerber","status":"publish","type":"product","link":"https:\/\/pinkpetals.cz\/cs\/produkt\/pestra-kytice-ruzi-a-gerber\/","title":{"rendered":"Pestr\u00e1 kytice r\u016f\u017e\u00ed a gerber"},"content":{"rendered":"","protected":false},"excerpt":{"rendered":"<p>Pestr\u00e1 reprezentativn\u00ed kytice s gerberami, trsov\u00fdmi a oby\u010dejn\u00fdmi r\u016f\u017eemi n\u011bkolika barev, alstroem\u00e9riemi, t\u0159ezalkami a zlatobylem. Doru\u010den\u00ed na kteroukoli adresu v Praze. Tuto kytici nab\u00edz\u00edme ve t\u0159ech velikostech &#8211; St\u0159edn\u00ed, Velk\u00e1 a X Velk\u00e1. Na obr\u00e1zku je X Velk\u00e1 kytice.<\/p>\n","protected":false},"featured_media":4678,"template":"","meta":[],"product_brand":[],"product_cat":[94],"product_tag":[],"class_list":{"0":"post-4706","1":"product","2":"type-product","3":"status-publish","4":"has-post-thumbnail","6":"product_cat-darkove-kytice","8":"first","9":"instock","10":"shipping-taxable","11":"purchasable","12":"product-type-variable","13":"has-default-attributes"},"yoast_head":"<!-- This site is optimized with the Yoast SEO plugin v25.2 - https:\/\/yoast.com\/wordpress\/plugins\/seo\/ -->\n<title>Pestr\u00e1 kytice r\u016f\u017e\u00ed a gerber - Pink Petals - Rozvoz kv\u011btin po Praze<\/title>\n<meta name=\"description\" content=\"Pestr\u00e1 reprezentativn\u00ed kytice s gerberami, trsov\u00fdmi a oby\u010dejn\u00fdmi r\u016f\u017eemi n\u011bkolika barev, alstroem\u00e9riemi, t\u0159ezalkami a zlatobylem.\" \/>\n<meta name=\"robots\" content=\"index, follow, max-snippet:-1, max-image-preview:large, max-video-preview:-1\" \/>\n<link rel=\"canonical\" href=\"https:\/\/pinkpetals.cz\/produkt\/bright-roses-and-gerberas-bouquet\/\" \/>\n<meta property=\"og:locale\" content=\"cs_CZ\" \/>\n<meta property=\"og:type\" content=\"article\" \/>\n<meta property=\"og:title\" content=\"Pestr\u00e1 kytice r\u016f\u017e\u00ed a gerber - Pink Petals - Rozvoz kv\u011btin po Praze\" \/>\n<meta property=\"og:description\" content=\"Pestr\u00e1 reprezentativn\u00ed kytice s gerberami, trsov\u00fdmi a oby\u010dejn\u00fdmi r\u016f\u017eemi n\u011bkolika barev, alstroem\u00e9riemi, t\u0159ezalkami a zlatobylem.\" \/>\n<meta property=\"og:url\" content=\"https:\/\/pinkpetals.cz\/produkt\/bright-roses-and-gerberas-bouquet\/\" \/>\n<meta property=\"og:site_name\" content=\"Pink Petals\" \/>\n<meta property=\"article:modified_time\" content=\"2021-02-26T11:43:44+00:00\" \/>\n<meta property=\"og:image\" content=\"https:\/\/pinkpetals.cz\/wp-content\/uploads\/2020\/02\/darkova-kytice-gift-bouquet-podarochnyi-buket-20.jpg\" \/>\n\t<meta property=\"og:image:width\" content=\"801\" \/>\n\t<meta property=\"og:image:height\" content=\"600\" \/>\n\t<meta property=\"og:image:type\" content=\"image\/jpeg\" \/>\n<meta name=\"twitter:card\" content=\"summary_large_image\" \/>\n<script type=\"application\/ld+json\" class=\"yoast-schema-graph\">{\"@context\":\"https:\/\/schema.org\",\"@graph\":[{\"@type\":\"WebPage\",\"@id\":\"https:\/\/pinkpetals.cz\/produkt\/bright-roses-and-gerberas-bouquet\/\",\"url\":\"https:\/\/pinkpetals.cz\/produkt\/bright-roses-and-gerberas-bouquet\/\",\"name\":\"Pestr\u00e1 kytice r\u016f\u017e\u00ed a gerber - Pink Petals - Rozvoz kv\u011btin po Praze\",\"isPartOf\":{\"@id\":\"https:\/\/pinkpetals.cz\/#website\"},\"primaryImageOfPage\":{\"@id\":\"https:\/\/pinkpetals.cz\/produkt\/bright-roses-and-gerberas-bouquet\/#primaryimage\"},\"image\":{\"@id\":\"https:\/\/pinkpetals.cz\/produkt\/bright-roses-and-gerberas-bouquet\/#primaryimage\"},\"thumbnailUrl\":\"https:\/\/pinkpetals.cz\/wp-content\/uploads\/2020\/02\/darkova-kytice-gift-bouquet-podarochnyi-buket-20.jpg\",\"datePublished\":\"2020-02-21T14:38:19+00:00\",\"dateModified\":\"2021-02-26T11:43:44+00:00\",\"description\":\"Pestr\u00e1 reprezentativn\u00ed kytice s gerberami, trsov\u00fdmi a oby\u010dejn\u00fdmi r\u016f\u017eemi n\u011bkolika barev, alstroem\u00e9riemi, t\u0159ezalkami a zlatobylem.\",\"breadcrumb\":{\"@id\":\"https:\/\/pinkpetals.cz\/produkt\/bright-roses-and-gerberas-bouquet\/#breadcrumb\"},\"inLanguage\":\"cs\",\"potentialAction\":[{\"@type\":\"ReadAction\",\"target\":[\"https:\/\/pinkpetals.cz\/produkt\/bright-roses-and-gerberas-bouquet\/\"]}]},{\"@type\":\"ImageObject\",\"inLanguage\":\"cs\",\"@id\":\"https:\/\/pinkpetals.cz\/produkt\/bright-roses-and-gerberas-bouquet\/#primaryimage\",\"url\":\"https:\/\/pinkpetals.cz\/wp-content\/uploads\/2020\/02\/darkova-kytice-gift-bouquet-podarochnyi-buket-20.jpg\",\"contentUrl\":\"https:\/\/pinkpetals.cz\/wp-content\/uploads\/2020\/02\/darkova-kytice-gift-bouquet-podarochnyi-buket-20.jpg\",\"width\":801,\"height\":600,\"caption\":\"Pestr\u00e1 kytice r\u016f\u017e\u00ed a gerber\"},{\"@type\":\"BreadcrumbList\",\"@id\":\"https:\/\/pinkpetals.cz\/produkt\/bright-roses-and-gerberas-bouquet\/#breadcrumb\",\"itemListElement\":[{\"@type\":\"ListItem\",\"position\":1,\"name\":\"Home\",\"item\":\"https:\/\/pinkpetals.cz\/cs\/\"},{\"@type\":\"ListItem\",\"position\":2,\"name\":\"Obchod\",\"item\":\"https:\/\/pinkpetals.cz\/cs\/obchod\/\"},{\"@type\":\"ListItem\",\"position\":3,\"name\":\"Pestr\u00e1 kytice r\u016f\u017e\u00ed a gerber\"}]},{\"@type\":\"WebSite\",\"@id\":\"https:\/\/pinkpetals.cz\/#website\",\"url\":\"https:\/\/pinkpetals.cz\/\",\"name\":\"Pink Petals\",\"description\":\"Flower delivery in Prague, Czech Republic\",\"potentialAction\":[{\"@type\":\"SearchAction\",\"target\":{\"@type\":\"EntryPoint\",\"urlTemplate\":\"https:\/\/pinkpetals.cz\/?s={search_term_string}\"},\"query-input\":{\"@type\":\"PropertyValueSpecification\",\"valueRequired\":true,\"valueName\":\"search_term_string\"}}],\"inLanguage\":\"cs\"}]}<\/script>\n<!-- \/ Yoast SEO plugin. -->","yoast_head_json":{"title":"Pestr\u00e1 kytice r\u016f\u017e\u00ed a gerber - Pink Petals - Rozvoz kv\u011btin po Praze","description":"Pestr\u00e1 reprezentativn\u00ed kytice s gerberami, trsov\u00fdmi a oby\u010dejn\u00fdmi r\u016f\u017eemi n\u011bkolika barev, alstroem\u00e9riemi, t\u0159ezalkami a zlatobylem.","robots":{"index":"index","follow":"follow","max-snippet":"max-snippet:-1","max-image-preview":"max-image-preview:large","max-video-preview":"max-video-preview:-1"},"canonical":"https:\/\/pinkpetals.cz\/produkt\/bright-roses-and-gerberas-bouquet\/","og_locale":"cs_CZ","og_type":"article","og_title":"Pestr\u00e1 kytice r\u016f\u017e\u00ed a gerber - Pink Petals - Rozvoz kv\u011btin po Praze","og_description":"Pestr\u00e1 reprezentativn\u00ed kytice s gerberami, trsov\u00fdmi a oby\u010dejn\u00fdmi r\u016f\u017eemi n\u011bkolika barev, alstroem\u00e9riemi, t\u0159ezalkami a zlatobylem.","og_url":"https:\/\/pinkpetals.cz\/produkt\/bright-roses-and-gerberas-bouquet\/","og_site_name":"Pink Petals","article_modified_time":"2021-02-26T11:43:44+00:00","og_image":[{"width":801,"height":600,"url":"https:\/\/pinkpetals.cz\/wp-content\/uploads\/2020\/02\/darkova-kytice-gift-bouquet-podarochnyi-buket-20.jpg","type":"image\/jpeg"}],"twitter_card":"summary_large_image","schema":{"@context":"https:\/\/schema.org","@graph":[{"@type":"WebPage","@id":"https:\/\/pinkpetals.cz\/produkt\/bright-roses-and-gerberas-bouquet\/","url":"https:\/\/pinkpetals.cz\/produkt\/bright-roses-and-gerberas-bouquet\/","name":"Pestr\u00e1 kytice r\u016f\u017e\u00ed a gerber - Pink Petals - Rozvoz kv\u011btin po Praze","isPartOf":{"@id":"https:\/\/pinkpetals.cz\/#website"},"primaryImageOfPage":{"@id":"https:\/\/pinkpetals.cz\/produkt\/bright-roses-and-gerberas-bouquet\/#primaryimage"},"image":{"@id":"https:\/\/pinkpetals.cz\/produkt\/bright-roses-and-gerberas-bouquet\/#primaryimage"},"thumbnailUrl":"https:\/\/pinkpetals.cz\/wp-content\/uploads\/2020\/02\/darkova-kytice-gift-bouquet-podarochnyi-buket-20.jpg","datePublished":"2020-02-21T14:38:19+00:00","dateModified":"2021-02-26T11:43:44+00:00","description":"Pestr\u00e1 reprezentativn\u00ed kytice s gerberami, trsov\u00fdmi a oby\u010dejn\u00fdmi r\u016f\u017eemi n\u011bkolika barev, alstroem\u00e9riemi, t\u0159ezalkami a zlatobylem.","breadcrumb":{"@id":"https:\/\/pinkpetals.cz\/produkt\/bright-roses-and-gerberas-bouquet\/#breadcrumb"},"inLanguage":"cs","potentialAction":[{"@type":"ReadAction","target":["https:\/\/pinkpetals.cz\/produkt\/bright-roses-and-gerberas-bouquet\/"]}]},{"@type":"ImageObject","inLanguage":"cs","@id":"https:\/\/pinkpetals.cz\/produkt\/bright-roses-and-gerberas-bouquet\/#primaryimage","url":"https:\/\/pinkpetals.cz\/wp-content\/uploads\/2020\/02\/darkova-kytice-gift-bouquet-podarochnyi-buket-20.jpg","contentUrl":"https:\/\/pinkpetals.cz\/wp-content\/uploads\/2020\/02\/darkova-kytice-gift-bouquet-podarochnyi-buket-20.jpg","width":801,"height":600,"caption":"Pestr\u00e1 kytice r\u016f\u017e\u00ed a gerber"},{"@type":"BreadcrumbList","@id":"https:\/\/pinkpetals.cz\/produkt\/bright-roses-and-gerberas-bouquet\/#breadcrumb","itemListElement":[{"@type":"ListItem","position":1,"name":"Home","item":"https:\/\/pinkpetals.cz\/cs\/"},{"@type":"ListItem","position":2,"name":"Obchod","item":"https:\/\/pinkpetals.cz\/cs\/obchod\/"},{"@type":"ListItem","position":3,"name":"Pestr\u00e1 kytice r\u016f\u017e\u00ed a gerber"}]},{"@type":"WebSite","@id":"https:\/\/pinkpetals.cz\/#website","url":"https:\/\/pinkpetals.cz\/","name":"Pink Petals","description":"Flower delivery in Prague, Czech Republic","potentialAction":[{"@type":"SearchAction","target":{"@type":"EntryPoint","urlTemplate":"https:\/\/pinkpetals.cz\/?s={search_term_string}"},"query-input":{"@type":"PropertyValueSpecification","valueRequired":true,"valueName":"search_term_string"}}],"inLanguage":"cs"}]}},"_links":{"self":[{"href":"https:\/\/pinkpetals.cz\/cs\/wp-json\/wp\/v2\/product\/4706","targetHints":{"allow":["GET"]}}],"collection":[{"href":"https:\/\/pinkpetals.cz\/cs\/wp-json\/wp\/v2\/product"}],"about":[{"href":"https:\/\/pinkpetals.cz\/cs\/wp-json\/wp\/v2\/types\/product"}],"wp:featuredmedia":[{"embeddable":true,"href":"https:\/\/pinkpetals.cz\/cs\/wp-json\/wp\/v2\/media\/4678"}],"wp:attachment":[{"href":"https:\/\/pinkpetals.cz\/cs\/wp-json\/wp\/v2\/media?parent=4706"}],"wp:term":[{"taxonomy":"product_brand","embeddable":true,"href":"https:\/\/pinkpetals.cz\/cs\/wp-json\/wp\/v2\/product_brand?post=4706"},{"taxonomy":"product_cat","embeddable":true,"href":"https:\/\/pinkpetals.cz\/cs\/wp-json\/wp\/v2\/product_cat?post=4706"},{"taxonomy":"product_tag","embeddable":true,"href":"https:\/\/pinkpetals.cz\/cs\/wp-json\/wp\/v2\/product_tag?post=4706"}],"curies":[{"name":"wp","href":"https:\/\/api.w.org\/{rel}","templated":true}]}}