{"id":4690,"date":"2020-02-21T13:07:04","date_gmt":"2020-02-21T13:07:04","guid":{"rendered":"https:\/\/www.pinkpetals.cz\/product\/kytice-alstroemerii\/"},"modified":"2020-09-24T14:24:37","modified_gmt":"2020-09-24T14:24:37","slug":"kytice-alstroemerii","status":"publish","type":"product","link":"https:\/\/pinkpetals.cz\/cs\/produkt\/kytice-alstroemerii\/","title":{"rendered":"Kytice alstroem\u00e9ri\u00ed"},"content":{"rendered":"","protected":false},"excerpt":{"rendered":"<p>Kytice alstroem\u00e9ri\u00ed jedn\u00e9 nebo n\u011bkolika barev. Jedna z nejpopularn\u011bj\u0161\u00edch kytic z jednoho rodu kv\u011btin. D\u011bl\u00e1me kytice r\u016fzn\u00fdch rozm\u011br\u016f, nejv\u011bt\u0161\u00ed z\u00e1jem je o 17 kus\u016f (Mal\u00e1 kytka), 25 kus\u016f (St\u0159edn\u00ed) a 35 kus\u016f (Velk\u00e1). Na po\u017e\u00e1d\u00e1n\u00ed v\u00e1\u017eeme kytice do 100 kus\u016f. Na obr\u00e1zku je St\u0159edn\u00ed kytice.<\/p>\n","protected":false},"featured_media":4675,"template":"","meta":[],"product_brand":[],"product_cat":[197,96],"product_tag":[],"class_list":{"0":"post-4690","1":"product","2":"type-product","3":"status-publish","4":"has-post-thumbnail","6":"product_cat-alstroemerie","7":"product_cat-z-jednoho-rodu","9":"first","10":"instock","11":"shipping-taxable","12":"purchasable","13":"product-type-variable","14":"has-default-attributes"},"yoast_head":"<!-- This site is optimized with the Yoast SEO plugin v25.2 - https:\/\/yoast.com\/wordpress\/plugins\/seo\/ -->\n<title>Kytice alstroem\u00e9ri\u00ed - Pink Petals - Rozvoz kv\u011btin po Praze<\/title>\n<meta name=\"description\" content=\"Kytice alstroem\u00e9ri\u00ed jedn\u00e9 nebo n\u011bkolika barev. Jedna z nejpopularn\u011bj\u0161\u00edch kytic z jednoho rodu kv\u011btin.\" \/>\n<meta name=\"robots\" content=\"index, follow, max-snippet:-1, max-image-preview:large, max-video-preview:-1\" \/>\n<link rel=\"canonical\" href=\"https:\/\/pinkpetals.cz\/produkt\/a-bouquet-of-alstroemerias\/\" \/>\n<meta property=\"og:locale\" content=\"cs_CZ\" \/>\n<meta property=\"og:type\" content=\"article\" \/>\n<meta property=\"og:title\" content=\"Kytice alstroem\u00e9ri\u00ed - Pink Petals - Rozvoz kv\u011btin po Praze\" \/>\n<meta property=\"og:description\" content=\"Kytice alstroem\u00e9ri\u00ed jedn\u00e9 nebo n\u011bkolika barev. Jedna z nejpopularn\u011bj\u0161\u00edch kytic z jednoho rodu kv\u011btin.\" \/>\n<meta property=\"og:url\" content=\"https:\/\/pinkpetals.cz\/produkt\/a-bouquet-of-alstroemerias\/\" \/>\n<meta property=\"og:site_name\" content=\"Pink Petals\" \/>\n<meta property=\"article:modified_time\" content=\"2020-09-24T14:24:37+00:00\" \/>\n<meta property=\"og:image\" content=\"https:\/\/pinkpetals.cz\/wp-content\/uploads\/2020\/02\/alstroemerie-z-jednoho-rodu-single-variety-2.jpg\" \/>\n\t<meta property=\"og:image:width\" content=\"600\" \/>\n\t<meta property=\"og:image:height\" content=\"800\" \/>\n\t<meta property=\"og:image:type\" content=\"image\/jpeg\" \/>\n<meta name=\"twitter:card\" content=\"summary_large_image\" \/>\n<script type=\"application\/ld+json\" class=\"yoast-schema-graph\">{\"@context\":\"https:\/\/schema.org\",\"@graph\":[{\"@type\":\"WebPage\",\"@id\":\"https:\/\/pinkpetals.cz\/produkt\/a-bouquet-of-alstroemerias\/\",\"url\":\"https:\/\/pinkpetals.cz\/produkt\/a-bouquet-of-alstroemerias\/\",\"name\":\"Kytice alstroem\u00e9ri\u00ed - Pink Petals - Rozvoz kv\u011btin po Praze\",\"isPartOf\":{\"@id\":\"https:\/\/pinkpetals.cz\/#website\"},\"primaryImageOfPage\":{\"@id\":\"https:\/\/pinkpetals.cz\/produkt\/a-bouquet-of-alstroemerias\/#primaryimage\"},\"image\":{\"@id\":\"https:\/\/pinkpetals.cz\/produkt\/a-bouquet-of-alstroemerias\/#primaryimage\"},\"thumbnailUrl\":\"https:\/\/pinkpetals.cz\/wp-content\/uploads\/2020\/02\/alstroemerie-z-jednoho-rodu-single-variety-2.jpg\",\"datePublished\":\"2020-02-21T13:07:04+00:00\",\"dateModified\":\"2020-09-24T14:24:37+00:00\",\"description\":\"Kytice alstroem\u00e9ri\u00ed jedn\u00e9 nebo n\u011bkolika barev. Jedna z nejpopularn\u011bj\u0161\u00edch kytic z jednoho rodu kv\u011btin.\",\"breadcrumb\":{\"@id\":\"https:\/\/pinkpetals.cz\/produkt\/a-bouquet-of-alstroemerias\/#breadcrumb\"},\"inLanguage\":\"cs\",\"potentialAction\":[{\"@type\":\"ReadAction\",\"target\":[\"https:\/\/pinkpetals.cz\/produkt\/a-bouquet-of-alstroemerias\/\"]}]},{\"@type\":\"ImageObject\",\"inLanguage\":\"cs\",\"@id\":\"https:\/\/pinkpetals.cz\/produkt\/a-bouquet-of-alstroemerias\/#primaryimage\",\"url\":\"https:\/\/pinkpetals.cz\/wp-content\/uploads\/2020\/02\/alstroemerie-z-jednoho-rodu-single-variety-2.jpg\",\"contentUrl\":\"https:\/\/pinkpetals.cz\/wp-content\/uploads\/2020\/02\/alstroemerie-z-jednoho-rodu-single-variety-2.jpg\",\"width\":600,\"height\":800},{\"@type\":\"BreadcrumbList\",\"@id\":\"https:\/\/pinkpetals.cz\/produkt\/a-bouquet-of-alstroemerias\/#breadcrumb\",\"itemListElement\":[{\"@type\":\"ListItem\",\"position\":1,\"name\":\"Home\",\"item\":\"https:\/\/pinkpetals.cz\/cs\/\"},{\"@type\":\"ListItem\",\"position\":2,\"name\":\"Obchod\",\"item\":\"https:\/\/pinkpetals.cz\/cs\/obchod\/\"},{\"@type\":\"ListItem\",\"position\":3,\"name\":\"Kytice alstroem\u00e9ri\u00ed\"}]},{\"@type\":\"WebSite\",\"@id\":\"https:\/\/pinkpetals.cz\/#website\",\"url\":\"https:\/\/pinkpetals.cz\/\",\"name\":\"Pink Petals\",\"description\":\"Flower delivery in Prague, Czech Republic\",\"potentialAction\":[{\"@type\":\"SearchAction\",\"target\":{\"@type\":\"EntryPoint\",\"urlTemplate\":\"https:\/\/pinkpetals.cz\/?s={search_term_string}\"},\"query-input\":{\"@type\":\"PropertyValueSpecification\",\"valueRequired\":true,\"valueName\":\"search_term_string\"}}],\"inLanguage\":\"cs\"}]}<\/script>\n<!-- \/ Yoast SEO plugin. -->","yoast_head_json":{"title":"Kytice alstroem\u00e9ri\u00ed - Pink Petals - Rozvoz kv\u011btin po Praze","description":"Kytice alstroem\u00e9ri\u00ed jedn\u00e9 nebo n\u011bkolika barev. Jedna z nejpopularn\u011bj\u0161\u00edch kytic z jednoho rodu kv\u011btin.","robots":{"index":"index","follow":"follow","max-snippet":"max-snippet:-1","max-image-preview":"max-image-preview:large","max-video-preview":"max-video-preview:-1"},"canonical":"https:\/\/pinkpetals.cz\/produkt\/a-bouquet-of-alstroemerias\/","og_locale":"cs_CZ","og_type":"article","og_title":"Kytice alstroem\u00e9ri\u00ed - Pink Petals - Rozvoz kv\u011btin po Praze","og_description":"Kytice alstroem\u00e9ri\u00ed jedn\u00e9 nebo n\u011bkolika barev. Jedna z nejpopularn\u011bj\u0161\u00edch kytic z jednoho rodu kv\u011btin.","og_url":"https:\/\/pinkpetals.cz\/produkt\/a-bouquet-of-alstroemerias\/","og_site_name":"Pink Petals","article_modified_time":"2020-09-24T14:24:37+00:00","og_image":[{"width":600,"height":800,"url":"https:\/\/pinkpetals.cz\/wp-content\/uploads\/2020\/02\/alstroemerie-z-jednoho-rodu-single-variety-2.jpg","type":"image\/jpeg"}],"twitter_card":"summary_large_image","schema":{"@context":"https:\/\/schema.org","@graph":[{"@type":"WebPage","@id":"https:\/\/pinkpetals.cz\/produkt\/a-bouquet-of-alstroemerias\/","url":"https:\/\/pinkpetals.cz\/produkt\/a-bouquet-of-alstroemerias\/","name":"Kytice alstroem\u00e9ri\u00ed - Pink Petals - Rozvoz kv\u011btin po Praze","isPartOf":{"@id":"https:\/\/pinkpetals.cz\/#website"},"primaryImageOfPage":{"@id":"https:\/\/pinkpetals.cz\/produkt\/a-bouquet-of-alstroemerias\/#primaryimage"},"image":{"@id":"https:\/\/pinkpetals.cz\/produkt\/a-bouquet-of-alstroemerias\/#primaryimage"},"thumbnailUrl":"https:\/\/pinkpetals.cz\/wp-content\/uploads\/2020\/02\/alstroemerie-z-jednoho-rodu-single-variety-2.jpg","datePublished":"2020-02-21T13:07:04+00:00","dateModified":"2020-09-24T14:24:37+00:00","description":"Kytice alstroem\u00e9ri\u00ed jedn\u00e9 nebo n\u011bkolika barev. Jedna z nejpopularn\u011bj\u0161\u00edch kytic z jednoho rodu kv\u011btin.","breadcrumb":{"@id":"https:\/\/pinkpetals.cz\/produkt\/a-bouquet-of-alstroemerias\/#breadcrumb"},"inLanguage":"cs","potentialAction":[{"@type":"ReadAction","target":["https:\/\/pinkpetals.cz\/produkt\/a-bouquet-of-alstroemerias\/"]}]},{"@type":"ImageObject","inLanguage":"cs","@id":"https:\/\/pinkpetals.cz\/produkt\/a-bouquet-of-alstroemerias\/#primaryimage","url":"https:\/\/pinkpetals.cz\/wp-content\/uploads\/2020\/02\/alstroemerie-z-jednoho-rodu-single-variety-2.jpg","contentUrl":"https:\/\/pinkpetals.cz\/wp-content\/uploads\/2020\/02\/alstroemerie-z-jednoho-rodu-single-variety-2.jpg","width":600,"height":800},{"@type":"BreadcrumbList","@id":"https:\/\/pinkpetals.cz\/produkt\/a-bouquet-of-alstroemerias\/#breadcrumb","itemListElement":[{"@type":"ListItem","position":1,"name":"Home","item":"https:\/\/pinkpetals.cz\/cs\/"},{"@type":"ListItem","position":2,"name":"Obchod","item":"https:\/\/pinkpetals.cz\/cs\/obchod\/"},{"@type":"ListItem","position":3,"name":"Kytice alstroem\u00e9ri\u00ed"}]},{"@type":"WebSite","@id":"https:\/\/pinkpetals.cz\/#website","url":"https:\/\/pinkpetals.cz\/","name":"Pink Petals","description":"Flower delivery in Prague, Czech Republic","potentialAction":[{"@type":"SearchAction","target":{"@type":"EntryPoint","urlTemplate":"https:\/\/pinkpetals.cz\/?s={search_term_string}"},"query-input":{"@type":"PropertyValueSpecification","valueRequired":true,"valueName":"search_term_string"}}],"inLanguage":"cs"}]}},"_links":{"self":[{"href":"https:\/\/pinkpetals.cz\/cs\/wp-json\/wp\/v2\/product\/4690","targetHints":{"allow":["GET"]}}],"collection":[{"href":"https:\/\/pinkpetals.cz\/cs\/wp-json\/wp\/v2\/product"}],"about":[{"href":"https:\/\/pinkpetals.cz\/cs\/wp-json\/wp\/v2\/types\/product"}],"wp:featuredmedia":[{"embeddable":true,"href":"https:\/\/pinkpetals.cz\/cs\/wp-json\/wp\/v2\/media\/4675"}],"wp:attachment":[{"href":"https:\/\/pinkpetals.cz\/cs\/wp-json\/wp\/v2\/media?parent=4690"}],"wp:term":[{"taxonomy":"product_brand","embeddable":true,"href":"https:\/\/pinkpetals.cz\/cs\/wp-json\/wp\/v2\/product_brand?post=4690"},{"taxonomy":"product_cat","embeddable":true,"href":"https:\/\/pinkpetals.cz\/cs\/wp-json\/wp\/v2\/product_cat?post=4690"},{"taxonomy":"product_tag","embeddable":true,"href":"https:\/\/pinkpetals.cz\/cs\/wp-json\/wp\/v2\/product_tag?post=4690"}],"curies":[{"name":"wp","href":"https:\/\/api.w.org\/{rel}","templated":true}]}}