{"id":4618,"date":"2018-02-20T14:28:32","date_gmt":"2018-02-20T14:28:32","guid":{"rendered":"https:\/\/www.pinkpetals.cz\/product\/lucni-kytice\/"},"modified":"2021-07-08T11:24:52","modified_gmt":"2021-07-08T11:24:52","slug":"lucni-kytice","status":"publish","type":"product","link":"https:\/\/pinkpetals.cz\/cs\/produkt\/lucni-kytice\/","title":{"rendered":"Lu\u010dn\u00ed kytice"},"content":{"rendered":"","protected":false},"excerpt":{"rendered":"<p>Uv\u00e1\u017eeme lu\u010dn\u00ed kytici ze sez\u00f3nn\u00edch kv\u011btin, nap\u0159\u00edklad z eustom, he\u0159m\u00e1nk\u016f, \u010dechrav, ostro\u017eky, santinek, ji\u0159in a dal\u0161\u00edch. Najdeme kr\u00e1snou kombinaci kv\u011btin, kter\u00e9 jsou te\u010f k dispozici, kvalitn\u00ed a p\u0159itom nejsou p\u0159\u00edli\u0161 drah\u00e9. Nab\u00edz\u00edme tuto kytici ve t\u0159ech velikostech: St\u0159edn\u00ed, Velk\u00e1 a X Velk\u00e1.<\/p>\n","protected":false},"featured_media":4604,"template":"","meta":[],"product_brand":[],"product_cat":[94],"product_tag":[],"class_list":{"0":"post-4618","1":"product","2":"type-product","3":"status-publish","4":"has-post-thumbnail","6":"product_cat-darkove-kytice","8":"first","9":"outofstock","10":"shipping-taxable","11":"purchasable","12":"product-type-variable","13":"has-default-attributes"},"yoast_head":"<!-- This site is optimized with the Yoast SEO plugin v25.2 - https:\/\/yoast.com\/wordpress\/plugins\/seo\/ -->\n<title>Lu\u010dn\u00ed kytice - Pink Petals - Rozvoz kv\u011btin v Praze<\/title>\n<meta name=\"description\" content=\"Uv\u00e1\u017eeme lu\u010dn\u00ed kytici ze sez\u00f3nn\u00edch kv\u011btin, nap\u0159\u00edklad z eustom, he\u0159m\u00e1nk\u016f, \u010dechrav, ostro\u017eky, santinek, ji\u0159in a dal\u0161\u00edch.\" \/>\n<meta name=\"robots\" content=\"index, follow, max-snippet:-1, max-image-preview:large, max-video-preview:-1\" \/>\n<link rel=\"canonical\" href=\"https:\/\/pinkpetals.cz\/produkt\/meadow-bouquet\/\" \/>\n<meta property=\"og:locale\" content=\"cs_CZ\" \/>\n<meta property=\"og:type\" content=\"article\" \/>\n<meta property=\"og:title\" content=\"Lu\u010dn\u00ed kytice - Pink Petals - Rozvoz kv\u011btin v Praze\" \/>\n<meta property=\"og:description\" content=\"Uv\u00e1\u017eeme lu\u010dn\u00ed kytici ze sez\u00f3nn\u00edch kv\u011btin, nap\u0159\u00edklad z eustom, he\u0159m\u00e1nk\u016f, \u010dechrav, ostro\u017eky, santinek, ji\u0159in a dal\u0161\u00edch.\" \/>\n<meta property=\"og:url\" content=\"https:\/\/pinkpetals.cz\/produkt\/meadow-bouquet\/\" \/>\n<meta property=\"og:site_name\" content=\"Pink Petals\" \/>\n<meta property=\"article:modified_time\" content=\"2021-07-08T11:24:52+00:00\" \/>\n<meta property=\"og:image\" content=\"https:\/\/pinkpetals.cz\/wp-content\/uploads\/2020\/02\/lucni-kytice-meadow-bouquet-lugovoj-buket-3.jpg\" \/>\n\t<meta property=\"og:image:width\" content=\"800\" \/>\n\t<meta property=\"og:image:height\" content=\"600\" \/>\n\t<meta property=\"og:image:type\" content=\"image\/jpeg\" \/>\n<meta name=\"twitter:card\" content=\"summary_large_image\" \/>\n<script type=\"application\/ld+json\" class=\"yoast-schema-graph\">{\"@context\":\"https:\/\/schema.org\",\"@graph\":[{\"@type\":\"WebPage\",\"@id\":\"https:\/\/pinkpetals.cz\/produkt\/meadow-bouquet\/\",\"url\":\"https:\/\/pinkpetals.cz\/produkt\/meadow-bouquet\/\",\"name\":\"Lu\u010dn\u00ed kytice - Pink Petals - Rozvoz kv\u011btin v Praze\",\"isPartOf\":{\"@id\":\"https:\/\/pinkpetals.cz\/#website\"},\"primaryImageOfPage\":{\"@id\":\"https:\/\/pinkpetals.cz\/produkt\/meadow-bouquet\/#primaryimage\"},\"image\":{\"@id\":\"https:\/\/pinkpetals.cz\/produkt\/meadow-bouquet\/#primaryimage\"},\"thumbnailUrl\":\"https:\/\/pinkpetals.cz\/wp-content\/uploads\/2020\/02\/lucni-kytice-meadow-bouquet-lugovoj-buket-3.jpg\",\"datePublished\":\"2018-02-20T14:28:32+00:00\",\"dateModified\":\"2021-07-08T11:24:52+00:00\",\"description\":\"Uv\u00e1\u017eeme lu\u010dn\u00ed kytici ze sez\u00f3nn\u00edch kv\u011btin, nap\u0159\u00edklad z eustom, he\u0159m\u00e1nk\u016f, \u010dechrav, ostro\u017eky, santinek, ji\u0159in a dal\u0161\u00edch.\",\"breadcrumb\":{\"@id\":\"https:\/\/pinkpetals.cz\/produkt\/meadow-bouquet\/#breadcrumb\"},\"inLanguage\":\"cs\",\"potentialAction\":[{\"@type\":\"ReadAction\",\"target\":[\"https:\/\/pinkpetals.cz\/produkt\/meadow-bouquet\/\"]}]},{\"@type\":\"ImageObject\",\"inLanguage\":\"cs\",\"@id\":\"https:\/\/pinkpetals.cz\/produkt\/meadow-bouquet\/#primaryimage\",\"url\":\"https:\/\/pinkpetals.cz\/wp-content\/uploads\/2020\/02\/lucni-kytice-meadow-bouquet-lugovoj-buket-3.jpg\",\"contentUrl\":\"https:\/\/pinkpetals.cz\/wp-content\/uploads\/2020\/02\/lucni-kytice-meadow-bouquet-lugovoj-buket-3.jpg\",\"width\":800,\"height\":600},{\"@type\":\"BreadcrumbList\",\"@id\":\"https:\/\/pinkpetals.cz\/produkt\/meadow-bouquet\/#breadcrumb\",\"itemListElement\":[{\"@type\":\"ListItem\",\"position\":1,\"name\":\"Home\",\"item\":\"https:\/\/pinkpetals.cz\/cs\/\"},{\"@type\":\"ListItem\",\"position\":2,\"name\":\"Obchod\",\"item\":\"https:\/\/pinkpetals.cz\/cs\/obchod\/\"},{\"@type\":\"ListItem\",\"position\":3,\"name\":\"Lu\u010dn\u00ed kytice\"}]},{\"@type\":\"WebSite\",\"@id\":\"https:\/\/pinkpetals.cz\/#website\",\"url\":\"https:\/\/pinkpetals.cz\/\",\"name\":\"Pink Petals\",\"description\":\"Flower delivery in Prague, Czech Republic\",\"potentialAction\":[{\"@type\":\"SearchAction\",\"target\":{\"@type\":\"EntryPoint\",\"urlTemplate\":\"https:\/\/pinkpetals.cz\/?s={search_term_string}\"},\"query-input\":{\"@type\":\"PropertyValueSpecification\",\"valueRequired\":true,\"valueName\":\"search_term_string\"}}],\"inLanguage\":\"cs\"}]}<\/script>\n<!-- \/ Yoast SEO plugin. -->","yoast_head_json":{"title":"Lu\u010dn\u00ed kytice - Pink Petals - Rozvoz kv\u011btin v Praze","description":"Uv\u00e1\u017eeme lu\u010dn\u00ed kytici ze sez\u00f3nn\u00edch kv\u011btin, nap\u0159\u00edklad z eustom, he\u0159m\u00e1nk\u016f, \u010dechrav, ostro\u017eky, santinek, ji\u0159in a dal\u0161\u00edch.","robots":{"index":"index","follow":"follow","max-snippet":"max-snippet:-1","max-image-preview":"max-image-preview:large","max-video-preview":"max-video-preview:-1"},"canonical":"https:\/\/pinkpetals.cz\/produkt\/meadow-bouquet\/","og_locale":"cs_CZ","og_type":"article","og_title":"Lu\u010dn\u00ed kytice - Pink Petals - Rozvoz kv\u011btin v Praze","og_description":"Uv\u00e1\u017eeme lu\u010dn\u00ed kytici ze sez\u00f3nn\u00edch kv\u011btin, nap\u0159\u00edklad z eustom, he\u0159m\u00e1nk\u016f, \u010dechrav, ostro\u017eky, santinek, ji\u0159in a dal\u0161\u00edch.","og_url":"https:\/\/pinkpetals.cz\/produkt\/meadow-bouquet\/","og_site_name":"Pink Petals","article_modified_time":"2021-07-08T11:24:52+00:00","og_image":[{"width":800,"height":600,"url":"https:\/\/pinkpetals.cz\/wp-content\/uploads\/2020\/02\/lucni-kytice-meadow-bouquet-lugovoj-buket-3.jpg","type":"image\/jpeg"}],"twitter_card":"summary_large_image","schema":{"@context":"https:\/\/schema.org","@graph":[{"@type":"WebPage","@id":"https:\/\/pinkpetals.cz\/produkt\/meadow-bouquet\/","url":"https:\/\/pinkpetals.cz\/produkt\/meadow-bouquet\/","name":"Lu\u010dn\u00ed kytice - Pink Petals - Rozvoz kv\u011btin v Praze","isPartOf":{"@id":"https:\/\/pinkpetals.cz\/#website"},"primaryImageOfPage":{"@id":"https:\/\/pinkpetals.cz\/produkt\/meadow-bouquet\/#primaryimage"},"image":{"@id":"https:\/\/pinkpetals.cz\/produkt\/meadow-bouquet\/#primaryimage"},"thumbnailUrl":"https:\/\/pinkpetals.cz\/wp-content\/uploads\/2020\/02\/lucni-kytice-meadow-bouquet-lugovoj-buket-3.jpg","datePublished":"2018-02-20T14:28:32+00:00","dateModified":"2021-07-08T11:24:52+00:00","description":"Uv\u00e1\u017eeme lu\u010dn\u00ed kytici ze sez\u00f3nn\u00edch kv\u011btin, nap\u0159\u00edklad z eustom, he\u0159m\u00e1nk\u016f, \u010dechrav, ostro\u017eky, santinek, ji\u0159in a dal\u0161\u00edch.","breadcrumb":{"@id":"https:\/\/pinkpetals.cz\/produkt\/meadow-bouquet\/#breadcrumb"},"inLanguage":"cs","potentialAction":[{"@type":"ReadAction","target":["https:\/\/pinkpetals.cz\/produkt\/meadow-bouquet\/"]}]},{"@type":"ImageObject","inLanguage":"cs","@id":"https:\/\/pinkpetals.cz\/produkt\/meadow-bouquet\/#primaryimage","url":"https:\/\/pinkpetals.cz\/wp-content\/uploads\/2020\/02\/lucni-kytice-meadow-bouquet-lugovoj-buket-3.jpg","contentUrl":"https:\/\/pinkpetals.cz\/wp-content\/uploads\/2020\/02\/lucni-kytice-meadow-bouquet-lugovoj-buket-3.jpg","width":800,"height":600},{"@type":"BreadcrumbList","@id":"https:\/\/pinkpetals.cz\/produkt\/meadow-bouquet\/#breadcrumb","itemListElement":[{"@type":"ListItem","position":1,"name":"Home","item":"https:\/\/pinkpetals.cz\/cs\/"},{"@type":"ListItem","position":2,"name":"Obchod","item":"https:\/\/pinkpetals.cz\/cs\/obchod\/"},{"@type":"ListItem","position":3,"name":"Lu\u010dn\u00ed kytice"}]},{"@type":"WebSite","@id":"https:\/\/pinkpetals.cz\/#website","url":"https:\/\/pinkpetals.cz\/","name":"Pink Petals","description":"Flower delivery in Prague, Czech Republic","potentialAction":[{"@type":"SearchAction","target":{"@type":"EntryPoint","urlTemplate":"https:\/\/pinkpetals.cz\/?s={search_term_string}"},"query-input":{"@type":"PropertyValueSpecification","valueRequired":true,"valueName":"search_term_string"}}],"inLanguage":"cs"}]}},"_links":{"self":[{"href":"https:\/\/pinkpetals.cz\/cs\/wp-json\/wp\/v2\/product\/4618","targetHints":{"allow":["GET"]}}],"collection":[{"href":"https:\/\/pinkpetals.cz\/cs\/wp-json\/wp\/v2\/product"}],"about":[{"href":"https:\/\/pinkpetals.cz\/cs\/wp-json\/wp\/v2\/types\/product"}],"wp:featuredmedia":[{"embeddable":true,"href":"https:\/\/pinkpetals.cz\/cs\/wp-json\/wp\/v2\/media\/4604"}],"wp:attachment":[{"href":"https:\/\/pinkpetals.cz\/cs\/wp-json\/wp\/v2\/media?parent=4618"}],"wp:term":[{"taxonomy":"product_brand","embeddable":true,"href":"https:\/\/pinkpetals.cz\/cs\/wp-json\/wp\/v2\/product_brand?post=4618"},{"taxonomy":"product_cat","embeddable":true,"href":"https:\/\/pinkpetals.cz\/cs\/wp-json\/wp\/v2\/product_cat?post=4618"},{"taxonomy":"product_tag","embeddable":true,"href":"https:\/\/pinkpetals.cz\/cs\/wp-json\/wp\/v2\/product_tag?post=4618"}],"curies":[{"name":"wp","href":"https:\/\/api.w.org\/{rel}","templated":true}]}}