{"id":2231,"date":"2022-01-01T17:14:32","date_gmt":"2022-01-01T17:14:32","guid":{"rendered":"https:\/\/www.pinkpetals.cz\/product\/kytice-ze-101-dlouhych-cervenych-ruzi\/"},"modified":"2020-09-24T14:26:43","modified_gmt":"2020-09-24T14:26:43","slug":"kytice-ze-101-dlouhych-cervenych-ruzi","status":"publish","type":"product","link":"https:\/\/pinkpetals.cz\/cs\/produkt\/kytice-ze-101-dlouhych-cervenych-ruzi\/","title":{"rendered":"Kytice ze 101 dlouh\u00fdch \u010derven\u00fdch r\u016f\u017e\u00ed"},"content":{"rendered":"<p>Kytice ze 101 dlouh\u00fdch \u010derven\u00fdch r\u016f\u017e\u00ed, d\u00e9lka stonk\u016f je cca 70 cm. M\u016f\u017eeme tuto kytici zabalit do re\u017en\u00e9ho pap\u00edru, s\u00ed\u0165ky nebo celof\u00e1nu. Nab\u00edz\u00edme dod\u00e1n\u00ed t\u00e9to kytice zdarma po Praze v pracovn\u00edch hodin\u00e1ch.<\/p>\n","protected":false},"excerpt":{"rendered":"<p>Kytice ze 101 dlouh\u00fdch \u010derven\u00fdch r\u016f\u017e\u00ed, d\u00e9lka stonk\u016f je cca 70 cm. M\u016f\u017eeme tuto kytici zabalit do re\u017en\u00e9ho pap\u00edru, s\u00ed\u0165ky nebo celof\u00e1nu. Nab\u00edz\u00edme dod\u00e1n\u00ed t\u00e9to kytice zdarma po Praze v pracovn\u00edch hodin\u00e1ch.<\/p>\n","protected":false},"featured_media":2212,"template":"","meta":[],"product_brand":[],"product_cat":[97,96],"product_tag":[],"class_list":{"0":"post-2231","1":"product","2":"type-product","3":"status-publish","4":"has-post-thumbnail","6":"product_cat-ruze","7":"product_cat-z-jednoho-rodu","9":"first","10":"instock","11":"shipping-taxable","12":"purchasable","13":"product-type-simple"},"yoast_head":"<!-- This site is optimized with the Yoast SEO plugin v25.2 - https:\/\/yoast.com\/wordpress\/plugins\/seo\/ -->\n<title>Kytice ze 101 dlouh\u00fdch \u010derven\u00fdch r\u016f\u017e\u00ed - Pink Petals<\/title>\n<meta name=\"description\" content=\"Kytice ze 101 dlouh\u00fdch \u010derven\u00fdch r\u016f\u017e\u00ed, d\u00e9lka stonk\u016f je cca 70 cm. M\u016f\u017eeme tuto kytici zabalit do re\u017en\u00e9ho pap\u00edru, s\u00ed\u0165ky nebo celof\u00e1nu.\" \/>\n<meta name=\"robots\" content=\"index, follow, max-snippet:-1, max-image-preview:large, max-video-preview:-1\" \/>\n<link rel=\"canonical\" href=\"https:\/\/pinkpetals.cz\/produkt\/a-bouquet-of-101-red-roses\/\" \/>\n<meta property=\"og:locale\" content=\"cs_CZ\" \/>\n<meta property=\"og:type\" content=\"article\" \/>\n<meta property=\"og:title\" content=\"Kytice ze 101 dlouh\u00fdch \u010derven\u00fdch r\u016f\u017e\u00ed - Pink Petals\" \/>\n<meta property=\"og:description\" content=\"Kytice ze 101 dlouh\u00fdch \u010derven\u00fdch r\u016f\u017e\u00ed, d\u00e9lka stonk\u016f je cca 70 cm. M\u016f\u017eeme tuto kytici zabalit do re\u017en\u00e9ho pap\u00edru, s\u00ed\u0165ky nebo celof\u00e1nu.\" \/>\n<meta property=\"og:url\" content=\"https:\/\/pinkpetals.cz\/produkt\/a-bouquet-of-101-red-roses\/\" \/>\n<meta property=\"og:site_name\" content=\"Pink Petals\" \/>\n<meta property=\"og:image\" content=\"https:\/\/pinkpetals.cz\/wp-content\/uploads\/2018\/11\/kytice-101-ruze-roses-roz-1.jpg\" \/>\n\t<meta property=\"og:image:width\" content=\"1200\" \/>\n\t<meta property=\"og:image:height\" content=\"792\" \/>\n\t<meta property=\"og:image:type\" content=\"image\/jpeg\" \/>\n<meta name=\"twitter:card\" content=\"summary_large_image\" \/>\n<script type=\"application\/ld+json\" class=\"yoast-schema-graph\">{\"@context\":\"https:\/\/schema.org\",\"@graph\":[{\"@type\":\"WebPage\",\"@id\":\"https:\/\/pinkpetals.cz\/produkt\/a-bouquet-of-101-red-roses\/\",\"url\":\"https:\/\/pinkpetals.cz\/produkt\/a-bouquet-of-101-red-roses\/\",\"name\":\"Kytice ze 101 dlouh\u00fdch \u010derven\u00fdch r\u016f\u017e\u00ed - Pink Petals\",\"isPartOf\":{\"@id\":\"https:\/\/pinkpetals.cz\/#website\"},\"primaryImageOfPage\":{\"@id\":\"https:\/\/pinkpetals.cz\/produkt\/a-bouquet-of-101-red-roses\/#primaryimage\"},\"image\":{\"@id\":\"https:\/\/pinkpetals.cz\/produkt\/a-bouquet-of-101-red-roses\/#primaryimage\"},\"thumbnailUrl\":\"https:\/\/pinkpetals.cz\/wp-content\/uploads\/2018\/11\/kytice-101-ruze-roses-roz-1.jpg\",\"datePublished\":\"2022-01-01T17:14:32+00:00\",\"description\":\"Kytice ze 101 dlouh\u00fdch \u010derven\u00fdch r\u016f\u017e\u00ed, d\u00e9lka stonk\u016f je cca 70 cm. M\u016f\u017eeme tuto kytici zabalit do re\u017en\u00e9ho pap\u00edru, s\u00ed\u0165ky nebo celof\u00e1nu.\",\"breadcrumb\":{\"@id\":\"https:\/\/pinkpetals.cz\/produkt\/a-bouquet-of-101-red-roses\/#breadcrumb\"},\"inLanguage\":\"cs\",\"potentialAction\":[{\"@type\":\"ReadAction\",\"target\":[\"https:\/\/pinkpetals.cz\/produkt\/a-bouquet-of-101-red-roses\/\"]}]},{\"@type\":\"ImageObject\",\"inLanguage\":\"cs\",\"@id\":\"https:\/\/pinkpetals.cz\/produkt\/a-bouquet-of-101-red-roses\/#primaryimage\",\"url\":\"https:\/\/pinkpetals.cz\/wp-content\/uploads\/2018\/11\/kytice-101-ruze-roses-roz-1.jpg\",\"contentUrl\":\"https:\/\/pinkpetals.cz\/wp-content\/uploads\/2018\/11\/kytice-101-ruze-roses-roz-1.jpg\",\"width\":1200,\"height\":792},{\"@type\":\"BreadcrumbList\",\"@id\":\"https:\/\/pinkpetals.cz\/produkt\/a-bouquet-of-101-red-roses\/#breadcrumb\",\"itemListElement\":[{\"@type\":\"ListItem\",\"position\":1,\"name\":\"Home\",\"item\":\"https:\/\/pinkpetals.cz\/cs\/\"},{\"@type\":\"ListItem\",\"position\":2,\"name\":\"Obchod\",\"item\":\"https:\/\/pinkpetals.cz\/cs\/obchod\/\"},{\"@type\":\"ListItem\",\"position\":3,\"name\":\"Kytice ze 101 dlouh\u00fdch \u010derven\u00fdch r\u016f\u017e\u00ed\"}]},{\"@type\":\"WebSite\",\"@id\":\"https:\/\/pinkpetals.cz\/#website\",\"url\":\"https:\/\/pinkpetals.cz\/\",\"name\":\"Pink Petals\",\"description\":\"Flower delivery in Prague, Czech Republic\",\"potentialAction\":[{\"@type\":\"SearchAction\",\"target\":{\"@type\":\"EntryPoint\",\"urlTemplate\":\"https:\/\/pinkpetals.cz\/?s={search_term_string}\"},\"query-input\":{\"@type\":\"PropertyValueSpecification\",\"valueRequired\":true,\"valueName\":\"search_term_string\"}}],\"inLanguage\":\"cs\"}]}<\/script>\n<!-- \/ Yoast SEO plugin. -->","yoast_head_json":{"title":"Kytice ze 101 dlouh\u00fdch \u010derven\u00fdch r\u016f\u017e\u00ed - Pink Petals","description":"Kytice ze 101 dlouh\u00fdch \u010derven\u00fdch r\u016f\u017e\u00ed, d\u00e9lka stonk\u016f je cca 70 cm. M\u016f\u017eeme tuto kytici zabalit do re\u017en\u00e9ho pap\u00edru, s\u00ed\u0165ky nebo celof\u00e1nu.","robots":{"index":"index","follow":"follow","max-snippet":"max-snippet:-1","max-image-preview":"max-image-preview:large","max-video-preview":"max-video-preview:-1"},"canonical":"https:\/\/pinkpetals.cz\/produkt\/a-bouquet-of-101-red-roses\/","og_locale":"cs_CZ","og_type":"article","og_title":"Kytice ze 101 dlouh\u00fdch \u010derven\u00fdch r\u016f\u017e\u00ed - Pink Petals","og_description":"Kytice ze 101 dlouh\u00fdch \u010derven\u00fdch r\u016f\u017e\u00ed, d\u00e9lka stonk\u016f je cca 70 cm. M\u016f\u017eeme tuto kytici zabalit do re\u017en\u00e9ho pap\u00edru, s\u00ed\u0165ky nebo celof\u00e1nu.","og_url":"https:\/\/pinkpetals.cz\/produkt\/a-bouquet-of-101-red-roses\/","og_site_name":"Pink Petals","og_image":[{"width":1200,"height":792,"url":"https:\/\/pinkpetals.cz\/wp-content\/uploads\/2018\/11\/kytice-101-ruze-roses-roz-1.jpg","type":"image\/jpeg"}],"twitter_card":"summary_large_image","schema":{"@context":"https:\/\/schema.org","@graph":[{"@type":"WebPage","@id":"https:\/\/pinkpetals.cz\/produkt\/a-bouquet-of-101-red-roses\/","url":"https:\/\/pinkpetals.cz\/produkt\/a-bouquet-of-101-red-roses\/","name":"Kytice ze 101 dlouh\u00fdch \u010derven\u00fdch r\u016f\u017e\u00ed - Pink Petals","isPartOf":{"@id":"https:\/\/pinkpetals.cz\/#website"},"primaryImageOfPage":{"@id":"https:\/\/pinkpetals.cz\/produkt\/a-bouquet-of-101-red-roses\/#primaryimage"},"image":{"@id":"https:\/\/pinkpetals.cz\/produkt\/a-bouquet-of-101-red-roses\/#primaryimage"},"thumbnailUrl":"https:\/\/pinkpetals.cz\/wp-content\/uploads\/2018\/11\/kytice-101-ruze-roses-roz-1.jpg","datePublished":"2022-01-01T17:14:32+00:00","description":"Kytice ze 101 dlouh\u00fdch \u010derven\u00fdch r\u016f\u017e\u00ed, d\u00e9lka stonk\u016f je cca 70 cm. M\u016f\u017eeme tuto kytici zabalit do re\u017en\u00e9ho pap\u00edru, s\u00ed\u0165ky nebo celof\u00e1nu.","breadcrumb":{"@id":"https:\/\/pinkpetals.cz\/produkt\/a-bouquet-of-101-red-roses\/#breadcrumb"},"inLanguage":"cs","potentialAction":[{"@type":"ReadAction","target":["https:\/\/pinkpetals.cz\/produkt\/a-bouquet-of-101-red-roses\/"]}]},{"@type":"ImageObject","inLanguage":"cs","@id":"https:\/\/pinkpetals.cz\/produkt\/a-bouquet-of-101-red-roses\/#primaryimage","url":"https:\/\/pinkpetals.cz\/wp-content\/uploads\/2018\/11\/kytice-101-ruze-roses-roz-1.jpg","contentUrl":"https:\/\/pinkpetals.cz\/wp-content\/uploads\/2018\/11\/kytice-101-ruze-roses-roz-1.jpg","width":1200,"height":792},{"@type":"BreadcrumbList","@id":"https:\/\/pinkpetals.cz\/produkt\/a-bouquet-of-101-red-roses\/#breadcrumb","itemListElement":[{"@type":"ListItem","position":1,"name":"Home","item":"https:\/\/pinkpetals.cz\/cs\/"},{"@type":"ListItem","position":2,"name":"Obchod","item":"https:\/\/pinkpetals.cz\/cs\/obchod\/"},{"@type":"ListItem","position":3,"name":"Kytice ze 101 dlouh\u00fdch \u010derven\u00fdch r\u016f\u017e\u00ed"}]},{"@type":"WebSite","@id":"https:\/\/pinkpetals.cz\/#website","url":"https:\/\/pinkpetals.cz\/","name":"Pink Petals","description":"Flower delivery in Prague, Czech Republic","potentialAction":[{"@type":"SearchAction","target":{"@type":"EntryPoint","urlTemplate":"https:\/\/pinkpetals.cz\/?s={search_term_string}"},"query-input":{"@type":"PropertyValueSpecification","valueRequired":true,"valueName":"search_term_string"}}],"inLanguage":"cs"}]}},"_links":{"self":[{"href":"https:\/\/pinkpetals.cz\/cs\/wp-json\/wp\/v2\/product\/2231","targetHints":{"allow":["GET"]}}],"collection":[{"href":"https:\/\/pinkpetals.cz\/cs\/wp-json\/wp\/v2\/product"}],"about":[{"href":"https:\/\/pinkpetals.cz\/cs\/wp-json\/wp\/v2\/types\/product"}],"wp:featuredmedia":[{"embeddable":true,"href":"https:\/\/pinkpetals.cz\/cs\/wp-json\/wp\/v2\/media\/2212"}],"wp:attachment":[{"href":"https:\/\/pinkpetals.cz\/cs\/wp-json\/wp\/v2\/media?parent=2231"}],"wp:term":[{"taxonomy":"product_brand","embeddable":true,"href":"https:\/\/pinkpetals.cz\/cs\/wp-json\/wp\/v2\/product_brand?post=2231"},{"taxonomy":"product_cat","embeddable":true,"href":"https:\/\/pinkpetals.cz\/cs\/wp-json\/wp\/v2\/product_cat?post=2231"},{"taxonomy":"product_tag","embeddable":true,"href":"https:\/\/pinkpetals.cz\/cs\/wp-json\/wp\/v2\/product_tag?post=2231"}],"curies":[{"name":"wp","href":"https:\/\/api.w.org\/{rel}","templated":true}]}}