{"id":2220,"date":"2018-11-14T15:52:48","date_gmt":"2018-11-14T15:52:48","guid":{"rendered":"https:\/\/www.pinkpetals.cz\/product\/pastelovy-kvetinovy-kos\/"},"modified":"2018-11-14T15:52:48","modified_gmt":"2018-11-14T15:52:48","slug":"pastelovy-kvetinovy-kos","status":"publish","type":"product","link":"https:\/\/pinkpetals.cz\/cs\/produkt\/pastelovy-kvetinovy-kos\/","title":{"rendered":"Pastelov\u00fd kv\u011btinov\u00fd ko\u0161"},"content":{"rendered":"<p>Pastelov\u00fd kv\u011btinov\u00fd ko\u0161 z n\u011bkolika rod\u016f kv\u011btin v nab\u00edz\u00edme v r\u016fzn\u00fdch velikostech a kompozic\u00edch. Sd\u011blte n\u00e1m pros\u00edm z\u00e1kladn\u00ed barvu a odst\u00edny kv\u011btin, kter\u00e9 byste v tom ko\u0161i cht\u011bli, vyzdob\u00edme ko\u0161 dle Va\u0161\u00ed p\u0159edstavy. Cena ko\u0161\u016f je od 1500 K\u010d, nab\u00edz\u00edme dod\u00e1n\u00ed zdarma nebo za minim\u00e1ln\u00ed p\u0159\u00edplatek v pracovn\u00edch dnech. Tato polo\u017eka se prod\u00e1v\u00e1 ve 4 variac\u00edch, pokud chcete individu\u00e1ln\u00ed a exkluzivn\u00ed kv\u011btinov\u00fd d\u00e1rek, zkuste pros\u00edm produkt Zadejte Va\u0161i cenu &#8211; v tomto p\u0159\u00edpad\u011b nen\u00ed horn\u00ed cenov\u00e1 hranice a m\u016f\u017eete zadat libovolnou \u010d\u00e1stku. Pros\u00edm napl\u00e1nujte sv\u016fj n\u00e1kup minim\u00e1ln\u011b 2 pracovn\u00ed dny p\u0159edem, zejm\u00e9na v p\u0159\u00edpad\u011b v\u011bt\u0161\u00edch a slo\u017eit\u011bj\u0161\u00edch kompozic. Doru\u010den\u00ed v den objedn\u00e1n\u00ed je v\u011bt\u0161inou tak\u00e9 mo\u017en\u00e9. Kv\u011btinov\u00e9 ko\u0161e jsou z d\u00edlny <a href=\"https:\/\/fiorita.cz\/en\/flower-baskets\/?pinkpetals\" target=\"_blank\" rel=\"noopener noreferrer\">Kv\u011btiny Fiorita<\/a> (odkaz se otev\u00edr\u00e1 v nov\u00e9m okn\u011b).<\/p>\n","protected":false},"excerpt":{"rendered":"<p>Pastelov\u00fd kv\u011btinov\u00fd ko\u0161 z n\u011bkolika rod\u016f kv\u011btin v nab\u00edz\u00edme v r\u016fzn\u00fdch velikostech a kompozic\u00edch. Sd\u011blte n\u00e1m pros\u00edm z\u00e1kladn\u00ed barvu a odst\u00edny kv\u011btin, kter\u00e9 byste v tom ko\u0161i cht\u011bli, vyzdob\u00edme ko\u0161 dle Va\u0161\u00ed p\u0159edstavy. Cena ko\u0161\u016f je od 1500 K\u010d, nab\u00edz\u00edme dod\u00e1n\u00ed zdarma nebo za minim\u00e1ln\u00ed p\u0159\u00edplatek v pracovn\u00edch dnech. Tato polo\u017eka se prod\u00e1v\u00e1 ve 4 variac\u00edch, pokud chcete individu\u00e1ln\u00ed a exkluzivn\u00ed kv\u011btinov\u00fd d\u00e1rek, zkuste pros\u00edm produkt Zadejte Va\u0161i cenu &#8211; v tomto p\u0159\u00edpad\u011b nen\u00ed horn\u00ed cenov\u00e1 hranice a m\u016f\u017eete zadat libovolnou \u010d\u00e1stku. Pros\u00edm napl\u00e1nujte sv\u016fj n\u00e1kup minim\u00e1ln\u011b 2 pracovn\u00ed dny p\u0159edem, zejm\u00e9na v p\u0159\u00edpad\u011b v\u011bt\u0161\u00edch a slo\u017eit\u011bj\u0161\u00edch kompozic. Doru\u010den\u00ed v den objedn\u00e1n\u00ed je v\u011bt\u0161inou tak\u00e9 mo\u017en\u00e9. Kv\u011btinov\u00e9 ko\u0161e jsou z d\u00edlny <a href=\"https:\/\/fiorita.cz\/en\/flower-baskets\/?pinkpetals\" target=\"_blank\" rel=\"noopener noreferrer\">Kv\u011btiny Fiorita<\/a> (odkaz se otev\u00edr\u00e1 v nov\u00e9m okn\u011b).<\/p>\n","protected":false},"featured_media":2133,"template":"","meta":[],"product_brand":[],"product_cat":[92],"product_tag":[],"class_list":{"0":"post-2220","1":"product","2":"type-product","3":"status-publish","4":"has-post-thumbnail","6":"product_cat-kvetinove-kose","8":"first","9":"outofstock","10":"shipping-taxable","11":"purchasable","12":"product-type-variable"},"yoast_head":"<!-- This site is optimized with the Yoast SEO plugin v25.2 - https:\/\/yoast.com\/wordpress\/plugins\/seo\/ -->\n<title>Pastelov\u00fd kv\u011btinov\u00fd ko\u0161 - Pink Petals<\/title>\n<meta name=\"description\" content=\"Pastelov\u00fd kv\u011btinov\u00fd ko\u0161 z n\u011bkolika rod\u016f kv\u011btin v nab\u00edz\u00edme v r\u016fzn\u00fdch velikostech a kompozic\u00edch. Cena ko\u0161\u016f je od 1500 K\u010d, nab\u00edz\u00edme dod\u00e1n\u00ed zdarma nebo za minim\u00e1ln\u00ed p\u0159\u00edplatek v pracovn\u00edch dnech.\" \/>\n<meta name=\"robots\" content=\"index, follow, max-snippet:-1, max-image-preview:large, max-video-preview:-1\" \/>\n<link rel=\"canonical\" href=\"https:\/\/pinkpetals.cz\/produkt\/pastel-flower-basket\/\" \/>\n<meta property=\"og:locale\" content=\"cs_CZ\" \/>\n<meta property=\"og:type\" content=\"article\" \/>\n<meta property=\"og:title\" content=\"Pastelov\u00fd kv\u011btinov\u00fd ko\u0161 - Pink Petals\" \/>\n<meta property=\"og:description\" content=\"Pastelov\u00fd kv\u011btinov\u00fd ko\u0161 z n\u011bkolika rod\u016f kv\u011btin v nab\u00edz\u00edme v r\u016fzn\u00fdch velikostech a kompozic\u00edch. Cena ko\u0161\u016f je od 1500 K\u010d, nab\u00edz\u00edme dod\u00e1n\u00ed zdarma nebo za minim\u00e1ln\u00ed p\u0159\u00edplatek v pracovn\u00edch dnech.\" \/>\n<meta property=\"og:url\" content=\"https:\/\/pinkpetals.cz\/produkt\/pastel-flower-basket\/\" \/>\n<meta property=\"og:site_name\" content=\"Pink Petals\" \/>\n<meta property=\"og:image\" content=\"https:\/\/pinkpetals.cz\/wp-content\/uploads\/2018\/11\/kvetinovy-kos-flower-basket-tsvetochnaya-korzina-1.jpg\" \/>\n\t<meta property=\"og:image:width\" content=\"1200\" \/>\n\t<meta property=\"og:image:height\" content=\"792\" \/>\n\t<meta property=\"og:image:type\" content=\"image\/jpeg\" \/>\n<meta name=\"twitter:card\" content=\"summary_large_image\" \/>\n<meta name=\"twitter:label1\" content=\"Odhadovan\u00e1 doba \u010dten\u00ed\" \/>\n\t<meta name=\"twitter:data1\" content=\"1 minuta\" \/>\n<script type=\"application\/ld+json\" class=\"yoast-schema-graph\">{\"@context\":\"https:\/\/schema.org\",\"@graph\":[{\"@type\":\"WebPage\",\"@id\":\"https:\/\/pinkpetals.cz\/produkt\/pastel-flower-basket\/\",\"url\":\"https:\/\/pinkpetals.cz\/produkt\/pastel-flower-basket\/\",\"name\":\"Pastelov\u00fd kv\u011btinov\u00fd ko\u0161 - Pink Petals\",\"isPartOf\":{\"@id\":\"https:\/\/pinkpetals.cz\/#website\"},\"primaryImageOfPage\":{\"@id\":\"https:\/\/pinkpetals.cz\/produkt\/pastel-flower-basket\/#primaryimage\"},\"image\":{\"@id\":\"https:\/\/pinkpetals.cz\/produkt\/pastel-flower-basket\/#primaryimage\"},\"thumbnailUrl\":\"https:\/\/pinkpetals.cz\/wp-content\/uploads\/2018\/11\/kvetinovy-kos-flower-basket-tsvetochnaya-korzina-1.jpg\",\"datePublished\":\"2018-11-14T15:52:48+00:00\",\"description\":\"Pastelov\u00fd kv\u011btinov\u00fd ko\u0161 z n\u011bkolika rod\u016f kv\u011btin v nab\u00edz\u00edme v r\u016fzn\u00fdch velikostech a kompozic\u00edch. Cena ko\u0161\u016f je od 1500 K\u010d, nab\u00edz\u00edme dod\u00e1n\u00ed zdarma nebo za minim\u00e1ln\u00ed p\u0159\u00edplatek v pracovn\u00edch dnech.\",\"breadcrumb\":{\"@id\":\"https:\/\/pinkpetals.cz\/produkt\/pastel-flower-basket\/#breadcrumb\"},\"inLanguage\":\"cs\",\"potentialAction\":[{\"@type\":\"ReadAction\",\"target\":[\"https:\/\/pinkpetals.cz\/produkt\/pastel-flower-basket\/\"]}]},{\"@type\":\"ImageObject\",\"inLanguage\":\"cs\",\"@id\":\"https:\/\/pinkpetals.cz\/produkt\/pastel-flower-basket\/#primaryimage\",\"url\":\"https:\/\/pinkpetals.cz\/wp-content\/uploads\/2018\/11\/kvetinovy-kos-flower-basket-tsvetochnaya-korzina-1.jpg\",\"contentUrl\":\"https:\/\/pinkpetals.cz\/wp-content\/uploads\/2018\/11\/kvetinovy-kos-flower-basket-tsvetochnaya-korzina-1.jpg\",\"width\":1200,\"height\":792},{\"@type\":\"BreadcrumbList\",\"@id\":\"https:\/\/pinkpetals.cz\/produkt\/pastel-flower-basket\/#breadcrumb\",\"itemListElement\":[{\"@type\":\"ListItem\",\"position\":1,\"name\":\"Home\",\"item\":\"https:\/\/pinkpetals.cz\/cs\/\"},{\"@type\":\"ListItem\",\"position\":2,\"name\":\"Obchod\",\"item\":\"https:\/\/pinkpetals.cz\/cs\/obchod\/\"},{\"@type\":\"ListItem\",\"position\":3,\"name\":\"Pastelov\u00fd kv\u011btinov\u00fd ko\u0161\"}]},{\"@type\":\"WebSite\",\"@id\":\"https:\/\/pinkpetals.cz\/#website\",\"url\":\"https:\/\/pinkpetals.cz\/\",\"name\":\"Pink Petals\",\"description\":\"Flower delivery in Prague, Czech Republic\",\"potentialAction\":[{\"@type\":\"SearchAction\",\"target\":{\"@type\":\"EntryPoint\",\"urlTemplate\":\"https:\/\/pinkpetals.cz\/?s={search_term_string}\"},\"query-input\":{\"@type\":\"PropertyValueSpecification\",\"valueRequired\":true,\"valueName\":\"search_term_string\"}}],\"inLanguage\":\"cs\"}]}<\/script>\n<!-- \/ Yoast SEO plugin. -->","yoast_head_json":{"title":"Pastelov\u00fd kv\u011btinov\u00fd ko\u0161 - Pink Petals","description":"Pastelov\u00fd kv\u011btinov\u00fd ko\u0161 z n\u011bkolika rod\u016f kv\u011btin v nab\u00edz\u00edme v r\u016fzn\u00fdch velikostech a kompozic\u00edch. Cena ko\u0161\u016f je od 1500 K\u010d, nab\u00edz\u00edme dod\u00e1n\u00ed zdarma nebo za minim\u00e1ln\u00ed p\u0159\u00edplatek v pracovn\u00edch dnech.","robots":{"index":"index","follow":"follow","max-snippet":"max-snippet:-1","max-image-preview":"max-image-preview:large","max-video-preview":"max-video-preview:-1"},"canonical":"https:\/\/pinkpetals.cz\/produkt\/pastel-flower-basket\/","og_locale":"cs_CZ","og_type":"article","og_title":"Pastelov\u00fd kv\u011btinov\u00fd ko\u0161 - Pink Petals","og_description":"Pastelov\u00fd kv\u011btinov\u00fd ko\u0161 z n\u011bkolika rod\u016f kv\u011btin v nab\u00edz\u00edme v r\u016fzn\u00fdch velikostech a kompozic\u00edch. Cena ko\u0161\u016f je od 1500 K\u010d, nab\u00edz\u00edme dod\u00e1n\u00ed zdarma nebo za minim\u00e1ln\u00ed p\u0159\u00edplatek v pracovn\u00edch dnech.","og_url":"https:\/\/pinkpetals.cz\/produkt\/pastel-flower-basket\/","og_site_name":"Pink Petals","og_image":[{"width":1200,"height":792,"url":"https:\/\/pinkpetals.cz\/wp-content\/uploads\/2018\/11\/kvetinovy-kos-flower-basket-tsvetochnaya-korzina-1.jpg","type":"image\/jpeg"}],"twitter_card":"summary_large_image","twitter_misc":{"Odhadovan\u00e1 doba \u010dten\u00ed":"1 minuta"},"schema":{"@context":"https:\/\/schema.org","@graph":[{"@type":"WebPage","@id":"https:\/\/pinkpetals.cz\/produkt\/pastel-flower-basket\/","url":"https:\/\/pinkpetals.cz\/produkt\/pastel-flower-basket\/","name":"Pastelov\u00fd kv\u011btinov\u00fd ko\u0161 - Pink Petals","isPartOf":{"@id":"https:\/\/pinkpetals.cz\/#website"},"primaryImageOfPage":{"@id":"https:\/\/pinkpetals.cz\/produkt\/pastel-flower-basket\/#primaryimage"},"image":{"@id":"https:\/\/pinkpetals.cz\/produkt\/pastel-flower-basket\/#primaryimage"},"thumbnailUrl":"https:\/\/pinkpetals.cz\/wp-content\/uploads\/2018\/11\/kvetinovy-kos-flower-basket-tsvetochnaya-korzina-1.jpg","datePublished":"2018-11-14T15:52:48+00:00","description":"Pastelov\u00fd kv\u011btinov\u00fd ko\u0161 z n\u011bkolika rod\u016f kv\u011btin v nab\u00edz\u00edme v r\u016fzn\u00fdch velikostech a kompozic\u00edch. Cena ko\u0161\u016f je od 1500 K\u010d, nab\u00edz\u00edme dod\u00e1n\u00ed zdarma nebo za minim\u00e1ln\u00ed p\u0159\u00edplatek v pracovn\u00edch dnech.","breadcrumb":{"@id":"https:\/\/pinkpetals.cz\/produkt\/pastel-flower-basket\/#breadcrumb"},"inLanguage":"cs","potentialAction":[{"@type":"ReadAction","target":["https:\/\/pinkpetals.cz\/produkt\/pastel-flower-basket\/"]}]},{"@type":"ImageObject","inLanguage":"cs","@id":"https:\/\/pinkpetals.cz\/produkt\/pastel-flower-basket\/#primaryimage","url":"https:\/\/pinkpetals.cz\/wp-content\/uploads\/2018\/11\/kvetinovy-kos-flower-basket-tsvetochnaya-korzina-1.jpg","contentUrl":"https:\/\/pinkpetals.cz\/wp-content\/uploads\/2018\/11\/kvetinovy-kos-flower-basket-tsvetochnaya-korzina-1.jpg","width":1200,"height":792},{"@type":"BreadcrumbList","@id":"https:\/\/pinkpetals.cz\/produkt\/pastel-flower-basket\/#breadcrumb","itemListElement":[{"@type":"ListItem","position":1,"name":"Home","item":"https:\/\/pinkpetals.cz\/cs\/"},{"@type":"ListItem","position":2,"name":"Obchod","item":"https:\/\/pinkpetals.cz\/cs\/obchod\/"},{"@type":"ListItem","position":3,"name":"Pastelov\u00fd kv\u011btinov\u00fd ko\u0161"}]},{"@type":"WebSite","@id":"https:\/\/pinkpetals.cz\/#website","url":"https:\/\/pinkpetals.cz\/","name":"Pink Petals","description":"Flower delivery in Prague, Czech Republic","potentialAction":[{"@type":"SearchAction","target":{"@type":"EntryPoint","urlTemplate":"https:\/\/pinkpetals.cz\/?s={search_term_string}"},"query-input":{"@type":"PropertyValueSpecification","valueRequired":true,"valueName":"search_term_string"}}],"inLanguage":"cs"}]}},"_links":{"self":[{"href":"https:\/\/pinkpetals.cz\/cs\/wp-json\/wp\/v2\/product\/2220","targetHints":{"allow":["GET"]}}],"collection":[{"href":"https:\/\/pinkpetals.cz\/cs\/wp-json\/wp\/v2\/product"}],"about":[{"href":"https:\/\/pinkpetals.cz\/cs\/wp-json\/wp\/v2\/types\/product"}],"wp:featuredmedia":[{"embeddable":true,"href":"https:\/\/pinkpetals.cz\/cs\/wp-json\/wp\/v2\/media\/2133"}],"wp:attachment":[{"href":"https:\/\/pinkpetals.cz\/cs\/wp-json\/wp\/v2\/media?parent=2220"}],"wp:term":[{"taxonomy":"product_brand","embeddable":true,"href":"https:\/\/pinkpetals.cz\/cs\/wp-json\/wp\/v2\/product_brand?post=2220"},{"taxonomy":"product_cat","embeddable":true,"href":"https:\/\/pinkpetals.cz\/cs\/wp-json\/wp\/v2\/product_cat?post=2220"},{"taxonomy":"product_tag","embeddable":true,"href":"https:\/\/pinkpetals.cz\/cs\/wp-json\/wp\/v2\/product_tag?post=2220"}],"curies":[{"name":"wp","href":"https:\/\/api.w.org\/{rel}","templated":true}]}}