{"id":8056,"date":"2021-02-13T16:42:16","date_gmt":"2021-02-13T16:42:16","guid":{"rendered":"https:\/\/www.pinkpetals.cz\/valentyn\/"},"modified":"2021-02-13T17:19:36","modified_gmt":"2021-02-13T17:19:36","slug":"valentyn","status":"publish","type":"page","link":"https:\/\/pinkpetals.cz\/cs\/valentyn\/","title":{"rendered":"Valent\u00fdn"},"content":{"rendered":"<p><a href=\"#Zacatek\" role=\"button\"><br \/>\n\t\t\t\t\t\tVyberte si kv\u011btiny<br \/>\n\t\t\t\t\t<\/a><\/p>\n<p>Nab\u00edz\u00edme r\u016f\u017eov\u00e9 a tulip\u00e1nov\u00e9 kytice a boxy na den svat\u00e9ho Valent\u00fdna. Doru\u010d\u00edme v\u00e1\u0161 kv\u011btinov\u00fd d\u00e1rek na jakoukoli adresu v Praze. M\u016f\u017eete si koupit \u010dokol\u00e1dy a m\u011bkk\u00e9 hra\u010dky (info na vy\u017e\u00e1d\u00e1n\u00ed).<\/p>\n<p>Kv\u011btiny a dopl\u0148ky si m\u016f\u017eete objednat zde na webu, nebo pokud m\u00e1te n\u011bjak\u00e9 speci\u00e1ln\u00ed po\u017eadavky, m\u016f\u017eete n\u00e1m poslat zpr\u00e1vu prost\u0159ednictv\u00edm <strong>formul\u00e1\u0159e dole na str\u00e1nce<\/strong>, m\u016f\u017eete n\u00e1m zavolat nebo zaslat zpr\u00e1vu na<a href=\"http:\/\/wa.me\/420776770350\"><strong>WhatsApp +420776770350<\/strong><\/a>.<\/p>\n<p>V sobotu 13. a ned\u011bli 14. \u00fanora m\u00e1me otev\u00edrac\u00ed dobu od 9.00 do 20.00. T\u011b\u0161\u00edme se na va\u0161i n\u00e1v\u0161t\u011bvu! Najdete n\u00e1s <a href=\"#Adresa\"><strong>tady<\/strong><\/a>.<\/p>\n<p>\t\t\t\t\t\t\t\t\t\t<img decoding=\"async\" width=\"1048\" height=\"900\" src=\"https:\/\/www.pinkpetals.cz\/wp-content\/uploads\/2021\/02\/valentyn-valentine-valentin-ruze-roses-rozy.jpeg\" alt=\"\" loading=\"lazy\" srcset=\"https:\/\/www.pinkpetals.cz\/wp-content\/uploads\/2021\/02\/valentyn-valentine-valentin-ruze-roses-rozy.jpeg 1048w, https:\/\/www.pinkpetals.cz\/wp-content\/uploads\/2021\/02\/valentyn-valentine-valentin-ruze-roses-rozy-600x515.jpeg 600w, https:\/\/www.pinkpetals.cz\/wp-content\/uploads\/2021\/02\/valentyn-valentine-valentin-ruze-roses-rozy-768x660.jpeg 768w, https:\/\/www.pinkpetals.cz\/wp-content\/uploads\/2021\/02\/valentyn-valentine-valentin-ruze-roses-rozy-200x172.jpeg 200w\" sizes=\"auto, (max-width: 1048px) 100vw, 1048px\" \/>\t\t\t\t\t\t\t\t\t\t\t<\/p>\n<h2><a href=\"#Cervene\">R\u016f\u017ee<\/a><\/h2>\n<h2><a href=\"#Tulips\">Tulip\u00e1ny<\/a><\/h2>\n<h2>R\u016f\u017ee<\/h2>\n<p>\t\t\t<a href=\"#Zacatek\" role=\"button\"><br \/>\n\t\t\t\t\t\tZp\u011bt nahoru<br \/>\n\t\t\t\t\t<\/a><\/p>\n<h2>Tulip\u00e1ny<\/h2>\n<p>\t\t\t<a href=\"#Zacatek\" role=\"button\"><br \/>\n\t\t\t\t\t\tZp\u011bt nahoru<br \/>\n\t\t\t\t\t<\/a><\/p>\n<h3>Vyzvednut\u00ed objedn\u00e1vek<\/h3>\n<p>\t\t\t<a href=\"tel:+420776770350\"><\/a>\t\t<\/p>\n<h3><a href=\"tel:+420776770350\">+420 776 770 350<\/a><\/h3>\n<p>\t\t\t<a href=\"https:\/\/wa.me\/420776770350\"><\/a>\t\t<\/p>\n<h3><a href=\"https:\/\/wa.me\/420776770350\">+420 776 770 350<\/a><\/h3>\n<p>\t\t\t<a href=\"mailto:flowers@pinkpetals.cz\"><\/a>\t\t<\/p>\n<h3><a href=\"mailto:flowers@pinkpetals.cz\">flowers@pinkpetals.cz<\/a><\/h3>\n<p>\t\t\t<a href=\"https:\/\/www.google.com\/maps\/place\/Rooseveltova+892,+160+00+Praha+6-Bubene%C4%8D\/@50.1026313,14.3934223,17z\/data=!4m8!1m2!3m1!2sKv%C4%9Btiny+Fiorita!3m4!1s0x470b952520c3f159:0xbbd95d1f3e105692!8m2!3d50.1026191!4d14.3957061\"><\/a>\t\t<\/p>\n<h3><a href=\"https:\/\/www.google.com\/maps\/place\/Rooseveltova+892,+160+00+Praha+6-Bubene%C4%8D\/@50.1026313,14.3934223,17z\/data=!4m8!1m2!3m1!2sKv%C4%9Btiny+Fiorita!3m4!1s0x470b952520c3f159:0xbbd95d1f3e105692!8m2!3d50.1026191!4d14.3957061\">Rooseveltova 892\/49, <br \/>16000 Prague 6<\/a><\/h3>\n<h4>Od stanice metra Dejvick\u00e1<br \/>a V\u00edt\u011bzn\u00e9ho n\u00e1m\u011bst\u00ed<\/h4>\n<p>cca 4 minuty ch\u016fze ulic\u00ed Jugosl\u00e1vsk\u00fdch partyz\u00e1n\u016f, prvn\u00ed zat\u00e1\u010dka doprava<\/p>\n<h4>Od zast\u00e1vky Loty\u0161sk\u00e1<\/h4>\n<p>cca 2 minuty ch\u016fze ulic\u00ed Jugosl\u00e1vsk\u00fdch partyz\u00e1n\u016f sm\u011brem k V\u00edt\u011bzn\u00e9mu n\u00e1m\u011bst\u00ed \/ metru Dejvick\u00e1<\/p>\n<h3>How to find us<\/h3>\n<p>\t\t\t<iframe frameborder=\"0\" scrolling=\"no\" marginheight=\"0\" marginwidth=\"0\" src=\"https:\/\/maps.google.com\/maps?q=rooseveltova%20892%2F49&amp;t=m&amp;z=15&amp;output=embed&amp;iwloc=near\" title=\"rooseveltova 892\/49\" aria-label=\"rooseveltova 892\/49\"><\/iframe><br \/>\n\t\t\t<a href=\"https:\/\/goo.gl\/maps\/85XdTG8nCBF4q2cz5\" role=\"button\"><br \/>\n\t\t\t\t\t\tNavigate<br \/>\n\t\t\t\t\t<\/a><\/p>\n","protected":false},"excerpt":{"rendered":"<p>Vyberte si kv\u011btiny Nab\u00edz\u00edme r\u016f\u017eov\u00e9 a tulip\u00e1nov\u00e9 kytice a boxy na den svat\u00e9ho Valent\u00fdna. Doru\u010d\u00edme v\u00e1\u0161 kv\u011btinov\u00fd d\u00e1rek na jakoukoli adresu v Praze. M\u016f\u017eete si koupit \u010dokol\u00e1dy a m\u011bkk\u00e9 hra\u010dky (info na vy\u017e\u00e1d\u00e1n\u00ed). Kv\u011btiny a dopl\u0148ky si m\u016f\u017eete objednat zde na webu, nebo pokud m\u00e1te n\u011bjak\u00e9 speci\u00e1ln\u00ed po\u017eadavky, m\u016f\u017eete n\u00e1m poslat zpr\u00e1vu prost\u0159ednictv\u00edm formul\u00e1\u0159e dole [&hellip;]<\/p>\n","protected":false},"author":1,"featured_media":0,"parent":0,"menu_order":0,"comment_status":"closed","ping_status":"closed","template":"","meta":{"footnotes":""},"class_list":["post-8056","page","type-page","status-publish","hentry"],"yoast_head":"<!-- This site is optimized with the Yoast SEO plugin v25.2 - https:\/\/yoast.com\/wordpress\/plugins\/seo\/ -->\n<title>Valent\u00fdn - Pink Petals<\/title>\n<meta name=\"robots\" content=\"index, follow, max-snippet:-1, max-image-preview:large, max-video-preview:-1\" \/>\n<link rel=\"canonical\" href=\"https:\/\/pinkpetals.cz\/valentine\/\" \/>\n<meta property=\"og:locale\" content=\"cs_CZ\" \/>\n<meta property=\"og:type\" content=\"article\" \/>\n<meta property=\"og:title\" content=\"Valent\u00fdn - Pink Petals\" \/>\n<meta property=\"og:description\" content=\"Vyberte si kv\u011btiny Nab\u00edz\u00edme r\u016f\u017eov\u00e9 a tulip\u00e1nov\u00e9 kytice a boxy na den svat\u00e9ho Valent\u00fdna. Doru\u010d\u00edme v\u00e1\u0161 kv\u011btinov\u00fd d\u00e1rek na jakoukoli adresu v Praze. M\u016f\u017eete si koupit \u010dokol\u00e1dy a m\u011bkk\u00e9 hra\u010dky (info na vy\u017e\u00e1d\u00e1n\u00ed). Kv\u011btiny a dopl\u0148ky si m\u016f\u017eete objednat zde na webu, nebo pokud m\u00e1te n\u011bjak\u00e9 speci\u00e1ln\u00ed po\u017eadavky, m\u016f\u017eete n\u00e1m poslat zpr\u00e1vu prost\u0159ednictv\u00edm formul\u00e1\u0159e dole [&hellip;]\" \/>\n<meta property=\"og:url\" content=\"https:\/\/pinkpetals.cz\/valentine\/\" \/>\n<meta property=\"og:site_name\" content=\"Pink Petals\" \/>\n<meta property=\"article:modified_time\" content=\"2021-02-13T17:19:36+00:00\" \/>\n<meta property=\"og:image\" content=\"https:\/\/www.pinkpetals.cz\/wp-content\/uploads\/2021\/02\/valentyn-valentine-valentin-ruze-roses-rozy.jpeg\" \/>\n<meta name=\"twitter:card\" content=\"summary_large_image\" \/>\n<meta name=\"twitter:label1\" content=\"Odhadovan\u00e1 doba \u010dten\u00ed\" \/>\n\t<meta name=\"twitter:data1\" content=\"1 minuta\" \/>\n<script type=\"application\/ld+json\" class=\"yoast-schema-graph\">{\"@context\":\"https:\/\/schema.org\",\"@graph\":[{\"@type\":\"WebPage\",\"@id\":\"https:\/\/pinkpetals.cz\/valentine\/\",\"url\":\"https:\/\/pinkpetals.cz\/valentine\/\",\"name\":\"Valent\u00fdn - Pink Petals\",\"isPartOf\":{\"@id\":\"https:\/\/pinkpetals.cz\/#website\"},\"primaryImageOfPage\":{\"@id\":\"https:\/\/pinkpetals.cz\/valentine\/#primaryimage\"},\"image\":{\"@id\":\"https:\/\/pinkpetals.cz\/valentine\/#primaryimage\"},\"thumbnailUrl\":\"https:\/\/www.pinkpetals.cz\/wp-content\/uploads\/2021\/02\/valentyn-valentine-valentin-ruze-roses-rozy.jpeg\",\"datePublished\":\"2021-02-13T16:42:16+00:00\",\"dateModified\":\"2021-02-13T17:19:36+00:00\",\"breadcrumb\":{\"@id\":\"https:\/\/pinkpetals.cz\/valentine\/#breadcrumb\"},\"inLanguage\":\"cs\",\"potentialAction\":[{\"@type\":\"ReadAction\",\"target\":[\"https:\/\/pinkpetals.cz\/valentine\/\"]}]},{\"@type\":\"ImageObject\",\"inLanguage\":\"cs\",\"@id\":\"https:\/\/pinkpetals.cz\/valentine\/#primaryimage\",\"url\":\"https:\/\/www.pinkpetals.cz\/wp-content\/uploads\/2021\/02\/valentyn-valentine-valentin-ruze-roses-rozy.jpeg\",\"contentUrl\":\"https:\/\/www.pinkpetals.cz\/wp-content\/uploads\/2021\/02\/valentyn-valentine-valentin-ruze-roses-rozy.jpeg\"},{\"@type\":\"BreadcrumbList\",\"@id\":\"https:\/\/pinkpetals.cz\/valentine\/#breadcrumb\",\"itemListElement\":[{\"@type\":\"ListItem\",\"position\":1,\"name\":\"Home\",\"item\":\"https:\/\/pinkpetals.cz\/cs\/\"},{\"@type\":\"ListItem\",\"position\":2,\"name\":\"Valent\u00fdn\"}]},{\"@type\":\"WebSite\",\"@id\":\"https:\/\/pinkpetals.cz\/#website\",\"url\":\"https:\/\/pinkpetals.cz\/\",\"name\":\"Pink Petals\",\"description\":\"Flower delivery in Prague, Czech Republic\",\"potentialAction\":[{\"@type\":\"SearchAction\",\"target\":{\"@type\":\"EntryPoint\",\"urlTemplate\":\"https:\/\/pinkpetals.cz\/?s={search_term_string}\"},\"query-input\":{\"@type\":\"PropertyValueSpecification\",\"valueRequired\":true,\"valueName\":\"search_term_string\"}}],\"inLanguage\":\"cs\"}]}<\/script>\n<!-- \/ Yoast SEO plugin. -->","yoast_head_json":{"title":"Valent\u00fdn - Pink Petals","robots":{"index":"index","follow":"follow","max-snippet":"max-snippet:-1","max-image-preview":"max-image-preview:large","max-video-preview":"max-video-preview:-1"},"canonical":"https:\/\/pinkpetals.cz\/valentine\/","og_locale":"cs_CZ","og_type":"article","og_title":"Valent\u00fdn - Pink Petals","og_description":"Vyberte si kv\u011btiny Nab\u00edz\u00edme r\u016f\u017eov\u00e9 a tulip\u00e1nov\u00e9 kytice a boxy na den svat\u00e9ho Valent\u00fdna. Doru\u010d\u00edme v\u00e1\u0161 kv\u011btinov\u00fd d\u00e1rek na jakoukoli adresu v Praze. M\u016f\u017eete si koupit \u010dokol\u00e1dy a m\u011bkk\u00e9 hra\u010dky (info na vy\u017e\u00e1d\u00e1n\u00ed). Kv\u011btiny a dopl\u0148ky si m\u016f\u017eete objednat zde na webu, nebo pokud m\u00e1te n\u011bjak\u00e9 speci\u00e1ln\u00ed po\u017eadavky, m\u016f\u017eete n\u00e1m poslat zpr\u00e1vu prost\u0159ednictv\u00edm formul\u00e1\u0159e dole [&hellip;]","og_url":"https:\/\/pinkpetals.cz\/valentine\/","og_site_name":"Pink Petals","article_modified_time":"2021-02-13T17:19:36+00:00","og_image":[{"url":"https:\/\/www.pinkpetals.cz\/wp-content\/uploads\/2021\/02\/valentyn-valentine-valentin-ruze-roses-rozy.jpeg","type":"","width":"","height":""}],"twitter_card":"summary_large_image","twitter_misc":{"Odhadovan\u00e1 doba \u010dten\u00ed":"1 minuta"},"schema":{"@context":"https:\/\/schema.org","@graph":[{"@type":"WebPage","@id":"https:\/\/pinkpetals.cz\/valentine\/","url":"https:\/\/pinkpetals.cz\/valentine\/","name":"Valent\u00fdn - Pink Petals","isPartOf":{"@id":"https:\/\/pinkpetals.cz\/#website"},"primaryImageOfPage":{"@id":"https:\/\/pinkpetals.cz\/valentine\/#primaryimage"},"image":{"@id":"https:\/\/pinkpetals.cz\/valentine\/#primaryimage"},"thumbnailUrl":"https:\/\/www.pinkpetals.cz\/wp-content\/uploads\/2021\/02\/valentyn-valentine-valentin-ruze-roses-rozy.jpeg","datePublished":"2021-02-13T16:42:16+00:00","dateModified":"2021-02-13T17:19:36+00:00","breadcrumb":{"@id":"https:\/\/pinkpetals.cz\/valentine\/#breadcrumb"},"inLanguage":"cs","potentialAction":[{"@type":"ReadAction","target":["https:\/\/pinkpetals.cz\/valentine\/"]}]},{"@type":"ImageObject","inLanguage":"cs","@id":"https:\/\/pinkpetals.cz\/valentine\/#primaryimage","url":"https:\/\/www.pinkpetals.cz\/wp-content\/uploads\/2021\/02\/valentyn-valentine-valentin-ruze-roses-rozy.jpeg","contentUrl":"https:\/\/www.pinkpetals.cz\/wp-content\/uploads\/2021\/02\/valentyn-valentine-valentin-ruze-roses-rozy.jpeg"},{"@type":"BreadcrumbList","@id":"https:\/\/pinkpetals.cz\/valentine\/#breadcrumb","itemListElement":[{"@type":"ListItem","position":1,"name":"Home","item":"https:\/\/pinkpetals.cz\/cs\/"},{"@type":"ListItem","position":2,"name":"Valent\u00fdn"}]},{"@type":"WebSite","@id":"https:\/\/pinkpetals.cz\/#website","url":"https:\/\/pinkpetals.cz\/","name":"Pink Petals","description":"Flower delivery in Prague, Czech Republic","potentialAction":[{"@type":"SearchAction","target":{"@type":"EntryPoint","urlTemplate":"https:\/\/pinkpetals.cz\/?s={search_term_string}"},"query-input":{"@type":"PropertyValueSpecification","valueRequired":true,"valueName":"search_term_string"}}],"inLanguage":"cs"}]}},"_links":{"self":[{"href":"https:\/\/pinkpetals.cz\/cs\/wp-json\/wp\/v2\/pages\/8056","targetHints":{"allow":["GET"]}}],"collection":[{"href":"https:\/\/pinkpetals.cz\/cs\/wp-json\/wp\/v2\/pages"}],"about":[{"href":"https:\/\/pinkpetals.cz\/cs\/wp-json\/wp\/v2\/types\/page"}],"author":[{"embeddable":true,"href":"https:\/\/pinkpetals.cz\/cs\/wp-json\/wp\/v2\/users\/1"}],"replies":[{"embeddable":true,"href":"https:\/\/pinkpetals.cz\/cs\/wp-json\/wp\/v2\/comments?post=8056"}],"version-history":[{"count":0,"href":"https:\/\/pinkpetals.cz\/cs\/wp-json\/wp\/v2\/pages\/8056\/revisions"}],"wp:attachment":[{"href":"https:\/\/pinkpetals.cz\/cs\/wp-json\/wp\/v2\/media?parent=8056"}],"curies":[{"name":"wp","href":"https:\/\/api.w.org\/{rel}","templated":true}]}}