{"id":2350,"date":"2017-12-21T09:00:47","date_gmt":"2017-12-21T09:00:47","guid":{"rendered":"https:\/\/www.pinkpetals.cz\/kontakt\/"},"modified":"2020-02-22T19:45:34","modified_gmt":"2020-02-22T19:45:34","slug":"kontakt","status":"publish","type":"page","link":"https:\/\/pinkpetals.cz\/cs\/kontakt\/","title":{"rendered":"Kontakt"},"content":{"rendered":"<p><img decoding=\"async\" src=\"https:\/\/www.pinkpetals.cz\/wp-content\/uploads\/elementor\/thumbs\/pink-petals-shop-logo-nyto3n2zw6nzeobp5h1qa4xzajhn8wjww005kjcjcw.png\" title=\"pink-petals-shop-logo\" alt=\"pink-petals-shop-logo\" \/>\t\t\t\t\t\t\t\t\t\t\t<\/p>\n<h1>Kontakt<\/h1>\n<p>Pink Petals s.r.o., I\u010c 07159986, rozv\u00e1\u017e\u00ed kv\u011btinov\u00e9 d\u00e1rky florist\u016f <a href=\"https:\/\/fiorita.cz\/?pp\">Kv\u011btiny Fiorita<\/a> na kteroukoli adresu v Praze a bli\u017e\u0161\u00edm okol\u00ed. nab\u00edz\u00edme \u0159ezan\u00e9 a hrnkov\u00e9 kv\u011btiny, d\u00e1rkov\u00e9 a reprezentativn\u00ed kytice, kv\u011btinov\u00e9 boxy a ko\u0161e.<\/p>\n<p>M\u016f\u017eeme V\u00e1m nab\u00eddnout mnohem v\u00edc ne\u017e najdete na tomto rozv\u00edjej\u00edc\u00edm se webshopu, zavolejte nebo napi\u0161te n\u00e1m pros\u00edm zpr\u00e1vu na \u010d\u00edslo\u00a0<a href=\"http:\/\/tel.:+420776770350\">776 770 350<\/a> (rovn\u011b\u017e <a href=\"http:\/\/wa.me\/420776770350\">WhatsApp<\/a>) pro dal\u0161\u00ed informaci a objedn\u00e1vky.<\/p>\n<p>Na\u0161e adresy:<\/p>\n<p>Partnersk\u00fd kamenn\u00fd obchod Kv\u011btiny Fiorita (osobn\u00ed odb\u011br a n\u00e1v\u0161t\u011bvy): Rooseveltova 892\/49, 160 00 Praha 6, Po &#8211; P\u00e1 9.00-19.00, So 9.00-14.00 nebo dle dohody.<\/p>\n<p>D\u00edlna a logistika: Vac\u00ednovsk\u00e1 830\/5, 158 00 Praha 5 (tady nen\u00ed obchod!!!, vyzvednut\u00ed objedn\u00e1vek pouze po domluv\u011b).<\/p>\n<p>Zajist\u00edme rozvoz kv\u011btin 365 dn\u00ed v roce, rann\u00ed a ve\u010dern\u00ed dod\u00e1n\u00ed je tak\u00e9 mo\u017en\u00e9. Laskav\u011b pros\u00edme abyste objedn\u00e1vali (zejm\u00e9na slo\u017eit\u011bj\u0161\u00ed kompozice) s n\u011bjak\u00fdm p\u0159edstihem.<\/p>\n<h2>Osobn\u00ed odb\u011br a n\u00e1v\u0161t\u011bvy<\/h2>\n<p>\t\t\t<iframe frameborder=\"0\" scrolling=\"no\" marginheight=\"0\" marginwidth=\"0\" src=\"https:\/\/maps.google.com\/maps?q=Rooseveltova%2049&amp;t=m&amp;z=16&amp;output=embed&amp;iwloc=near\" aria-label=\"Rooseveltova 49\"><\/iframe>\t\t<\/p>\n<h2>D\u00edlna a logistika<\/h2>\n<p>\t\t\t<iframe frameborder=\"0\" scrolling=\"no\" marginheight=\"0\" marginwidth=\"0\" src=\"https:\/\/maps.google.com\/maps?q=Vac%C3%ADnovsk%C3%A1%20830%2F5&amp;t=m&amp;z=14&amp;output=embed&amp;iwloc=near\" aria-label=\"Vac\u00ednovsk\u00e1 830\/5\"><\/iframe><\/p>\n","protected":false},"excerpt":{"rendered":"<p>Kontakt Pink Petals s.r.o., I\u010c 07159986, rozv\u00e1\u017e\u00ed kv\u011btinov\u00e9 d\u00e1rky florist\u016f Kv\u011btiny Fiorita na kteroukoli adresu v Praze a bli\u017e\u0161\u00edm okol\u00ed. nab\u00edz\u00edme \u0159ezan\u00e9 a hrnkov\u00e9 kv\u011btiny, d\u00e1rkov\u00e9 a reprezentativn\u00ed kytice, kv\u011btinov\u00e9 boxy a ko\u0161e. M\u016f\u017eeme V\u00e1m nab\u00eddnout mnohem v\u00edc ne\u017e najdete na tomto rozv\u00edjej\u00edc\u00edm se webshopu, zavolejte nebo napi\u0161te n\u00e1m pros\u00edm zpr\u00e1vu na \u010d\u00edslo\u00a0776 770 350 [&hellip;]<\/p>\n","protected":false},"author":1,"featured_media":0,"parent":0,"menu_order":0,"comment_status":"closed","ping_status":"closed","template":"elementor_canvas","meta":{"footnotes":""},"class_list":["post-2350","page","type-page","status-publish","hentry"],"yoast_head":"<!-- This site is optimized with the Yoast SEO plugin v25.2 - https:\/\/yoast.com\/wordpress\/plugins\/seo\/ -->\n<title>Kontakt - Pink Petals<\/title>\n<meta name=\"description\" content=\"Zavolejte pros\u00edm na \u010d\u00edslo 776 770 350 (rovn\u011b\u017e WhatsApp) pro sjedn\u00e1n\u00ed rozvozu kv\u011btin v Praze. Dod\u00e1v\u00e1me d\u00e1rkov\u00e9 kytice, kv\u011btinov\u00e9 krabice a ko\u0161e\" \/>\n<meta name=\"robots\" content=\"index, follow, max-snippet:-1, max-image-preview:large, max-video-preview:-1\" \/>\n<link rel=\"canonical\" href=\"https:\/\/pinkpetals.cz\/cs\/kontakt\/\" \/>\n<meta property=\"og:locale\" content=\"cs_CZ\" \/>\n<meta property=\"og:type\" content=\"article\" \/>\n<meta property=\"og:title\" content=\"Kontakt - Pink Petals\" \/>\n<meta property=\"og:description\" content=\"Zavolejte pros\u00edm na \u010d\u00edslo 776 770 350 (rovn\u011b\u017e WhatsApp) pro sjedn\u00e1n\u00ed rozvozu kv\u011btin v Praze. Dod\u00e1v\u00e1me d\u00e1rkov\u00e9 kytice, kv\u011btinov\u00e9 krabice a ko\u0161e\" \/>\n<meta property=\"og:url\" content=\"https:\/\/pinkpetals.cz\/cs\/kontakt\/\" \/>\n<meta property=\"og:site_name\" content=\"Pink Petals\" \/>\n<meta property=\"article:modified_time\" content=\"2020-02-22T19:45:34+00:00\" \/>\n<meta property=\"og:image\" content=\"https:\/\/www.pinkpetals.cz\/wp-content\/uploads\/elementor\/thumbs\/pink-petals-shop-logo-nyto3n2zw6nzeobp5h1qa4xzajhn8wjww005kjcjcw.png\" \/>\n<meta name=\"twitter:card\" content=\"summary_large_image\" \/>\n<meta name=\"twitter:label1\" content=\"Odhadovan\u00e1 doba \u010dten\u00ed\" \/>\n\t<meta name=\"twitter:data1\" content=\"1 minuta\" \/>\n<script type=\"application\/ld+json\" class=\"yoast-schema-graph\">{\"@context\":\"https:\/\/schema.org\",\"@graph\":[{\"@type\":\"WebPage\",\"@id\":\"https:\/\/pinkpetals.cz\/cs\/kontakt\/\",\"url\":\"https:\/\/pinkpetals.cz\/cs\/kontakt\/\",\"name\":\"Kontakt - Pink Petals\",\"isPartOf\":{\"@id\":\"https:\/\/pinkpetals.cz\/#website\"},\"primaryImageOfPage\":{\"@id\":\"https:\/\/pinkpetals.cz\/cs\/kontakt\/#primaryimage\"},\"image\":{\"@id\":\"https:\/\/pinkpetals.cz\/cs\/kontakt\/#primaryimage\"},\"thumbnailUrl\":\"https:\/\/www.pinkpetals.cz\/wp-content\/uploads\/elementor\/thumbs\/pink-petals-shop-logo-nyto3n2zw6nzeobp5h1qa4xzajhn8wjww005kjcjcw.png\",\"datePublished\":\"2017-12-21T09:00:47+00:00\",\"dateModified\":\"2020-02-22T19:45:34+00:00\",\"description\":\"Zavolejte pros\u00edm na \u010d\u00edslo 776 770 350 (rovn\u011b\u017e WhatsApp) pro sjedn\u00e1n\u00ed rozvozu kv\u011btin v Praze. Dod\u00e1v\u00e1me d\u00e1rkov\u00e9 kytice, kv\u011btinov\u00e9 krabice a ko\u0161e\",\"breadcrumb\":{\"@id\":\"https:\/\/pinkpetals.cz\/cs\/kontakt\/#breadcrumb\"},\"inLanguage\":\"cs\",\"potentialAction\":[{\"@type\":\"ReadAction\",\"target\":[\"https:\/\/pinkpetals.cz\/cs\/kontakt\/\"]}]},{\"@type\":\"ImageObject\",\"inLanguage\":\"cs\",\"@id\":\"https:\/\/pinkpetals.cz\/cs\/kontakt\/#primaryimage\",\"url\":\"https:\/\/www.pinkpetals.cz\/wp-content\/uploads\/elementor\/thumbs\/pink-petals-shop-logo-nyto3n2zw6nzeobp5h1qa4xzajhn8wjww005kjcjcw.png\",\"contentUrl\":\"https:\/\/www.pinkpetals.cz\/wp-content\/uploads\/elementor\/thumbs\/pink-petals-shop-logo-nyto3n2zw6nzeobp5h1qa4xzajhn8wjww005kjcjcw.png\"},{\"@type\":\"BreadcrumbList\",\"@id\":\"https:\/\/pinkpetals.cz\/cs\/kontakt\/#breadcrumb\",\"itemListElement\":[{\"@type\":\"ListItem\",\"position\":1,\"name\":\"Home\",\"item\":\"https:\/\/pinkpetals.cz\/cs\/\"},{\"@type\":\"ListItem\",\"position\":2,\"name\":\"Kontakt\"}]},{\"@type\":\"WebSite\",\"@id\":\"https:\/\/pinkpetals.cz\/#website\",\"url\":\"https:\/\/pinkpetals.cz\/\",\"name\":\"Pink Petals\",\"description\":\"Flower delivery in Prague, Czech Republic\",\"potentialAction\":[{\"@type\":\"SearchAction\",\"target\":{\"@type\":\"EntryPoint\",\"urlTemplate\":\"https:\/\/pinkpetals.cz\/?s={search_term_string}\"},\"query-input\":{\"@type\":\"PropertyValueSpecification\",\"valueRequired\":true,\"valueName\":\"search_term_string\"}}],\"inLanguage\":\"cs\"}]}<\/script>\n<!-- \/ Yoast SEO plugin. -->","yoast_head_json":{"title":"Kontakt - Pink Petals","description":"Zavolejte pros\u00edm na \u010d\u00edslo 776 770 350 (rovn\u011b\u017e WhatsApp) pro sjedn\u00e1n\u00ed rozvozu kv\u011btin v Praze. Dod\u00e1v\u00e1me d\u00e1rkov\u00e9 kytice, kv\u011btinov\u00e9 krabice a ko\u0161e","robots":{"index":"index","follow":"follow","max-snippet":"max-snippet:-1","max-image-preview":"max-image-preview:large","max-video-preview":"max-video-preview:-1"},"canonical":"https:\/\/pinkpetals.cz\/cs\/kontakt\/","og_locale":"cs_CZ","og_type":"article","og_title":"Kontakt - Pink Petals","og_description":"Zavolejte pros\u00edm na \u010d\u00edslo 776 770 350 (rovn\u011b\u017e WhatsApp) pro sjedn\u00e1n\u00ed rozvozu kv\u011btin v Praze. Dod\u00e1v\u00e1me d\u00e1rkov\u00e9 kytice, kv\u011btinov\u00e9 krabice a ko\u0161e","og_url":"https:\/\/pinkpetals.cz\/cs\/kontakt\/","og_site_name":"Pink Petals","article_modified_time":"2020-02-22T19:45:34+00:00","og_image":[{"url":"https:\/\/www.pinkpetals.cz\/wp-content\/uploads\/elementor\/thumbs\/pink-petals-shop-logo-nyto3n2zw6nzeobp5h1qa4xzajhn8wjww005kjcjcw.png","type":"","width":"","height":""}],"twitter_card":"summary_large_image","twitter_misc":{"Odhadovan\u00e1 doba \u010dten\u00ed":"1 minuta"},"schema":{"@context":"https:\/\/schema.org","@graph":[{"@type":"WebPage","@id":"https:\/\/pinkpetals.cz\/cs\/kontakt\/","url":"https:\/\/pinkpetals.cz\/cs\/kontakt\/","name":"Kontakt - Pink Petals","isPartOf":{"@id":"https:\/\/pinkpetals.cz\/#website"},"primaryImageOfPage":{"@id":"https:\/\/pinkpetals.cz\/cs\/kontakt\/#primaryimage"},"image":{"@id":"https:\/\/pinkpetals.cz\/cs\/kontakt\/#primaryimage"},"thumbnailUrl":"https:\/\/www.pinkpetals.cz\/wp-content\/uploads\/elementor\/thumbs\/pink-petals-shop-logo-nyto3n2zw6nzeobp5h1qa4xzajhn8wjww005kjcjcw.png","datePublished":"2017-12-21T09:00:47+00:00","dateModified":"2020-02-22T19:45:34+00:00","description":"Zavolejte pros\u00edm na \u010d\u00edslo 776 770 350 (rovn\u011b\u017e WhatsApp) pro sjedn\u00e1n\u00ed rozvozu kv\u011btin v Praze. Dod\u00e1v\u00e1me d\u00e1rkov\u00e9 kytice, kv\u011btinov\u00e9 krabice a ko\u0161e","breadcrumb":{"@id":"https:\/\/pinkpetals.cz\/cs\/kontakt\/#breadcrumb"},"inLanguage":"cs","potentialAction":[{"@type":"ReadAction","target":["https:\/\/pinkpetals.cz\/cs\/kontakt\/"]}]},{"@type":"ImageObject","inLanguage":"cs","@id":"https:\/\/pinkpetals.cz\/cs\/kontakt\/#primaryimage","url":"https:\/\/www.pinkpetals.cz\/wp-content\/uploads\/elementor\/thumbs\/pink-petals-shop-logo-nyto3n2zw6nzeobp5h1qa4xzajhn8wjww005kjcjcw.png","contentUrl":"https:\/\/www.pinkpetals.cz\/wp-content\/uploads\/elementor\/thumbs\/pink-petals-shop-logo-nyto3n2zw6nzeobp5h1qa4xzajhn8wjww005kjcjcw.png"},{"@type":"BreadcrumbList","@id":"https:\/\/pinkpetals.cz\/cs\/kontakt\/#breadcrumb","itemListElement":[{"@type":"ListItem","position":1,"name":"Home","item":"https:\/\/pinkpetals.cz\/cs\/"},{"@type":"ListItem","position":2,"name":"Kontakt"}]},{"@type":"WebSite","@id":"https:\/\/pinkpetals.cz\/#website","url":"https:\/\/pinkpetals.cz\/","name":"Pink Petals","description":"Flower delivery in Prague, Czech Republic","potentialAction":[{"@type":"SearchAction","target":{"@type":"EntryPoint","urlTemplate":"https:\/\/pinkpetals.cz\/?s={search_term_string}"},"query-input":{"@type":"PropertyValueSpecification","valueRequired":true,"valueName":"search_term_string"}}],"inLanguage":"cs"}]}},"_links":{"self":[{"href":"https:\/\/pinkpetals.cz\/cs\/wp-json\/wp\/v2\/pages\/2350","targetHints":{"allow":["GET"]}}],"collection":[{"href":"https:\/\/pinkpetals.cz\/cs\/wp-json\/wp\/v2\/pages"}],"about":[{"href":"https:\/\/pinkpetals.cz\/cs\/wp-json\/wp\/v2\/types\/page"}],"author":[{"embeddable":true,"href":"https:\/\/pinkpetals.cz\/cs\/wp-json\/wp\/v2\/users\/1"}],"replies":[{"embeddable":true,"href":"https:\/\/pinkpetals.cz\/cs\/wp-json\/wp\/v2\/comments?post=2350"}],"version-history":[{"count":0,"href":"https:\/\/pinkpetals.cz\/cs\/wp-json\/wp\/v2\/pages\/2350\/revisions"}],"wp:attachment":[{"href":"https:\/\/pinkpetals.cz\/cs\/wp-json\/wp\/v2\/media?parent=2350"}],"curies":[{"name":"wp","href":"https:\/\/api.w.org\/{rel}","templated":true}]}}