{"id":2217,"date":"2017-12-17T06:31:19","date_gmt":"2017-12-17T06:31:19","guid":{"rendered":"https:\/\/www.pinkpetals.cz\/domu\/"},"modified":"2020-10-13T21:38:34","modified_gmt":"2020-10-13T21:38:34","slug":"domu","status":"publish","type":"page","link":"https:\/\/pinkpetals.cz\/cs\/","title":{"rendered":"Dom\u016f"},"content":{"rendered":"<p><img decoding=\"async\" src=\"https:\/\/www.pinkpetals.cz\/wp-content\/uploads\/elementor\/thumbs\/pink-petals-shop-logo-nyto3n2zw6nzeobp5h1qa4xzajhn8wjww005kjcjcw.png\" title=\"pink-petals-shop-logo\" alt=\"pink-petals-shop-logo\" \/>\t\t\t\t\t\t\t\t\t\t\t<\/p>\n<h1>Rozvoz<br \/>kv\u011btin<br \/>v Praze<\/h1>\n<h4>jak\u00e1koli kytka,<br \/>kter\u00e1koli adresa<\/h4>\n<p>\t\t\t<a href=\"https:\/\/www.pinkpetals.cz\/cs\/obchod\/\" role=\"button\"><br \/>\n\t\t\t\t\t\tNakupovat<br \/>\n\t\t\t\t\t<\/a><br \/>\n\t\t\t<a href=\"https:\/\/www.pinkpetals.cz\/cs\/kontakt\/\" target=\"_blank\" role=\"button\" rel=\"noopener noreferrer\"><br \/>\n\t\t\t\t\t\tO n\u00e1s<br \/>\n\t\t\t\t\t<\/a><\/p>\n<h2>Na\u0161e nab\u00eddka<\/h2>\n<h2>D\u00e1rkov\u00e9 kytice<\/h2>\n<p>\t\t\t<a href=\"https:\/\/www.pinkpetals.cz\/cs\/kategorie-produktu\/darkove-kytice\/\" role=\"button\"><br \/>\n\t\t\t\t\t\tNakupovat<br \/>\n\t\t\t\t\t<\/a><\/p>\n<h2>Kv\u011btiny v krabic\u00edch<\/h2>\n<p>\t\t\t<a href=\"https:\/\/www.pinkpetals.cz\/cs\/kategorie-produktu\/kvetiny-v-krabicich\/\" role=\"button\"><br \/>\n\t\t\t\t\t\tNakupovat<br \/>\n\t\t\t\t\t<\/a><\/p>\n<h2>Jednoho rodu<\/h2>\n<p>\t\t\t<a href=\"https:\/\/www.pinkpetals.cz\/cs\/kategorie-produktu\/z-jednoho-rodu\/\" role=\"button\"><br \/>\n\t\t\t\t\t\tNakupovat<br \/>\n\t\t\t\t\t<\/a><\/p>\n<h2>Kv\u011btinov\u00e9 ko\u0161e<\/h2>\n<p>\t\t\t<a href=\"https:\/\/www.pinkpetals.cz\/cs\/kategorie-produktu\/kvetinove-kose\/\" role=\"button\"><br \/>\n\t\t\t\t\t\tNakupovat<br \/>\n\t\t\t\t\t<\/a><\/p>\n<h2>Kontakty<\/h2>\n<p>Pink Petals<\/p>\n<p><a href=\"tel:+420776770350\"><strong>+420776770350<\/strong>\u00a0<\/a> (tak\u00e9 <strong><a href=\"https:\/\/wa.me\/420776770350\">WhatsApp<\/a><\/strong>)<\/p>\n<p><strong><a href=\"mailto:flowers@pinkpetals.cz\">flowers@pinkpetals.cz<\/a><\/strong><\/p>\n<p>Makedonsk\u00e1 599\/3, St\u0159\u00ed\u017ekov, 190 00 Praha 9<\/p>\n<p><strong><a href=\"https:\/\/www.pinkpetals.cz\/cs\/obchodni-podminky\/\">Obchodn\u00ed podm\u00ednky<\/a><\/strong><\/p>\n<p><strong><a href=\"https:\/\/fiorita.cz\/podminky-ochrany-osobnich-udaju\/\">GDPR<\/a><\/strong><\/p>\n<p>Tento web pou\u017e\u00edv\u00e1 k poskytov\u00e1n\u00ed slu\u017eeb, personalizaci reklam a anal\u00fdze n\u00e1v\u0161t\u011bvnosti soubory cookie. Pou\u017e\u00edv\u00e1n\u00edm tohoto webu s t\u00edm souhlas\u00edte.<\/p>\n","protected":false},"excerpt":{"rendered":"<p>Rozvozkv\u011btinv Praze jak\u00e1koli kytka,kter\u00e1koli adresa Nakupovat O n\u00e1s Na\u0161e nab\u00eddka D\u00e1rkov\u00e9 kytice Nakupovat Kv\u011btiny v krabic\u00edch Nakupovat Jednoho rodu Nakupovat Kv\u011btinov\u00e9 ko\u0161e Nakupovat Kontakty Pink Petals +420776770350\u00a0 (tak\u00e9 WhatsApp) flowers@pinkpetals.cz Makedonsk\u00e1 599\/3, St\u0159\u00ed\u017ekov, 190 00 Praha 9 Obchodn\u00ed podm\u00ednky GDPR Tento web pou\u017e\u00edv\u00e1 k poskytov\u00e1n\u00ed slu\u017eeb, personalizaci reklam a anal\u00fdze n\u00e1v\u0161t\u011bvnosti soubory cookie. Pou\u017e\u00edv\u00e1n\u00edm tohoto [&hellip;]<\/p>\n","protected":false},"author":1,"featured_media":0,"parent":0,"menu_order":0,"comment_status":"closed","ping_status":"closed","template":"","meta":{"footnotes":""},"class_list":["post-2217","page","type-page","status-publish","hentry"],"yoast_head":"<!-- This site is optimized with the Yoast SEO plugin v25.2 - https:\/\/yoast.com\/wordpress\/plugins\/seo\/ -->\n<title>Pink Petals - Flower delivery in Prague, Czech Republic<\/title>\n<meta name=\"description\" content=\"Rozvoz kv\u011btin v Praze. D\u00e1rkov\u00e9 kytice, kv\u011btiny v krabic\u00edch, kv\u011btinov\u00e9 ko\u0161e. Dod\u00e1n\u00ed do libovoln\u00e9 adresy v Praze\" \/>\n<meta name=\"robots\" content=\"index, follow, max-snippet:-1, max-image-preview:large, max-video-preview:-1\" \/>\n<link rel=\"canonical\" href=\"https:\/\/pinkpetals.cz\/cs\/\" \/>\n<meta property=\"og:locale\" content=\"cs_CZ\" \/>\n<meta property=\"og:type\" content=\"article\" \/>\n<meta property=\"og:title\" content=\"Pink Petals - Flower delivery in Prague, Czech Republic\" \/>\n<meta property=\"og:description\" content=\"Rozvoz kv\u011btin v Praze. D\u00e1rkov\u00e9 kytice, kv\u011btiny v krabic\u00edch, kv\u011btinov\u00e9 ko\u0161e. Dod\u00e1n\u00ed do libovoln\u00e9 adresy v Praze\" \/>\n<meta property=\"og:url\" content=\"https:\/\/pinkpetals.cz\/cs\/\" \/>\n<meta property=\"og:site_name\" content=\"Pink Petals\" \/>\n<meta property=\"article:modified_time\" content=\"2020-10-13T21:38:34+00:00\" \/>\n<meta property=\"og:image\" content=\"https:\/\/www.pinkpetals.cz\/wp-content\/uploads\/elementor\/thumbs\/pink-petals-shop-logo-nyto3n2zw6nzeobp5h1qa4xzajhn8wjww005kjcjcw.png\" \/>\n<meta name=\"twitter:card\" content=\"summary_large_image\" \/>\n<script type=\"application\/ld+json\" class=\"yoast-schema-graph\">{\"@context\":\"https:\/\/schema.org\",\"@graph\":[{\"@type\":\"WebPage\",\"@id\":\"https:\/\/pinkpetals.cz\/cs\/\",\"url\":\"https:\/\/pinkpetals.cz\/cs\/\",\"name\":\"Pink Petals - Flower delivery in Prague, Czech Republic\",\"isPartOf\":{\"@id\":\"https:\/\/pinkpetals.cz\/#website\"},\"primaryImageOfPage\":{\"@id\":\"https:\/\/pinkpetals.cz\/cs\/#primaryimage\"},\"image\":{\"@id\":\"https:\/\/pinkpetals.cz\/cs\/#primaryimage\"},\"thumbnailUrl\":\"https:\/\/www.pinkpetals.cz\/wp-content\/uploads\/elementor\/thumbs\/pink-petals-shop-logo-nyto3n2zw6nzeobp5h1qa4xzajhn8wjww005kjcjcw.png\",\"datePublished\":\"2017-12-17T06:31:19+00:00\",\"dateModified\":\"2020-10-13T21:38:34+00:00\",\"description\":\"Rozvoz kv\u011btin v Praze. D\u00e1rkov\u00e9 kytice, kv\u011btiny v krabic\u00edch, kv\u011btinov\u00e9 ko\u0161e. Dod\u00e1n\u00ed do libovoln\u00e9 adresy v Praze\",\"breadcrumb\":{\"@id\":\"https:\/\/pinkpetals.cz\/cs\/#breadcrumb\"},\"inLanguage\":\"cs\",\"potentialAction\":[{\"@type\":\"ReadAction\",\"target\":[\"https:\/\/pinkpetals.cz\/cs\/\"]}]},{\"@type\":\"ImageObject\",\"inLanguage\":\"cs\",\"@id\":\"https:\/\/pinkpetals.cz\/cs\/#primaryimage\",\"url\":\"https:\/\/www.pinkpetals.cz\/wp-content\/uploads\/elementor\/thumbs\/pink-petals-shop-logo-nyto3n2zw6nzeobp5h1qa4xzajhn8wjww005kjcjcw.png\",\"contentUrl\":\"https:\/\/www.pinkpetals.cz\/wp-content\/uploads\/elementor\/thumbs\/pink-petals-shop-logo-nyto3n2zw6nzeobp5h1qa4xzajhn8wjww005kjcjcw.png\"},{\"@type\":\"BreadcrumbList\",\"@id\":\"https:\/\/pinkpetals.cz\/cs\/#breadcrumb\",\"itemListElement\":[{\"@type\":\"ListItem\",\"position\":1,\"name\":\"Home\",\"item\":\"https:\/\/pinkpetals.cz\/cs\/\"},{\"@type\":\"ListItem\",\"position\":2,\"name\":\"Dom\u016f\"}]},{\"@type\":\"WebSite\",\"@id\":\"https:\/\/pinkpetals.cz\/#website\",\"url\":\"https:\/\/pinkpetals.cz\/\",\"name\":\"Pink Petals\",\"description\":\"Flower delivery in Prague, Czech Republic\",\"potentialAction\":[{\"@type\":\"SearchAction\",\"target\":{\"@type\":\"EntryPoint\",\"urlTemplate\":\"https:\/\/pinkpetals.cz\/?s={search_term_string}\"},\"query-input\":{\"@type\":\"PropertyValueSpecification\",\"valueRequired\":true,\"valueName\":\"search_term_string\"}}],\"inLanguage\":\"cs\"}]}<\/script>\n<!-- \/ Yoast SEO plugin. -->","yoast_head_json":{"title":"Pink Petals - Flower delivery in Prague, Czech Republic","description":"Rozvoz kv\u011btin v Praze. D\u00e1rkov\u00e9 kytice, kv\u011btiny v krabic\u00edch, kv\u011btinov\u00e9 ko\u0161e. Dod\u00e1n\u00ed do libovoln\u00e9 adresy v Praze","robots":{"index":"index","follow":"follow","max-snippet":"max-snippet:-1","max-image-preview":"max-image-preview:large","max-video-preview":"max-video-preview:-1"},"canonical":"https:\/\/pinkpetals.cz\/cs\/","og_locale":"cs_CZ","og_type":"article","og_title":"Pink Petals - Flower delivery in Prague, Czech Republic","og_description":"Rozvoz kv\u011btin v Praze. D\u00e1rkov\u00e9 kytice, kv\u011btiny v krabic\u00edch, kv\u011btinov\u00e9 ko\u0161e. Dod\u00e1n\u00ed do libovoln\u00e9 adresy v Praze","og_url":"https:\/\/pinkpetals.cz\/cs\/","og_site_name":"Pink Petals","article_modified_time":"2020-10-13T21:38:34+00:00","og_image":[{"url":"https:\/\/www.pinkpetals.cz\/wp-content\/uploads\/elementor\/thumbs\/pink-petals-shop-logo-nyto3n2zw6nzeobp5h1qa4xzajhn8wjww005kjcjcw.png","type":"","width":"","height":""}],"twitter_card":"summary_large_image","schema":{"@context":"https:\/\/schema.org","@graph":[{"@type":"WebPage","@id":"https:\/\/pinkpetals.cz\/cs\/","url":"https:\/\/pinkpetals.cz\/cs\/","name":"Pink Petals - Flower delivery in Prague, Czech Republic","isPartOf":{"@id":"https:\/\/pinkpetals.cz\/#website"},"primaryImageOfPage":{"@id":"https:\/\/pinkpetals.cz\/cs\/#primaryimage"},"image":{"@id":"https:\/\/pinkpetals.cz\/cs\/#primaryimage"},"thumbnailUrl":"https:\/\/www.pinkpetals.cz\/wp-content\/uploads\/elementor\/thumbs\/pink-petals-shop-logo-nyto3n2zw6nzeobp5h1qa4xzajhn8wjww005kjcjcw.png","datePublished":"2017-12-17T06:31:19+00:00","dateModified":"2020-10-13T21:38:34+00:00","description":"Rozvoz kv\u011btin v Praze. D\u00e1rkov\u00e9 kytice, kv\u011btiny v krabic\u00edch, kv\u011btinov\u00e9 ko\u0161e. Dod\u00e1n\u00ed do libovoln\u00e9 adresy v Praze","breadcrumb":{"@id":"https:\/\/pinkpetals.cz\/cs\/#breadcrumb"},"inLanguage":"cs","potentialAction":[{"@type":"ReadAction","target":["https:\/\/pinkpetals.cz\/cs\/"]}]},{"@type":"ImageObject","inLanguage":"cs","@id":"https:\/\/pinkpetals.cz\/cs\/#primaryimage","url":"https:\/\/www.pinkpetals.cz\/wp-content\/uploads\/elementor\/thumbs\/pink-petals-shop-logo-nyto3n2zw6nzeobp5h1qa4xzajhn8wjww005kjcjcw.png","contentUrl":"https:\/\/www.pinkpetals.cz\/wp-content\/uploads\/elementor\/thumbs\/pink-petals-shop-logo-nyto3n2zw6nzeobp5h1qa4xzajhn8wjww005kjcjcw.png"},{"@type":"BreadcrumbList","@id":"https:\/\/pinkpetals.cz\/cs\/#breadcrumb","itemListElement":[{"@type":"ListItem","position":1,"name":"Home","item":"https:\/\/pinkpetals.cz\/cs\/"},{"@type":"ListItem","position":2,"name":"Dom\u016f"}]},{"@type":"WebSite","@id":"https:\/\/pinkpetals.cz\/#website","url":"https:\/\/pinkpetals.cz\/","name":"Pink Petals","description":"Flower delivery in Prague, Czech Republic","potentialAction":[{"@type":"SearchAction","target":{"@type":"EntryPoint","urlTemplate":"https:\/\/pinkpetals.cz\/?s={search_term_string}"},"query-input":{"@type":"PropertyValueSpecification","valueRequired":true,"valueName":"search_term_string"}}],"inLanguage":"cs"}]}},"_links":{"self":[{"href":"https:\/\/pinkpetals.cz\/cs\/wp-json\/wp\/v2\/pages\/2217","targetHints":{"allow":["GET"]}}],"collection":[{"href":"https:\/\/pinkpetals.cz\/cs\/wp-json\/wp\/v2\/pages"}],"about":[{"href":"https:\/\/pinkpetals.cz\/cs\/wp-json\/wp\/v2\/types\/page"}],"author":[{"embeddable":true,"href":"https:\/\/pinkpetals.cz\/cs\/wp-json\/wp\/v2\/users\/1"}],"replies":[{"embeddable":true,"href":"https:\/\/pinkpetals.cz\/cs\/wp-json\/wp\/v2\/comments?post=2217"}],"version-history":[{"count":0,"href":"https:\/\/pinkpetals.cz\/cs\/wp-json\/wp\/v2\/pages\/2217\/revisions"}],"wp:attachment":[{"href":"https:\/\/pinkpetals.cz\/cs\/wp-json\/wp\/v2\/media?parent=2217"}],"curies":[{"name":"wp","href":"https:\/\/api.w.org\/{rel}","templated":true}]}}