{"id":2114,"date":"2017-12-17T10:02:10","date_gmt":"2017-12-17T10:02:10","guid":{"rendered":"https:\/\/www.pinkpetals.cz\/kosik\/"},"modified":"2021-02-11T22:17:28","modified_gmt":"2021-02-11T22:17:28","slug":"kosik","status":"publish","type":"page","link":"https:\/\/pinkpetals.cz\/cs\/kosik\/","title":{"rendered":"Ko\u0161\u00edk"},"content":{"rendered":"<h1>V\u00e1\u0161 ko\u0161\u00edk<\/h1>\n<p>\t\t<br \/>\n\t\t\tNa t\u00e9to str\u00e1nce m\u016f\u017eete p\u0159idat:<br \/>\n\t\t\t<a href=\"#Balonky\" role=\"button\"><br \/>\n\t\t\t\t\t\tBal\u00f3nky<br \/>\n\t\t\t\t\t<\/a><br \/>\n\t\t\t<a href=\"#Vina\" role=\"button\"><br \/>\n\t\t\t\t\t\tV\u00edna<br \/>\n\t\t\t\t\t<\/a><br \/>\n\t\t\t<a href=\"#Plysaci\" role=\"button\"><br \/>\n\t\t\t\t\t\tPly\u0161\u00e1ci<br \/>\n\t\t\t\t\t<\/a><br \/>\n\t\t\t<a href=\"#Bonbony\" role=\"button\"><br \/>\n\t\t\t\t\t\tBonb\u00f3ny<br \/>\n\t\t\t\t\t<\/a><br \/>\n\t\t\t<a href=\"#Vazy\" role=\"button\"><br \/>\n\t\t\t\t\t\tV\u00e1zy<br \/>\n\t\t\t\t\t<\/a><\/p>\n<p>Kv\u011btiny doru\u010dujeme ka\u017ed\u00fd den po Praze (PS\u010c 1xx xx) a okol\u00ed (\u010cerven\u00fd \u00dajezd, Dobrov\u00edz, Drahel\u010dice, Horom\u011b\u0159ice, Hostivice, Ch\u00fdn\u011b, Jene\u010d, Jino\u010dany, Nu\u010dice, Oko\u0159, O\u0159ech, Pr\u016fhonice, Ptice, Roztoky, Rudn\u00e1, Statenice, St\u0159edokluky, Tuchom\u011b\u0159ice, \u00daholi\u010dky, \u00dahonice, \u00dan\u011btice, Velk\u00e9 P\u0159\u00edlepy a dal\u0161\u00ed m\u011bsta \u2013 volejte pro info). Pokud nezn\u00e1te PS\u010c, uve\u010fte pros\u00edm 11111.<\/p>\n<h2>Bal\u00f3nky<\/h2>\n<p>\t\t\t<a href=\"#Kosik\" role=\"button\"><br \/>\n\t\t\t\t\t\tZp\u011bt do seznamu ko\u0161\u00edku<br \/>\n\t\t\t\t\t<\/a><\/p>\n<h2>V\u00edna<\/h2>\n<p>\t\t\t<a href=\"#Kosik\" role=\"button\"><br \/>\n\t\t\t\t\t\tZp\u011bt do seznamu ko\u0161\u00edku<br \/>\n\t\t\t\t\t<\/a><\/p>\n<h2>Ply\u0161\u00e1ci<\/h2>\n<p>\t\t\t<a href=\"#Kosik\" role=\"button\"><br \/>\n\t\t\t\t\t\tZp\u011bt do seznamu ko\u0161\u00edku<br \/>\n\t\t\t\t\t<\/a><\/p>\n<h2>Bonb\u00f3ny<\/h2>\n<p>\t\t\t<a href=\"#Kosik\" role=\"button\"><br \/>\n\t\t\t\t\t\tZp\u011bt do seznamu ko\u0161\u00edku<br \/>\n\t\t\t\t\t<\/a><\/p>\n<h2>V\u00e1zy<\/h2>\n<p>\t\t\t<a href=\"#Kosik\" role=\"button\"><br \/>\n\t\t\t\t\t\tZp\u011bt do seznamu ko\u0161\u00edku<br \/>\n\t\t\t\t\t<\/a><\/p>\n","protected":false},"excerpt":{"rendered":"<p>V\u00e1\u0161 ko\u0161\u00edk Na t\u00e9to str\u00e1nce m\u016f\u017eete p\u0159idat: Bal\u00f3nky V\u00edna Ply\u0161\u00e1ci Bonb\u00f3ny V\u00e1zy Kv\u011btiny doru\u010dujeme ka\u017ed\u00fd den po Praze (PS\u010c 1xx xx) a okol\u00ed (\u010cerven\u00fd \u00dajezd, Dobrov\u00edz, Drahel\u010dice, Horom\u011b\u0159ice, Hostivice, Ch\u00fdn\u011b, Jene\u010d, Jino\u010dany, Nu\u010dice, Oko\u0159, O\u0159ech, Pr\u016fhonice, Ptice, Roztoky, Rudn\u00e1, Statenice, St\u0159edokluky, Tuchom\u011b\u0159ice, \u00daholi\u010dky, \u00dahonice, \u00dan\u011btice, Velk\u00e9 P\u0159\u00edlepy a dal\u0161\u00ed m\u011bsta \u2013 volejte pro info). Pokud [&hellip;]<\/p>\n","protected":false},"author":1,"featured_media":0,"parent":0,"menu_order":0,"comment_status":"closed","ping_status":"closed","template":"","meta":{"footnotes":""},"class_list":["post-2114","page","type-page","status-publish","hentry"],"yoast_head":"<!-- This site is optimized with the Yoast SEO plugin v25.2 - https:\/\/yoast.com\/wordpress\/plugins\/seo\/ -->\n<title>Ko\u0161\u00edk - Pink Petals<\/title>\n<meta name=\"robots\" content=\"index, follow, max-snippet:-1, max-image-preview:large, max-video-preview:-1\" \/>\n<link rel=\"canonical\" href=\"https:\/\/pinkpetals.cz\/cart\/\" \/>\n<meta property=\"og:locale\" content=\"cs_CZ\" \/>\n<meta property=\"og:type\" content=\"article\" \/>\n<meta property=\"og:title\" content=\"Ko\u0161\u00edk - Pink Petals\" \/>\n<meta property=\"og:description\" content=\"V\u00e1\u0161 ko\u0161\u00edk Na t\u00e9to str\u00e1nce m\u016f\u017eete p\u0159idat: Bal\u00f3nky V\u00edna Ply\u0161\u00e1ci Bonb\u00f3ny V\u00e1zy Kv\u011btiny doru\u010dujeme ka\u017ed\u00fd den po Praze (PS\u010c 1xx xx) a okol\u00ed (\u010cerven\u00fd \u00dajezd, Dobrov\u00edz, Drahel\u010dice, Horom\u011b\u0159ice, Hostivice, Ch\u00fdn\u011b, Jene\u010d, Jino\u010dany, Nu\u010dice, Oko\u0159, O\u0159ech, Pr\u016fhonice, Ptice, Roztoky, Rudn\u00e1, Statenice, St\u0159edokluky, Tuchom\u011b\u0159ice, \u00daholi\u010dky, \u00dahonice, \u00dan\u011btice, Velk\u00e9 P\u0159\u00edlepy a dal\u0161\u00ed m\u011bsta \u2013 volejte pro info). Pokud [&hellip;]\" \/>\n<meta property=\"og:url\" content=\"https:\/\/pinkpetals.cz\/cart\/\" \/>\n<meta property=\"og:site_name\" content=\"Pink Petals\" \/>\n<meta property=\"article:modified_time\" content=\"2021-02-11T22:17:28+00:00\" \/>\n<meta name=\"twitter:card\" content=\"summary_large_image\" \/>\n<meta name=\"twitter:label1\" content=\"Odhadovan\u00e1 doba \u010dten\u00ed\" \/>\n\t<meta name=\"twitter:data1\" content=\"1 minuta\" \/>\n<script type=\"application\/ld+json\" class=\"yoast-schema-graph\">{\"@context\":\"https:\/\/schema.org\",\"@graph\":[{\"@type\":\"WebPage\",\"@id\":\"https:\/\/pinkpetals.cz\/cart\/\",\"url\":\"https:\/\/pinkpetals.cz\/cart\/\",\"name\":\"Ko\u0161\u00edk - Pink Petals\",\"isPartOf\":{\"@id\":\"https:\/\/pinkpetals.cz\/#website\"},\"datePublished\":\"2017-12-17T10:02:10+00:00\",\"dateModified\":\"2021-02-11T22:17:28+00:00\",\"breadcrumb\":{\"@id\":\"https:\/\/pinkpetals.cz\/cart\/#breadcrumb\"},\"inLanguage\":\"cs\",\"potentialAction\":[{\"@type\":\"ReadAction\",\"target\":[\"https:\/\/pinkpetals.cz\/cart\/\"]}]},{\"@type\":\"BreadcrumbList\",\"@id\":\"https:\/\/pinkpetals.cz\/cart\/#breadcrumb\",\"itemListElement\":[{\"@type\":\"ListItem\",\"position\":1,\"name\":\"Home\",\"item\":\"https:\/\/pinkpetals.cz\/cs\/\"},{\"@type\":\"ListItem\",\"position\":2,\"name\":\"Ko\u0161\u00edk\"}]},{\"@type\":\"WebSite\",\"@id\":\"https:\/\/pinkpetals.cz\/#website\",\"url\":\"https:\/\/pinkpetals.cz\/\",\"name\":\"Pink Petals\",\"description\":\"Flower delivery in Prague, Czech Republic\",\"potentialAction\":[{\"@type\":\"SearchAction\",\"target\":{\"@type\":\"EntryPoint\",\"urlTemplate\":\"https:\/\/pinkpetals.cz\/?s={search_term_string}\"},\"query-input\":{\"@type\":\"PropertyValueSpecification\",\"valueRequired\":true,\"valueName\":\"search_term_string\"}}],\"inLanguage\":\"cs\"}]}<\/script>\n<!-- \/ Yoast SEO plugin. -->","yoast_head_json":{"title":"Ko\u0161\u00edk - Pink Petals","robots":{"index":"index","follow":"follow","max-snippet":"max-snippet:-1","max-image-preview":"max-image-preview:large","max-video-preview":"max-video-preview:-1"},"canonical":"https:\/\/pinkpetals.cz\/cart\/","og_locale":"cs_CZ","og_type":"article","og_title":"Ko\u0161\u00edk - Pink Petals","og_description":"V\u00e1\u0161 ko\u0161\u00edk Na t\u00e9to str\u00e1nce m\u016f\u017eete p\u0159idat: Bal\u00f3nky V\u00edna Ply\u0161\u00e1ci Bonb\u00f3ny V\u00e1zy Kv\u011btiny doru\u010dujeme ka\u017ed\u00fd den po Praze (PS\u010c 1xx xx) a okol\u00ed (\u010cerven\u00fd \u00dajezd, Dobrov\u00edz, Drahel\u010dice, Horom\u011b\u0159ice, Hostivice, Ch\u00fdn\u011b, Jene\u010d, Jino\u010dany, Nu\u010dice, Oko\u0159, O\u0159ech, Pr\u016fhonice, Ptice, Roztoky, Rudn\u00e1, Statenice, St\u0159edokluky, Tuchom\u011b\u0159ice, \u00daholi\u010dky, \u00dahonice, \u00dan\u011btice, Velk\u00e9 P\u0159\u00edlepy a dal\u0161\u00ed m\u011bsta \u2013 volejte pro info). Pokud [&hellip;]","og_url":"https:\/\/pinkpetals.cz\/cart\/","og_site_name":"Pink Petals","article_modified_time":"2021-02-11T22:17:28+00:00","twitter_card":"summary_large_image","twitter_misc":{"Odhadovan\u00e1 doba \u010dten\u00ed":"1 minuta"},"schema":{"@context":"https:\/\/schema.org","@graph":[{"@type":"WebPage","@id":"https:\/\/pinkpetals.cz\/cart\/","url":"https:\/\/pinkpetals.cz\/cart\/","name":"Ko\u0161\u00edk - Pink Petals","isPartOf":{"@id":"https:\/\/pinkpetals.cz\/#website"},"datePublished":"2017-12-17T10:02:10+00:00","dateModified":"2021-02-11T22:17:28+00:00","breadcrumb":{"@id":"https:\/\/pinkpetals.cz\/cart\/#breadcrumb"},"inLanguage":"cs","potentialAction":[{"@type":"ReadAction","target":["https:\/\/pinkpetals.cz\/cart\/"]}]},{"@type":"BreadcrumbList","@id":"https:\/\/pinkpetals.cz\/cart\/#breadcrumb","itemListElement":[{"@type":"ListItem","position":1,"name":"Home","item":"https:\/\/pinkpetals.cz\/cs\/"},{"@type":"ListItem","position":2,"name":"Ko\u0161\u00edk"}]},{"@type":"WebSite","@id":"https:\/\/pinkpetals.cz\/#website","url":"https:\/\/pinkpetals.cz\/","name":"Pink Petals","description":"Flower delivery in Prague, Czech Republic","potentialAction":[{"@type":"SearchAction","target":{"@type":"EntryPoint","urlTemplate":"https:\/\/pinkpetals.cz\/?s={search_term_string}"},"query-input":{"@type":"PropertyValueSpecification","valueRequired":true,"valueName":"search_term_string"}}],"inLanguage":"cs"}]}},"_links":{"self":[{"href":"https:\/\/pinkpetals.cz\/cs\/wp-json\/wp\/v2\/pages\/2114","targetHints":{"allow":["GET"]}}],"collection":[{"href":"https:\/\/pinkpetals.cz\/cs\/wp-json\/wp\/v2\/pages"}],"about":[{"href":"https:\/\/pinkpetals.cz\/cs\/wp-json\/wp\/v2\/types\/page"}],"author":[{"embeddable":true,"href":"https:\/\/pinkpetals.cz\/cs\/wp-json\/wp\/v2\/users\/1"}],"replies":[{"embeddable":true,"href":"https:\/\/pinkpetals.cz\/cs\/wp-json\/wp\/v2\/comments?post=2114"}],"version-history":[{"count":0,"href":"https:\/\/pinkpetals.cz\/cs\/wp-json\/wp\/v2\/pages\/2114\/revisions"}],"wp:attachment":[{"href":"https:\/\/pinkpetals.cz\/cs\/wp-json\/wp\/v2\/media?parent=2114"}],"curies":[{"name":"wp","href":"https:\/\/api.w.org\/{rel}","templated":true}]}}